{"id":88,"date":"2022-11-12T05:03:45","date_gmt":"2022-11-11T22:03:45","guid":{"rendered":"https:\/\/sanmiraspa.com\/?post_type=product&#038;p=88"},"modified":"2023-09-06T17:01:44","modified_gmt":"2023-09-06T10:01:44","slug":"thu-gian-toan-than-voi-da-nong","status":"publish","type":"product","link":"https:\/\/sanmiraspa.com\/en\/thu-gian-toan-than-voi-da-nong\/","title":{"rendered":"Body massage with hot stones"},"content":{"rendered":"<p id=\"tw-target-text\" class=\"tw-data-text tw-text-large tw-ta\" dir=\"ltr\" data-placeholder=\"B\u1ea3n d\u1ecbch\"><span class=\"Y2IQFc\" lang=\"en\" style=\"font-family: 'times new roman', times, serif;\">In the midst of so many worries of life, everyone is prone to stress and nervous tension. At times like these, pamper yourself a little, spend time with <strong>San Mira<\/strong> for a hot stone body massage with <span style=\"color: #ff0000;\">20% off<\/span> when you go to an individual session and <span style=\"color: #ff0000;\">35% off<\/span> when you buy a treatment card! Everything! Your stress, fatigue will disappear.<\/span><\/p>\n<p dir=\"ltr\" data-placeholder=\"B\u1ea3n d\u1ecbch\"><img decoding=\"async\" loading=\"lazy\" class=\"wp-image-1178 aligncenter\" src=\"https:\/\/sanmiraspa.com\/en\/wp-content\/uploads\/2023\/03\/retouch_2022090519465566-1024x683.jpg\" alt=\"\" width=\"719\" height=\"480\" srcset=\"https:\/\/sanmiraspa.com\/en\/wp-content\/uploads\/2023\/03\/retouch_2022090519465566-1024x683.jpg 1024w, https:\/\/sanmiraspa.com\/en\/wp-content\/uploads\/2023\/03\/retouch_2022090519465566-300x200.jpg 300w, https:\/\/sanmiraspa.com\/en\/wp-content\/uploads\/2023\/03\/retouch_2022090519465566-768x512.jpg 768w, https:\/\/sanmiraspa.com\/en\/wp-content\/uploads\/2023\/03\/retouch_2022090519465566-1536x1024.jpg 1536w, https:\/\/sanmiraspa.com\/en\/wp-content\/uploads\/2023\/03\/retouch_2022090519465566-2048x1365.jpg 2048w, https:\/\/sanmiraspa.com\/en\/wp-content\/uploads\/2023\/03\/retouch_2022090519465566-600x400.jpg 600w\" sizes=\"(max-width: 719px) 100vw, 719px\" \/><\/p>\n<p id=\"tw-target-text\" class=\"tw-data-text tw-text-large tw-ta\" dir=\"ltr\" data-placeholder=\"B\u1ea3n d\u1ecbch\"><span style=\"color: #00aae7;\"><em><strong><span class=\"Y2IQFc\" lang=\"en\" style=\"font-size: 150%; font-family: 'times new roman', times, serif;\">Benefits of Hot Stone Massage:<\/span><\/strong><\/em><\/span><\/p>\n<ul>\n<li id=\"tw-target-text\" class=\"tw-data-text tw-text-large tw-ta\" dir=\"ltr\" data-placeholder=\"B\u1ea3n d\u1ecbch\"><span class=\"Y2IQFc\" lang=\"en\" style=\"font-family: 'times new roman', times, serif;\">Reduce symptoms of insomnia <\/span><\/li>\n<li class=\"tw-data-text tw-text-large tw-ta\" dir=\"ltr\" data-placeholder=\"B\u1ea3n d\u1ecbch\"><span class=\"Y2IQFc\" lang=\"en\" style=\"font-family: 'times new roman', times, serif;\">Psychological balance, reduce fatigue <\/span><\/li>\n<li class=\"tw-data-text tw-text-large tw-ta\" dir=\"ltr\" data-placeholder=\"B\u1ea3n d\u1ecbch\"><span class=\"Y2IQFc\" lang=\"en\" style=\"font-family: 'times new roman', times, serif;\">Blood circulation <\/span><\/li>\n<li class=\"tw-data-text tw-text-large tw-ta\" dir=\"ltr\" data-placeholder=\"B\u1ea3n d\u1ecbch\"><span class=\"Y2IQFc\" lang=\"en\" style=\"font-family: 'times new roman', times, serif;\">Relieve musculoskeletal pain <\/span><\/li>\n<li class=\"tw-data-text tw-text-large tw-ta\" dir=\"ltr\" data-placeholder=\"B\u1ea3n d\u1ecbch\"><span class=\"Y2IQFc\" lang=\"en\" style=\"font-family: 'times new roman', times, serif;\">Therapeutic use and skin improvement: Especially for women, the use of hot stones in body massage also helps to make the skin smoother and brighter. Thanks to the hot temperature of the stone, it will dissolve excess fat tissue and safely excreted through sweat, so it also has the effect of losing weight and regaining a slim waist for women.<\/span><\/li>\n<\/ul>\n<p><img decoding=\"async\" loading=\"lazy\" class=\"wp-image-1246 aligncenter\" src=\"https:\/\/sanmiraspa.com\/en\/wp-content\/uploads\/2022\/11\/z3744092391159_77f341ae884a4f1543b8764e9a17a2e3-1024x767.jpg\" alt=\"\" width=\"720\" height=\"539\" srcset=\"https:\/\/sanmiraspa.com\/en\/wp-content\/uploads\/2022\/11\/z3744092391159_77f341ae884a4f1543b8764e9a17a2e3-1024x767.jpg 1024w, https:\/\/sanmiraspa.com\/en\/wp-content\/uploads\/2022\/11\/z3744092391159_77f341ae884a4f1543b8764e9a17a2e3-300x225.jpg 300w, https:\/\/sanmiraspa.com\/en\/wp-content\/uploads\/2022\/11\/z3744092391159_77f341ae884a4f1543b8764e9a17a2e3-768x575.jpg 768w, https:\/\/sanmiraspa.com\/en\/wp-content\/uploads\/2022\/11\/z3744092391159_77f341ae884a4f1543b8764e9a17a2e3-1536x1151.jpg 1536w, https:\/\/sanmiraspa.com\/en\/wp-content\/uploads\/2022\/11\/z3744092391159_77f341ae884a4f1543b8764e9a17a2e3-2048x1534.jpg 2048w, https:\/\/sanmiraspa.com\/en\/wp-content\/uploads\/2022\/11\/z3744092391159_77f341ae884a4f1543b8764e9a17a2e3-600x450.jpg 600w\" sizes=\"(max-width: 720px) 100vw, 720px\" \/><\/p>\n<p id=\"tw-target-text\" class=\"tw-data-text tw-text-large tw-ta\" dir=\"ltr\" data-placeholder=\"B\u1ea3n d\u1ecbch\"><span class=\"Y2IQFc\" lang=\"en\" style=\"font-family: 'times new roman', times, serif;\">When combining hot stone massage with some therapeutic essential oils, the energy from the stone will be maximized, helping to prevent and support the treatment of a number of common diseases such as spinal degeneration, nephritis, osteomyelitis. joint, depression Not only that, this treatment also helps to reduce pain significantly, especially in internal wounds in both physical and mental. It can be said that the use of hot stone massage is no different from physical therapy methods<\/span><\/p>\n<p id=\"tw-target-text\" class=\"tw-data-text tw-text-large tw-ta\" dir=\"ltr\" data-placeholder=\"B\u1ea3n d\u1ecbch\"><span style=\"color: #50b848;\"><strong><span class=\"Y2IQFc\" lang=\"en\" style=\"font-family: 'times new roman', times, serif; font-size: 110%;\">Hot Stone Body Massage at San Mira:\u00a0<a href=\"https:\/\/www.youtube.com\/watch?v=Eh-B1QU0Xfs\">https:\/\/www.youtube.com\/watch?v=Eh-B1QU0Xfs<\/a><\/span><\/strong><\/span><\/p>\n<p id=\"tw-target-text\" class=\"tw-data-text tw-text-large tw-ta\" dir=\"ltr\" data-placeholder=\"B\u1ea3n d\u1ecbch\"><span style=\"color: #00aae7;\"><em><strong><span class=\"Y2IQFc\" lang=\"en\" style=\"font-family: 'times new roman', times, serif; font-size: 150%;\">10-step process of hot stone body massage:<\/span><\/strong><\/em><\/span><\/p>\n<p id=\"tw-target-text\" class=\"tw-data-text tw-text-large tw-ta\" dir=\"ltr\" data-placeholder=\"B\u1ea3n d\u1ecbch\"><span class=\"Y2IQFc\" lang=\"en\" style=\"font-family: 'times new roman', times, serif;\">+ Step 1: Herbal foot soak<\/span><\/p>\n<p class=\"tw-data-text tw-text-large tw-ta\" dir=\"ltr\" data-placeholder=\"B\u1ea3n d\u1ecbch\"><span class=\"Y2IQFc\" lang=\"en\" style=\"font-family: 'times new roman', times, serif;\"><span style=\"color: #ff0000;\">When lying face down<\/span> <\/span><\/p>\n<p class=\"tw-data-text tw-text-large tw-ta\" dir=\"ltr\" data-placeholder=\"B\u1ea3n d\u1ecbch\"><span class=\"Y2IQFc\" lang=\"en\" style=\"font-family: 'times new roman', times, serif;\">+ Step 2: Relax the whole body by acupressure from the soles of the feet, the waist up to the back, shoulders and head area. <\/span><\/p>\n<p class=\"tw-data-text tw-text-large tw-ta\" dir=\"ltr\" data-placeholder=\"B\u1ea3n d\u1ecbch\"><span class=\"Y2IQFc\" lang=\"en\" style=\"font-family: 'times new roman', times, serif;\">+ Step 3: Massage with essential oils combined with hot stones to soothe the painful area and reduce blood vessel congestion. <\/span><\/p>\n<p class=\"tw-data-text tw-text-large tw-ta\" dir=\"ltr\" data-placeholder=\"B\u1ea3n d\u1ecbch\"><span class=\"Y2IQFc\" lang=\"en\" style=\"font-family: 'times new roman', times, serif;\">+ Step 4: Focus on acupressure on shoulders, neck and waist to help blood circulation to reduce inflammation and pain <\/span><\/p>\n<p class=\"tw-data-text tw-text-large tw-ta\" dir=\"ltr\" data-placeholder=\"B\u1ea3n d\u1ecbch\"><span class=\"Y2IQFc\" lang=\"en\" style=\"font-family: 'times new roman', times, serif;\">+ Step 5: Massage combined with acupressure points in the legs and soles of the feet with hot stone to reduce the symptoms of numbness in the legs.<\/span><\/p>\n<p class=\"tw-data-text tw-text-large tw-ta\" dir=\"ltr\" data-placeholder=\"B\u1ea3n d\u1ecbch\"><span class=\"Y2IQFc\" lang=\"en\" style=\"font-family: 'times new roman', times, serif;\"><span style=\"color: #ff0000;\">When lying on your back<\/span> <\/span><\/p>\n<p class=\"tw-data-text tw-text-large tw-ta\" dir=\"ltr\" data-placeholder=\"B\u1ea3n d\u1ecbch\"><span class=\"Y2IQFc\" lang=\"en\" style=\"font-family: 'times new roman', times, serif;\">+ Step 6: Massage the feet and focus on pressing the soles of the feet to better eliminate toxins in the body. <\/span><\/p>\n<p class=\"tw-data-text tw-text-large tw-ta\" dir=\"ltr\" data-placeholder=\"B\u1ea3n d\u1ecbch\"><span class=\"Y2IQFc\" lang=\"en\" style=\"font-family: 'times new roman', times, serif;\">+ Step 7: Hand massage combined with acupressure in the palm of the hand helps to strengthen the heart and eyes <\/span><\/p>\n<p class=\"tw-data-text tw-text-large tw-ta\" dir=\"ltr\" data-placeholder=\"B\u1ea3n d\u1ecbch\"><span class=\"Y2IQFc\" lang=\"en\" style=\"font-family: 'times new roman', times, serif;\">+ Step 8: Press the acupuncture points around the chest area, combining shoulders, neck, and nape to help relax more deeply. <\/span><\/p>\n<p class=\"tw-data-text tw-text-large tw-ta\" dir=\"ltr\" data-placeholder=\"B\u1ea3n d\u1ecbch\"><span class=\"Y2IQFc\" lang=\"en\" style=\"font-family: 'times new roman', times, serif;\">+ Step 9: Day presses acupuncture points in the face and head to relieve stress and stress after a long working day. <\/span><\/p>\n<p class=\"tw-data-text tw-text-large tw-ta\" dir=\"ltr\" data-placeholder=\"B\u1ea3n d\u1ecbch\"><span class=\"Y2IQFc\" lang=\"en\" style=\"font-family: 'times new roman', times, serif;\">+ Step 10: Wipe the body with a warm towel, help the guest up, massage the shoulder, neck, waist and finish.<\/span><\/p>\n<p dir=\"ltr\" data-placeholder=\"B\u1ea3n d\u1ecbch\"><img decoding=\"async\" loading=\"lazy\" class=\"size-full wp-image-1118 aligncenter\" src=\"https:\/\/sanmiraspa.com\/en\/wp-content\/uploads\/2023\/02\/z4111466726869_1cd460c6622ea61ffc6a24aa98c31fc5.jpg\" alt=\"\" width=\"714\" height=\"676\" srcset=\"https:\/\/sanmiraspa.com\/en\/wp-content\/uploads\/2023\/02\/z4111466726869_1cd460c6622ea61ffc6a24aa98c31fc5.jpg 714w, https:\/\/sanmiraspa.com\/en\/wp-content\/uploads\/2023\/02\/z4111466726869_1cd460c6622ea61ffc6a24aa98c31fc5-300x284.jpg 300w, https:\/\/sanmiraspa.com\/en\/wp-content\/uploads\/2023\/02\/z4111466726869_1cd460c6622ea61ffc6a24aa98c31fc5-600x568.jpg 600w\" sizes=\"(max-width: 714px) 100vw, 714px\" \/><\/p>\n<p id=\"tw-target-text\" class=\"tw-data-text tw-text-large tw-ta\" dir=\"ltr\" data-placeholder=\"B\u1ea3n d\u1ecbch\"><em><strong><span class=\"Y2IQFc\" lang=\"en\" style=\"font-family: 'times new roman', times, serif; color: #ff0000; font-size: 140%;\">Come to San Mira today to get 20% off when going to individual sessions and 35% off when buying treatment cards!!<\/span><\/strong><\/em><\/p>\n<p dir=\"ltr\" data-placeholder=\"B\u1ea3n d\u1ecbch\"><span style=\"font-family: 'times new roman', times, serif;\">&#8212;&#8212;&#8212;&#8212;&#8212;-<\/span><br \/>\n<span style=\"font-family: 'times new roman', times, serif;\">San Mira Spa<\/span><br \/>\n<span style=\"font-family: 'times new roman', times, serif;\">No TIP<\/span><br \/>\n<span style=\"font-family: 'times new roman', times, serif;\">\u26d4Facebook:<a href=\"https:\/\/www.facebook.com\/profile.php?id=100086325980282\">https:\/\/www.facebook.com\/profile.php?id=100086325980282<\/a><\/span><br \/>\n<span style=\"font-family: 'times new roman', times, serif;\">\u26d4Instagram:\u00a0<a href=\"https:\/\/www.instagram.com\/sanmiraspa\/\">https:\/\/www.instagram.com\/sanmiraspa\/<\/a><\/span><br \/>\n<span style=\"font-family: 'times new roman', times, serif;\">Branches:<\/span><br \/>\n<span style=\"font-family: 'times new roman', times, serif;\">\ud83c\udf3a CN1: B4X3 K\u0110T M\u1ef9 \u0110\u00ecnh 1, C\u1ea7u Di\u1ec5n, Nam T\u1eeb Li\u00eam, H\u00e0 N\u1ed9i ( \u0110\u1ed1i di\u1ec7n h\u1ea7m g\u1eedi xe to\u00e0 nh\u00e0 Florencer)<\/span><br \/>\n<span style=\"font-family: 'times new roman', times, serif;\">\u260e\ufe0f Hotline\/Zalo : 0375566559<\/span><br \/>\n<span style=\"font-family: 'times new roman', times, serif;\">\ud83c\udf3a CN2: 17E L\u00f4 A10 K\u0110T Nam Trung Y\u00ean, Y\u00ean H\u00f2a, C\u1ea7u Gi\u1ea5y, H\u00e0 N\u1ed9i ( \u0110\u1ed1i di\u1ec7n s\u1ea3nh chung c\u01b0 CT2)<\/span><br \/>\n<span style=\"font-family: 'times new roman', times, serif;\">\u260e\ufe0f Hotline\/Zalo : 0976301259<\/span><\/p>\n","protected":false},"excerpt":{"rendered":"<p id=\"tw-target-text\" class=\"tw-data-text tw-text-large tw-ta\" dir=\"ltr\" data-placeholder=\"B\u1ea3n d\u1ecbch\"><span class=\"Y2IQFc\" lang=\"en\" style=\"font-family: 'times new roman', times, serif;\"><strong>Time:<\/strong> 75 minutes <\/span><\/p>\n<p class=\"tw-data-text tw-text-large tw-ta\" dir=\"ltr\" data-placeholder=\"B\u1ea3n d\u1ecbch\"><span class=\"Y2IQFc\" lang=\"en\"><span style=\"font-family: 'times new roman', times, serif;\">Do you think only people who need beauty and relaxation come to Spa for hot stone massage? In fact, this is also a gentle therapy that you can apply to common health problems such as stress, insomnia, bones and joints &#8230; Hot stone massage therapy affects the body thanks to the temperature difference located at the acupuncture points and muscles to help circulate blood to the body.<\/span><\/span><\/p>\n","protected":false},"featured_media":412,"comment_status":"open","ping_status":"closed","template":"","meta":[],"product_cat":[16,23],"product_tag":[],"acf":[],"yoast_head":"<!-- This site is optimized with the Yoast SEO plugin v19.10 - https:\/\/yoast.com\/wordpress\/plugins\/seo\/ -->\n<title>Body massage with hot stones - San Mira - Be healthy every day<\/title>\n<meta name=\"robots\" content=\"index, follow, max-snippet:-1, max-image-preview:large, max-video-preview:-1\" \/>\n<link rel=\"canonical\" href=\"https:\/\/sanmiraspa.com\/en\/thu-gian-toan-than-voi-da-nong\/\" \/>\n<meta property=\"og:locale\" content=\"en_US\" \/>\n<meta property=\"og:type\" content=\"article\" \/>\n<meta property=\"og:title\" content=\"Body massage with hot stones - San Mira - Be healthy every day\" \/>\n<meta property=\"og:description\" content=\"Time: 75 minutes  Do you think only people who need beauty and relaxation come to Spa for hot stone massage? In fact, this is also a gentle therapy that you can apply to common health problems such as stress, insomnia, bones and joints ... Hot stone massage therapy affects the body thanks to the temperature difference located at the acupuncture points and muscles to help circulate blood to the body.\" \/>\n<meta property=\"og:url\" content=\"https:\/\/sanmiraspa.com\/en\/thu-gian-toan-than-voi-da-nong\/\" \/>\n<meta property=\"og:site_name\" content=\"San Mira - Be healthy every day\" \/>\n<meta property=\"article:modified_time\" content=\"2023-09-06T10:01:44+00:00\" \/>\n<meta property=\"og:image\" content=\"https:\/\/sanmiraspa.com\/en\/wp-content\/uploads\/2022\/11\/th.jpg\" \/>\n\t<meta property=\"og:image:width\" content=\"474\" \/>\n\t<meta property=\"og:image:height\" content=\"474\" \/>\n\t<meta property=\"og:image:type\" content=\"image\/jpeg\" \/>\n<meta name=\"twitter:card\" content=\"summary_large_image\" \/>\n<meta name=\"twitter:label1\" content=\"Est. reading time\" \/>\n\t<meta name=\"twitter:data1\" content=\"3 minutes\" \/>\n<script type=\"application\/ld+json\" class=\"yoast-schema-graph\">{\"@context\":\"https:\/\/schema.org\",\"@graph\":[{\"@type\":\"WebPage\",\"@id\":\"https:\/\/sanmiraspa.com\/en\/thu-gian-toan-than-voi-da-nong\/\",\"url\":\"https:\/\/sanmiraspa.com\/en\/thu-gian-toan-than-voi-da-nong\/\",\"name\":\"Body massage with hot stones - San Mira - Be healthy every day\",\"isPartOf\":{\"@id\":\"https:\/\/sanmiraspa.com\/en\/#website\"},\"datePublished\":\"2022-11-11T22:03:45+00:00\",\"dateModified\":\"2023-09-06T10:01:44+00:00\",\"breadcrumb\":{\"@id\":\"https:\/\/sanmiraspa.com\/en\/thu-gian-toan-than-voi-da-nong\/#breadcrumb\"},\"inLanguage\":\"en-US\",\"potentialAction\":[{\"@type\":\"ReadAction\",\"target\":[\"https:\/\/sanmiraspa.com\/en\/thu-gian-toan-than-voi-da-nong\/\"]}]},{\"@type\":\"BreadcrumbList\",\"@id\":\"https:\/\/sanmiraspa.com\/en\/thu-gian-toan-than-voi-da-nong\/#breadcrumb\",\"itemListElement\":[{\"@type\":\"ListItem\",\"position\":1,\"name\":\"Home\",\"item\":\"https:\/\/sanmiraspa.com\/en\/\"},{\"@type\":\"ListItem\",\"position\":2,\"name\":\"Shop\",\"item\":\"https:\/\/sanmiraspa.com\/en\/shop\/\"},{\"@type\":\"ListItem\",\"position\":3,\"name\":\"Body massage with hot stones\"}]},{\"@type\":\"WebSite\",\"@id\":\"https:\/\/sanmiraspa.com\/en\/#website\",\"url\":\"https:\/\/sanmiraspa.com\/en\/\",\"name\":\"San Mira - Be healthy every day\",\"description\":\"Be healthy every day\",\"potentialAction\":[{\"@type\":\"SearchAction\",\"target\":{\"@type\":\"EntryPoint\",\"urlTemplate\":\"https:\/\/sanmiraspa.com\/en\/?s={search_term_string}\"},\"query-input\":\"required name=search_term_string\"}],\"inLanguage\":\"en-US\"}]}<\/script>\n<!-- \/ Yoast SEO plugin. -->","yoast_head_json":{"title":"Body massage with hot stones - San Mira - Be healthy every day","robots":{"index":"index","follow":"follow","max-snippet":"max-snippet:-1","max-image-preview":"max-image-preview:large","max-video-preview":"max-video-preview:-1"},"canonical":"https:\/\/sanmiraspa.com\/en\/thu-gian-toan-than-voi-da-nong\/","og_locale":"en_US","og_type":"article","og_title":"Body massage with hot stones - San Mira - Be healthy every day","og_description":"Time: 75 minutes  Do you think only people who need beauty and relaxation come to Spa for hot stone massage? In fact, this is also a gentle therapy that you can apply to common health problems such as stress, insomnia, bones and joints ... Hot stone massage therapy affects the body thanks to the temperature difference located at the acupuncture points and muscles to help circulate blood to the body.","og_url":"https:\/\/sanmiraspa.com\/en\/thu-gian-toan-than-voi-da-nong\/","og_site_name":"San Mira - Be healthy every day","article_modified_time":"2023-09-06T10:01:44+00:00","og_image":[{"width":474,"height":474,"url":"https:\/\/sanmiraspa.com\/en\/wp-content\/uploads\/2022\/11\/th.jpg","type":"image\/jpeg"}],"twitter_card":"summary_large_image","twitter_misc":{"Est. reading time":"3 minutes"},"schema":{"@context":"https:\/\/schema.org","@graph":[{"@type":"WebPage","@id":"https:\/\/sanmiraspa.com\/en\/thu-gian-toan-than-voi-da-nong\/","url":"https:\/\/sanmiraspa.com\/en\/thu-gian-toan-than-voi-da-nong\/","name":"Body massage with hot stones - San Mira - Be healthy every day","isPartOf":{"@id":"https:\/\/sanmiraspa.com\/en\/#website"},"datePublished":"2022-11-11T22:03:45+00:00","dateModified":"2023-09-06T10:01:44+00:00","breadcrumb":{"@id":"https:\/\/sanmiraspa.com\/en\/thu-gian-toan-than-voi-da-nong\/#breadcrumb"},"inLanguage":"en-US","potentialAction":[{"@type":"ReadAction","target":["https:\/\/sanmiraspa.com\/en\/thu-gian-toan-than-voi-da-nong\/"]}]},{"@type":"BreadcrumbList","@id":"https:\/\/sanmiraspa.com\/en\/thu-gian-toan-than-voi-da-nong\/#breadcrumb","itemListElement":[{"@type":"ListItem","position":1,"name":"Home","item":"https:\/\/sanmiraspa.com\/en\/"},{"@type":"ListItem","position":2,"name":"Shop","item":"https:\/\/sanmiraspa.com\/en\/shop\/"},{"@type":"ListItem","position":3,"name":"Body massage with hot stones"}]},{"@type":"WebSite","@id":"https:\/\/sanmiraspa.com\/en\/#website","url":"https:\/\/sanmiraspa.com\/en\/","name":"San Mira - Be healthy every day","description":"Be healthy every day","potentialAction":[{"@type":"SearchAction","target":{"@type":"EntryPoint","urlTemplate":"https:\/\/sanmiraspa.com\/en\/?s={search_term_string}"},"query-input":"required name=search_term_string"}],"inLanguage":"en-US"}]}},"_links":{"self":[{"href":"https:\/\/sanmiraspa.com\/en\/wp-json\/wp\/v2\/product\/88"}],"collection":[{"href":"https:\/\/sanmiraspa.com\/en\/wp-json\/wp\/v2\/product"}],"about":[{"href":"https:\/\/sanmiraspa.com\/en\/wp-json\/wp\/v2\/types\/product"}],"replies":[{"embeddable":true,"href":"https:\/\/sanmiraspa.com\/en\/wp-json\/wp\/v2\/comments?post=88"}],"wp:featuredmedia":[{"embeddable":true,"href":"https:\/\/sanmiraspa.com\/en\/wp-json\/wp\/v2\/media\/412"}],"wp:attachment":[{"href":"https:\/\/sanmiraspa.com\/en\/wp-json\/wp\/v2\/media?parent=88"}],"wp:term":[{"taxonomy":"product_cat","embeddable":true,"href":"https:\/\/sanmiraspa.com\/en\/wp-json\/wp\/v2\/product_cat?post=88"},{"taxonomy":"product_tag","embeddable":true,"href":"https:\/\/sanmiraspa.com\/en\/wp-json\/wp\/v2\/product_tag?post=88"}],"curies":[{"name":"wp","href":"https:\/\/api.w.org\/{rel}","templated":true}]}}