{"id":86,"date":"2022-11-12T05:03:23","date_gmt":"2022-11-11T22:03:23","guid":{"rendered":"https:\/\/sanmiraspa.com\/?post_type=product&#038;p=86"},"modified":"2023-09-18T15:47:00","modified_gmt":"2023-09-18T08:47:00","slug":"thu-gian-toan-than-voi-tinh-chat-dau-dua-hoa-hong-oai-huong","status":"publish","type":"product","link":"https:\/\/sanmiraspa.com\/en\/thu-gian-toan-than-voi-tinh-chat-dau-dua-hoa-hong-oai-huong\/","title":{"rendered":"Body massage with essential oils (coconut oil, rose oil)"},"content":{"rendered":"<p id=\"tw-target-text\" class=\"tw-data-text tw-text-large tw-ta\" dir=\"ltr\" data-placeholder=\"B\u1ea3n d\u1ecbch\"><span class=\"Y2IQFc\" lang=\"en\" style=\"font-family: 'times new roman', times, serif;\">Back pain, neck pain, neck pain, sluggish health, joint pain&#8230; are probably the dull &#8220;pains&#8221; that everyone has encountered. In addition to regular exercise and proper nutrition, you can also refer to Essential Oil Massage at <strong>San Mira<\/strong> with great relaxation experiences and <span style=\"color: #ff0000;\">20% off<\/span> when you go to an odd session and <span style=\"color: #ff0000;\">35% off<\/span> when you go to a private session. Buy a course card!<\/span><\/p>\n<p dir=\"ltr\" data-placeholder=\"B\u1ea3n d\u1ecbch\"><img decoding=\"async\" loading=\"lazy\" class=\"alignnone size-large wp-image-1638\" src=\"https:\/\/sanmiraspa.com\/en\/wp-content\/uploads\/2022\/11\/TAI07443-1024x683.jpg\" alt=\"\" width=\"1020\" height=\"680\" \/><\/p>\n<p dir=\"ltr\" data-placeholder=\"B\u1ea3n d\u1ecbch\">\n<p dir=\"ltr\" data-placeholder=\"B\u1ea3n d\u1ecbch\"><em><strong><span style=\"color: #00aae7; font-size: 150%; font-family: 'times new roman', times, serif;\">Essential oil body massage at San Mira Spa offers:<\/span><\/strong><\/em><\/p>\n<ul>\n<li id=\"tw-target-text\" class=\"tw-data-text tw-text-large tw-ta\" dir=\"ltr\" data-placeholder=\"B\u1ea3n d\u1ecbch\"><span class=\"Y2IQFc\" lang=\"en\" style=\"font-family: 'times new roman', times, serif;\">Massage oil 100% natural extracts will penetrate deeply and help the body relax, blood circulation brings a feeling of relaxation.<\/span><\/li>\n<li class=\"tw-data-text tw-text-large tw-ta\" dir=\"ltr\" data-placeholder=\"B\u1ea3n d\u1ecbch\"><span class=\"Y2IQFc\" lang=\"en\" style=\"font-family: 'times new roman', times, serif;\">Relieves aches and pains and relaxes the whole body.<\/span><\/li>\n<li class=\"tw-data-text tw-text-large tw-ta\" dir=\"ltr\" data-placeholder=\"B\u1ea3n d\u1ecbch\"><span class=\"Y2IQFc\" lang=\"en\" style=\"font-family: 'times new roman', times, serif;\">Unblocking the meridians, circulating blood, releasing stress, reducing the feeling of numbness in the limbs <\/span><\/li>\n<li class=\"tw-data-text tw-text-large tw-ta\" dir=\"ltr\" data-placeholder=\"B\u1ea3n d\u1ecbch\"><span class=\"Y2IQFc\" lang=\"en\" style=\"font-family: 'times new roman', times, serif;\">Brings mental relaxation, quickly regenerates positive energy for the body<\/span><\/li>\n<\/ul>\n<p><img decoding=\"async\" loading=\"lazy\" class=\"alignnone size-large wp-image-1639\" src=\"https:\/\/sanmiraspa.com\/en\/wp-content\/uploads\/2022\/11\/TAI07460-1024x683.jpg\" alt=\"\" width=\"1020\" height=\"680\" \/><\/p>\n<p>&nbsp;<\/p>\n<p id=\"tw-target-text\" class=\"tw-data-text tw-text-large tw-ta\" dir=\"ltr\" data-placeholder=\"B\u1ea3n d\u1ecbch\"><strong><em><span class=\"Y2IQFc\" lang=\"en\" style=\"color: #00aae7; font-size: 150%; font-family: 'times new roman', times, serif;\">The process of Body Oil Massage:<\/span><\/em><\/strong><\/p>\n<p id=\"tw-target-text\" class=\"tw-data-text tw-text-large tw-ta\" dir=\"ltr\" data-placeholder=\"B\u1ea3n d\u1ecbch\"><span class=\"Y2IQFc\" lang=\"en\"><span style=\"font-family: 'times new roman', times, serif;\">+ Step 1: Herbal foot soak<\/span><\/span><\/p>\n<p dir=\"ltr\" data-placeholder=\"B\u1ea3n d\u1ecbch\"><span style=\"font-family: 'times new roman', times, serif; color: #ff0000;\">When lying face down<\/span><\/p>\n<p class=\"tw-data-text tw-text-large tw-ta\" dir=\"ltr\" data-placeholder=\"B\u1ea3n d\u1ecbch\"><span class=\"Y2IQFc\" lang=\"en\"><span style=\"font-family: 'times new roman', times, serif;\">+ Step 2: Relax the whole body by acupressure from the soles of the feet, the waist up to the back, shoulders and head area.<\/span><\/span><\/p>\n<p class=\"tw-data-text tw-text-large tw-ta\" dir=\"ltr\" data-placeholder=\"B\u1ea3n d\u1ecbch\"><span class=\"Y2IQFc\" lang=\"en\"><span style=\"font-family: 'times new roman', times, serif;\">+ Step 3: Massage with essential oils to soothe the painful area and reduce blood vessel congestion. <\/span><\/span><\/p>\n<p class=\"tw-data-text tw-text-large tw-ta\" dir=\"ltr\" data-placeholder=\"B\u1ea3n d\u1ecbch\"><span class=\"Y2IQFc\" lang=\"en\"><span style=\"font-family: 'times new roman', times, serif;\">+ Step 4: Focus on acupressure on shoulders, neck and waist to help blood circulation to reduce inflammation and pain <\/span><\/span><\/p>\n<p class=\"tw-data-text tw-text-large tw-ta\" dir=\"ltr\" data-placeholder=\"B\u1ea3n d\u1ecbch\"><span class=\"Y2IQFc\" lang=\"en\"><span style=\"font-family: 'times new roman', times, serif;\">+ Step 5: Massage combined with acupressure points in the legs and soles of the feet to help reduce the symptoms of numbness in the legs.<\/span><\/span><\/p>\n<p dir=\"ltr\" data-placeholder=\"B\u1ea3n d\u1ecbch\"><span style=\"font-family: 'times new roman', times, serif; color: #ff0000;\">When lying on your back<\/span><\/p>\n<p class=\"tw-data-text tw-text-large tw-ta\" dir=\"ltr\" data-placeholder=\"B\u1ea3n d\u1ecbch\"><span class=\"Y2IQFc\" lang=\"en\"><span style=\"font-family: 'times new roman', times, serif;\">+ Step 6: Massage the feet and focus on pressing the foot acupuncture points to better eliminate toxins in the body. <\/span><\/span><\/p>\n<p class=\"tw-data-text tw-text-large tw-ta\" dir=\"ltr\" data-placeholder=\"B\u1ea3n d\u1ecbch\"><span class=\"Y2IQFc\" lang=\"en\"><span style=\"font-family: 'times new roman', times, serif;\">+ Step 7: Hand massage combined with acupressure in the palm of the hand helps to strengthen the heart and eyes <\/span><\/span><\/p>\n<p class=\"tw-data-text tw-text-large tw-ta\" dir=\"ltr\" data-placeholder=\"B\u1ea3n d\u1ecbch\"><span class=\"Y2IQFc\" lang=\"en\"><span style=\"font-family: 'times new roman', times, serif;\">+ Step 8: Press the acupuncture points around the chest area, combining shoulders, neck, and nape to help relax more deeply.<\/span><\/span><\/p>\n<p class=\"tw-data-text tw-text-large tw-ta\" dir=\"ltr\" data-placeholder=\"B\u1ea3n d\u1ecbch\"><span class=\"Y2IQFc\" lang=\"en\"><span style=\"font-family: 'times new roman', times, serif;\">+ Step 9: Day presses acupuncture points in the face and head to relieve stress and stress after a long working day. <\/span><\/span><\/p>\n<p class=\"tw-data-text tw-text-large tw-ta\" dir=\"ltr\" data-placeholder=\"B\u1ea3n d\u1ecbch\"><span class=\"Y2IQFc\" lang=\"en\"><span style=\"font-family: 'times new roman', times, serif;\">+ Step 10: Wipe the body with a warm towel, help the guest up, massage the shoulder, neck, waist and finish<\/span>.<\/span><\/p>\n<p dir=\"ltr\" data-placeholder=\"B\u1ea3n d\u1ecbch\"><img decoding=\"async\" loading=\"lazy\" class=\"size-large wp-image-1636 aligncenter\" src=\"https:\/\/sanmiraspa.com\/en\/wp-content\/uploads\/2022\/11\/TAI07467-scaled-e1695026600601-683x1024.jpg\" alt=\"\" width=\"683\" height=\"1024\" srcset=\"https:\/\/sanmiraspa.com\/en\/wp-content\/uploads\/2022\/11\/TAI07467-scaled-e1695026600601-683x1024.jpg 683w, https:\/\/sanmiraspa.com\/en\/wp-content\/uploads\/2022\/11\/TAI07467-scaled-e1695026600601-200x300.jpg 200w, https:\/\/sanmiraspa.com\/en\/wp-content\/uploads\/2022\/11\/TAI07467-scaled-e1695026600601-768x1152.jpg 768w, https:\/\/sanmiraspa.com\/en\/wp-content\/uploads\/2022\/11\/TAI07467-scaled-e1695026600601-600x900.jpg 600w, https:\/\/sanmiraspa.com\/en\/wp-content\/uploads\/2022\/11\/TAI07467-scaled-e1695026600601.jpg 1000w\" sizes=\"(max-width: 683px) 100vw, 683px\" \/><\/p>\n<p dir=\"ltr\" data-placeholder=\"B\u1ea3n d\u1ecbch\">\n<p><span style=\"color: #ff0000;\"><strong><em><span style=\"font-family: 'times new roman', times, serif; font-size: 140%;\">Inbox San Mira now!<\/span><\/em><\/strong><\/span><\/p>\n<p><span style=\"font-family: 'times new roman', times, serif;\">&#8212;&#8212;&#8212;&#8212;&#8212;-<\/span><br \/>\n<span style=\"font-family: 'times new roman', times, serif;\">San Mira Spa<\/span><br \/>\n<span style=\"font-family: 'times new roman', times, serif;\">No TIP<\/span><br \/>\n<span style=\"font-family: 'times new roman', times, serif;\">\u26d4Facebook:\u00a0<a href=\"https:\/\/www.facebook.com\/profile.php?id=100086325980282\">https:\/\/www.facebook.com\/profile.php?id=100086325980282<\/a><\/span><br \/>\n<span style=\"font-family: 'times new roman', times, serif;\">\u26d4Instagram:\u00a0<a href=\"https:\/\/www.instagram.com\/sanmiraspa\/\">https:\/\/www.instagram.com\/sanmiraspa\/<\/a><\/span><br \/>\n<span style=\"font-family: 'times new roman', times, serif;\">Branches:<\/span><br \/>\n<span style=\"font-family: 'times new roman', times, serif;\">\ud83c\udf3a CN1: B4X3 K\u0110T M\u1ef9 \u0110\u00ecnh 1, C\u1ea7u Di\u1ec5n, Nam T\u1eeb Li\u00eam, H\u00e0 N\u1ed9i ( \u0110\u1ed1i di\u1ec7n h\u1ea7m g\u1eedi xe to\u00e0 nh\u00e0 Florencer)<\/span><br \/>\n<span style=\"font-family: 'times new roman', times, serif;\">\u260e\ufe0f Hotline\/Zalo : 0375566559<\/span><br \/>\n<span style=\"font-family: 'times new roman', times, serif;\">\ud83c\udf3a CN2: 17E L\u00f4 A10 K\u0110T Nam Trung Y\u00ean, Y\u00ean H\u00f2a, C\u1ea7u Gi\u1ea5y, H\u00e0 N\u1ed9i ( \u0110\u1ed1i di\u1ec7n s\u1ea3nh chung c\u01b0 CT2)<\/span><br \/>\n<span style=\"font-family: 'times new roman', times, serif;\">\u260e\ufe0f Hotline\/Zalo : 0976301259<\/span><\/p>\n<p dir=\"ltr\" data-placeholder=\"B\u1ea3n d\u1ecbch\">\n","protected":false},"excerpt":{"rendered":"<p><span style=\"font-family: 'times new roman', times, serif;\"><em><strong>Time<\/strong>: 60 minutes<\/em><\/span><\/p>\n<p><span style=\"font-family: 'times new roman', times, serif;\">Massage with essential oils is a beauty treatment that is being trusted and used by many women today.<\/span><\/p>\n<p><span style=\"font-family: 'times new roman', times, serif;\">Massage with essential oils is effective improving health as well as it is very good for the mind and skin. Essential oils massage will stimulate the endocrine glands to work stably, reduce sebum secretion for a healthy shiny skin.<\/span><\/p>\n","protected":false},"featured_media":1625,"comment_status":"open","ping_status":"closed","template":"","meta":[],"product_cat":[16,23],"product_tag":[],"acf":[],"yoast_head":"<!-- This site is optimized with the Yoast SEO plugin v19.10 - https:\/\/yoast.com\/wordpress\/plugins\/seo\/ -->\n<title>Body massage with essential oils (coconut oil, rose oil) - San Mira - Be healthy every day<\/title>\n<meta name=\"robots\" content=\"index, follow, max-snippet:-1, max-image-preview:large, max-video-preview:-1\" \/>\n<link rel=\"canonical\" href=\"https:\/\/sanmiraspa.com\/en\/thu-gian-toan-than-voi-tinh-chat-dau-dua-hoa-hong-oai-huong\/\" \/>\n<meta property=\"og:locale\" content=\"en_US\" \/>\n<meta property=\"og:type\" content=\"article\" \/>\n<meta property=\"og:title\" content=\"Body massage with essential oils (coconut oil, rose oil) - San Mira - Be healthy every day\" \/>\n<meta property=\"og:description\" content=\"Time: 60 minutes  Massage with essential oils is a beauty treatment that is being trusted and used by many women today.  Massage with essential oils is effective improving health as well as it is very good for the mind and skin. Essential oils massage will stimulate the endocrine glands to work stably, reduce sebum secretion for a healthy shiny skin.\" \/>\n<meta property=\"og:url\" content=\"https:\/\/sanmiraspa.com\/en\/thu-gian-toan-than-voi-tinh-chat-dau-dua-hoa-hong-oai-huong\/\" \/>\n<meta property=\"og:site_name\" content=\"San Mira - Be healthy every day\" \/>\n<meta property=\"article:modified_time\" content=\"2023-09-18T08:47:00+00:00\" \/>\n<meta property=\"og:image\" content=\"https:\/\/sanmiraspa.com\/en\/wp-content\/uploads\/2023\/03\/TAI07376-scaled-e1694526333932.jpg\" \/>\n\t<meta property=\"og:image:width\" content=\"1000\" \/>\n\t<meta property=\"og:image:height\" content=\"667\" \/>\n\t<meta property=\"og:image:type\" content=\"image\/jpeg\" \/>\n<meta name=\"twitter:card\" content=\"summary_large_image\" \/>\n<meta name=\"twitter:label1\" content=\"Est. reading time\" \/>\n\t<meta name=\"twitter:data1\" content=\"3 minutes\" \/>\n<script type=\"application\/ld+json\" class=\"yoast-schema-graph\">{\"@context\":\"https:\/\/schema.org\",\"@graph\":[{\"@type\":\"WebPage\",\"@id\":\"https:\/\/sanmiraspa.com\/en\/thu-gian-toan-than-voi-tinh-chat-dau-dua-hoa-hong-oai-huong\/\",\"url\":\"https:\/\/sanmiraspa.com\/en\/thu-gian-toan-than-voi-tinh-chat-dau-dua-hoa-hong-oai-huong\/\",\"name\":\"Body massage with essential oils (coconut oil, rose oil) - San Mira - Be healthy every day\",\"isPartOf\":{\"@id\":\"https:\/\/sanmiraspa.com\/en\/#website\"},\"datePublished\":\"2022-11-11T22:03:23+00:00\",\"dateModified\":\"2023-09-18T08:47:00+00:00\",\"breadcrumb\":{\"@id\":\"https:\/\/sanmiraspa.com\/en\/thu-gian-toan-than-voi-tinh-chat-dau-dua-hoa-hong-oai-huong\/#breadcrumb\"},\"inLanguage\":\"en-US\",\"potentialAction\":[{\"@type\":\"ReadAction\",\"target\":[\"https:\/\/sanmiraspa.com\/en\/thu-gian-toan-than-voi-tinh-chat-dau-dua-hoa-hong-oai-huong\/\"]}]},{\"@type\":\"BreadcrumbList\",\"@id\":\"https:\/\/sanmiraspa.com\/en\/thu-gian-toan-than-voi-tinh-chat-dau-dua-hoa-hong-oai-huong\/#breadcrumb\",\"itemListElement\":[{\"@type\":\"ListItem\",\"position\":1,\"name\":\"Home\",\"item\":\"https:\/\/sanmiraspa.com\/en\/\"},{\"@type\":\"ListItem\",\"position\":2,\"name\":\"Shop\",\"item\":\"https:\/\/sanmiraspa.com\/en\/shop\/\"},{\"@type\":\"ListItem\",\"position\":3,\"name\":\"Body massage with essential oils (coconut oil, rose oil)\"}]},{\"@type\":\"WebSite\",\"@id\":\"https:\/\/sanmiraspa.com\/en\/#website\",\"url\":\"https:\/\/sanmiraspa.com\/en\/\",\"name\":\"San Mira - Be healthy every day\",\"description\":\"Be healthy every day\",\"potentialAction\":[{\"@type\":\"SearchAction\",\"target\":{\"@type\":\"EntryPoint\",\"urlTemplate\":\"https:\/\/sanmiraspa.com\/en\/?s={search_term_string}\"},\"query-input\":\"required name=search_term_string\"}],\"inLanguage\":\"en-US\"}]}<\/script>\n<!-- \/ Yoast SEO plugin. -->","yoast_head_json":{"title":"Body massage with essential oils (coconut oil, rose oil) - San Mira - Be healthy every day","robots":{"index":"index","follow":"follow","max-snippet":"max-snippet:-1","max-image-preview":"max-image-preview:large","max-video-preview":"max-video-preview:-1"},"canonical":"https:\/\/sanmiraspa.com\/en\/thu-gian-toan-than-voi-tinh-chat-dau-dua-hoa-hong-oai-huong\/","og_locale":"en_US","og_type":"article","og_title":"Body massage with essential oils (coconut oil, rose oil) - San Mira - Be healthy every day","og_description":"Time: 60 minutes  Massage with essential oils is a beauty treatment that is being trusted and used by many women today.  Massage with essential oils is effective improving health as well as it is very good for the mind and skin. Essential oils massage will stimulate the endocrine glands to work stably, reduce sebum secretion for a healthy shiny skin.","og_url":"https:\/\/sanmiraspa.com\/en\/thu-gian-toan-than-voi-tinh-chat-dau-dua-hoa-hong-oai-huong\/","og_site_name":"San Mira - Be healthy every day","article_modified_time":"2023-09-18T08:47:00+00:00","og_image":[{"width":1000,"height":667,"url":"https:\/\/sanmiraspa.com\/en\/wp-content\/uploads\/2023\/03\/TAI07376-scaled-e1694526333932.jpg","type":"image\/jpeg"}],"twitter_card":"summary_large_image","twitter_misc":{"Est. reading time":"3 minutes"},"schema":{"@context":"https:\/\/schema.org","@graph":[{"@type":"WebPage","@id":"https:\/\/sanmiraspa.com\/en\/thu-gian-toan-than-voi-tinh-chat-dau-dua-hoa-hong-oai-huong\/","url":"https:\/\/sanmiraspa.com\/en\/thu-gian-toan-than-voi-tinh-chat-dau-dua-hoa-hong-oai-huong\/","name":"Body massage with essential oils (coconut oil, rose oil) - San Mira - Be healthy every day","isPartOf":{"@id":"https:\/\/sanmiraspa.com\/en\/#website"},"datePublished":"2022-11-11T22:03:23+00:00","dateModified":"2023-09-18T08:47:00+00:00","breadcrumb":{"@id":"https:\/\/sanmiraspa.com\/en\/thu-gian-toan-than-voi-tinh-chat-dau-dua-hoa-hong-oai-huong\/#breadcrumb"},"inLanguage":"en-US","potentialAction":[{"@type":"ReadAction","target":["https:\/\/sanmiraspa.com\/en\/thu-gian-toan-than-voi-tinh-chat-dau-dua-hoa-hong-oai-huong\/"]}]},{"@type":"BreadcrumbList","@id":"https:\/\/sanmiraspa.com\/en\/thu-gian-toan-than-voi-tinh-chat-dau-dua-hoa-hong-oai-huong\/#breadcrumb","itemListElement":[{"@type":"ListItem","position":1,"name":"Home","item":"https:\/\/sanmiraspa.com\/en\/"},{"@type":"ListItem","position":2,"name":"Shop","item":"https:\/\/sanmiraspa.com\/en\/shop\/"},{"@type":"ListItem","position":3,"name":"Body massage with essential oils (coconut oil, rose oil)"}]},{"@type":"WebSite","@id":"https:\/\/sanmiraspa.com\/en\/#website","url":"https:\/\/sanmiraspa.com\/en\/","name":"San Mira - Be healthy every day","description":"Be healthy every day","potentialAction":[{"@type":"SearchAction","target":{"@type":"EntryPoint","urlTemplate":"https:\/\/sanmiraspa.com\/en\/?s={search_term_string}"},"query-input":"required name=search_term_string"}],"inLanguage":"en-US"}]}},"_links":{"self":[{"href":"https:\/\/sanmiraspa.com\/en\/wp-json\/wp\/v2\/product\/86"}],"collection":[{"href":"https:\/\/sanmiraspa.com\/en\/wp-json\/wp\/v2\/product"}],"about":[{"href":"https:\/\/sanmiraspa.com\/en\/wp-json\/wp\/v2\/types\/product"}],"replies":[{"embeddable":true,"href":"https:\/\/sanmiraspa.com\/en\/wp-json\/wp\/v2\/comments?post=86"}],"wp:featuredmedia":[{"embeddable":true,"href":"https:\/\/sanmiraspa.com\/en\/wp-json\/wp\/v2\/media\/1625"}],"wp:attachment":[{"href":"https:\/\/sanmiraspa.com\/en\/wp-json\/wp\/v2\/media?parent=86"}],"wp:term":[{"taxonomy":"product_cat","embeddable":true,"href":"https:\/\/sanmiraspa.com\/en\/wp-json\/wp\/v2\/product_cat?post=86"},{"taxonomy":"product_tag","embeddable":true,"href":"https:\/\/sanmiraspa.com\/en\/wp-json\/wp\/v2\/product_tag?post=86"}],"curies":[{"name":"wp","href":"https:\/\/api.w.org\/{rel}","templated":true}]}}