{"id":85,"date":"2022-11-12T05:03:12","date_gmt":"2022-11-11T22:03:12","guid":{"rendered":"https:\/\/sanmiraspa.com\/?post_type=product&#038;p=85"},"modified":"2023-09-13T11:00:14","modified_gmt":"2023-09-13T04:00:14","slug":"wax-bikini","status":"publish","type":"product","link":"https:\/\/sanmiraspa.com\/en\/wax-bikini\/","title":{"rendered":"Bikini wax"},"content":{"rendered":"<p>Before coming to San Mira Spa to solve &#8220;violong&#8221;, please note the following problems:<\/p>\n<p>The pubic hair is at least 1cm long, you may think that shaving the pubic area before waxing will make the pubic hair neater, making the waxing process easier and quick, but that&#8217;s not recommended. Because if the hair is too short, it is not possible to remove the pubic hair<\/p>\n<p>Do not wax before 3 days of menstruation. This is the time when your skin is sensitive, so you need to avoid waxing because it can hurt the private area<\/p>\n<p>Does bikini wax hurt? This is the most sensitive area of \u200b\u200bthe body, so when waxing you will feel a bit more stinging than other areas but will be painful tolerable. So, you can rest assured that San Mira Spa will use wax materials from natural herbs, after waxing you will feel smooth and airy under your private skin.<\/p>\n<p>Each wax should be spaced 3-4 weeks apart<\/p>\n","protected":false},"excerpt":{"rendered":"<p>Bikini wax c\u00f2n g\u1ecdi l\u00e0 t\u1ea9y l\u00f4ng v\u00f9ng k\u00edn hay wax l\u00f4ng v\u00f9ng bikini l\u00e0 quy tr\u00ecnh \u0111\u01b0\u1ee3c th\u1ef1c hi\u1ec7n nh\u1eb1m m\u1ee5c \u0111\u00edch lo\u1ea1i b\u1ecf ho\u00e0n to\u00e0n l\u00f4ng \u1edf v\u00f9ng k\u00edn ph\u00e1i n\u1eef. Vi\u1ec7c wax l\u00f4ng v\u00f9ng k\u00edn gi\u00fap b\u1ea1n c\u00f3 \u0111\u01b0\u1ee3c v\u00f9ng bikini m\u1ecbn m\u00e0ng, tho\u1ea3i m\u00e1i, t\u1ef1 tin h\u01a1n khi m\u1eb7c \u0111\u1ed3.<\/p>\n","protected":false},"featured_media":338,"comment_status":"open","ping_status":"closed","template":"","meta":[],"product_cat":[16,26],"product_tag":[],"acf":[],"yoast_head":"<!-- This site is optimized with the Yoast SEO plugin v19.10 - https:\/\/yoast.com\/wordpress\/plugins\/seo\/ -->\n<title>Bikini wax - San Mira - Be healthy every day<\/title>\n<meta name=\"robots\" content=\"index, follow, max-snippet:-1, max-image-preview:large, max-video-preview:-1\" \/>\n<link rel=\"canonical\" href=\"https:\/\/sanmiraspa.com\/en\/wax-bikini\/\" \/>\n<meta property=\"og:locale\" content=\"en_US\" \/>\n<meta property=\"og:type\" content=\"article\" \/>\n<meta property=\"og:title\" content=\"Bikini wax - San Mira - Be healthy every day\" \/>\n<meta property=\"og:description\" content=\"Bikini wax c\u00f2n g\u1ecdi l\u00e0 t\u1ea9y l\u00f4ng v\u00f9ng k\u00edn hay wax l\u00f4ng v\u00f9ng bikini l\u00e0 quy tr\u00ecnh \u0111\u01b0\u1ee3c th\u1ef1c hi\u1ec7n nh\u1eb1m m\u1ee5c \u0111\u00edch lo\u1ea1i b\u1ecf ho\u00e0n to\u00e0n l\u00f4ng \u1edf v\u00f9ng k\u00edn ph\u00e1i n\u1eef. Vi\u1ec7c wax l\u00f4ng v\u00f9ng k\u00edn gi\u00fap b\u1ea1n c\u00f3 \u0111\u01b0\u1ee3c v\u00f9ng bikini m\u1ecbn m\u00e0ng, tho\u1ea3i m\u00e1i, t\u1ef1 tin h\u01a1n khi m\u1eb7c \u0111\u1ed3.\" \/>\n<meta property=\"og:url\" content=\"https:\/\/sanmiraspa.com\/en\/wax-bikini\/\" \/>\n<meta property=\"og:site_name\" content=\"San Mira - Be healthy every day\" \/>\n<meta property=\"article:modified_time\" content=\"2023-09-13T04:00:14+00:00\" \/>\n<meta property=\"og:image\" content=\"https:\/\/sanmiraspa.com\/en\/wp-content\/uploads\/2022\/11\/wax-bikini.jpg\" \/>\n\t<meta property=\"og:image:width\" content=\"650\" \/>\n\t<meta property=\"og:image:height\" content=\"402\" \/>\n\t<meta property=\"og:image:type\" content=\"image\/jpeg\" \/>\n<meta name=\"twitter:card\" content=\"summary_large_image\" \/>\n<meta name=\"twitter:label1\" content=\"Est. reading time\" \/>\n\t<meta name=\"twitter:data1\" content=\"1 minute\" \/>\n<script type=\"application\/ld+json\" class=\"yoast-schema-graph\">{\"@context\":\"https:\/\/schema.org\",\"@graph\":[{\"@type\":\"WebPage\",\"@id\":\"https:\/\/sanmiraspa.com\/en\/wax-bikini\/\",\"url\":\"https:\/\/sanmiraspa.com\/en\/wax-bikini\/\",\"name\":\"Bikini wax - San Mira - Be healthy every day\",\"isPartOf\":{\"@id\":\"https:\/\/sanmiraspa.com\/en\/#website\"},\"datePublished\":\"2022-11-11T22:03:12+00:00\",\"dateModified\":\"2023-09-13T04:00:14+00:00\",\"breadcrumb\":{\"@id\":\"https:\/\/sanmiraspa.com\/en\/wax-bikini\/#breadcrumb\"},\"inLanguage\":\"en-US\",\"potentialAction\":[{\"@type\":\"ReadAction\",\"target\":[\"https:\/\/sanmiraspa.com\/en\/wax-bikini\/\"]}]},{\"@type\":\"BreadcrumbList\",\"@id\":\"https:\/\/sanmiraspa.com\/en\/wax-bikini\/#breadcrumb\",\"itemListElement\":[{\"@type\":\"ListItem\",\"position\":1,\"name\":\"Home\",\"item\":\"https:\/\/sanmiraspa.com\/en\/\"},{\"@type\":\"ListItem\",\"position\":2,\"name\":\"Shop\",\"item\":\"https:\/\/sanmiraspa.com\/en\/shop\/\"},{\"@type\":\"ListItem\",\"position\":3,\"name\":\"Bikini wax\"}]},{\"@type\":\"WebSite\",\"@id\":\"https:\/\/sanmiraspa.com\/en\/#website\",\"url\":\"https:\/\/sanmiraspa.com\/en\/\",\"name\":\"San Mira - Be healthy every day\",\"description\":\"Be healthy every day\",\"potentialAction\":[{\"@type\":\"SearchAction\",\"target\":{\"@type\":\"EntryPoint\",\"urlTemplate\":\"https:\/\/sanmiraspa.com\/en\/?s={search_term_string}\"},\"query-input\":\"required name=search_term_string\"}],\"inLanguage\":\"en-US\"}]}<\/script>\n<!-- \/ Yoast SEO plugin. -->","yoast_head_json":{"title":"Bikini wax - San Mira - Be healthy every day","robots":{"index":"index","follow":"follow","max-snippet":"max-snippet:-1","max-image-preview":"max-image-preview:large","max-video-preview":"max-video-preview:-1"},"canonical":"https:\/\/sanmiraspa.com\/en\/wax-bikini\/","og_locale":"en_US","og_type":"article","og_title":"Bikini wax - San Mira - Be healthy every day","og_description":"Bikini wax c\u00f2n g\u1ecdi l\u00e0 t\u1ea9y l\u00f4ng v\u00f9ng k\u00edn hay wax l\u00f4ng v\u00f9ng bikini l\u00e0 quy tr\u00ecnh \u0111\u01b0\u1ee3c th\u1ef1c hi\u1ec7n nh\u1eb1m m\u1ee5c \u0111\u00edch lo\u1ea1i b\u1ecf ho\u00e0n to\u00e0n l\u00f4ng \u1edf v\u00f9ng k\u00edn ph\u00e1i n\u1eef. Vi\u1ec7c wax l\u00f4ng v\u00f9ng k\u00edn gi\u00fap b\u1ea1n c\u00f3 \u0111\u01b0\u1ee3c v\u00f9ng bikini m\u1ecbn m\u00e0ng, tho\u1ea3i m\u00e1i, t\u1ef1 tin h\u01a1n khi m\u1eb7c \u0111\u1ed3.","og_url":"https:\/\/sanmiraspa.com\/en\/wax-bikini\/","og_site_name":"San Mira - Be healthy every day","article_modified_time":"2023-09-13T04:00:14+00:00","og_image":[{"width":650,"height":402,"url":"https:\/\/sanmiraspa.com\/en\/wp-content\/uploads\/2022\/11\/wax-bikini.jpg","type":"image\/jpeg"}],"twitter_card":"summary_large_image","twitter_misc":{"Est. reading time":"1 minute"},"schema":{"@context":"https:\/\/schema.org","@graph":[{"@type":"WebPage","@id":"https:\/\/sanmiraspa.com\/en\/wax-bikini\/","url":"https:\/\/sanmiraspa.com\/en\/wax-bikini\/","name":"Bikini wax - San Mira - Be healthy every day","isPartOf":{"@id":"https:\/\/sanmiraspa.com\/en\/#website"},"datePublished":"2022-11-11T22:03:12+00:00","dateModified":"2023-09-13T04:00:14+00:00","breadcrumb":{"@id":"https:\/\/sanmiraspa.com\/en\/wax-bikini\/#breadcrumb"},"inLanguage":"en-US","potentialAction":[{"@type":"ReadAction","target":["https:\/\/sanmiraspa.com\/en\/wax-bikini\/"]}]},{"@type":"BreadcrumbList","@id":"https:\/\/sanmiraspa.com\/en\/wax-bikini\/#breadcrumb","itemListElement":[{"@type":"ListItem","position":1,"name":"Home","item":"https:\/\/sanmiraspa.com\/en\/"},{"@type":"ListItem","position":2,"name":"Shop","item":"https:\/\/sanmiraspa.com\/en\/shop\/"},{"@type":"ListItem","position":3,"name":"Bikini wax"}]},{"@type":"WebSite","@id":"https:\/\/sanmiraspa.com\/en\/#website","url":"https:\/\/sanmiraspa.com\/en\/","name":"San Mira - Be healthy every day","description":"Be healthy every day","potentialAction":[{"@type":"SearchAction","target":{"@type":"EntryPoint","urlTemplate":"https:\/\/sanmiraspa.com\/en\/?s={search_term_string}"},"query-input":"required name=search_term_string"}],"inLanguage":"en-US"}]}},"_links":{"self":[{"href":"https:\/\/sanmiraspa.com\/en\/wp-json\/wp\/v2\/product\/85"}],"collection":[{"href":"https:\/\/sanmiraspa.com\/en\/wp-json\/wp\/v2\/product"}],"about":[{"href":"https:\/\/sanmiraspa.com\/en\/wp-json\/wp\/v2\/types\/product"}],"replies":[{"embeddable":true,"href":"https:\/\/sanmiraspa.com\/en\/wp-json\/wp\/v2\/comments?post=85"}],"wp:featuredmedia":[{"embeddable":true,"href":"https:\/\/sanmiraspa.com\/en\/wp-json\/wp\/v2\/media\/338"}],"wp:attachment":[{"href":"https:\/\/sanmiraspa.com\/en\/wp-json\/wp\/v2\/media?parent=85"}],"wp:term":[{"taxonomy":"product_cat","embeddable":true,"href":"https:\/\/sanmiraspa.com\/en\/wp-json\/wp\/v2\/product_cat?post=85"},{"taxonomy":"product_tag","embeddable":true,"href":"https:\/\/sanmiraspa.com\/en\/wp-json\/wp\/v2\/product_tag?post=85"}],"curies":[{"name":"wp","href":"https:\/\/api.w.org\/{rel}","templated":true}]}}