{"id":82,"date":"2022-11-12T05:02:57","date_gmt":"2022-11-11T22:02:57","guid":{"rendered":"https:\/\/sanmiraspa.com\/?post_type=product&#038;p=82"},"modified":"2023-09-13T11:01:44","modified_gmt":"2023-09-13T04:01:44","slug":"wax-vung-da-duoi-canh-tay-mep","status":"publish","type":"product","link":"https:\/\/sanmiraspa.com\/en\/wax-vung-da-duoi-canh-tay-mep\/","title":{"rendered":"Armpit WAX"},"content":{"rendered":"","protected":false},"excerpt":{"rendered":"<p>Ng\u00e0y nay v\u1edbi mu\u00f4n v\u00e0n ph\u01b0\u01a1ng ph\u00e1p lo\u1ea1i b\u1ecf l\u00f4ng, gi\u1eefa \u201c r\u1eebng \u201c ph\u01b0\u01a1ng ph\u00e1p nh\u01b0 v\u1eady ta n\u00ean ch\u1ecdn tri\u1ec7t l\u00f4ng, c\u1ea1o l\u00f4ng, wax l\u00f4ng hay t\u1ea9y l\u00f4ng? H\u00e3y c\u00f9ng San Mira t\u00ecm hi\u1ec3u nh\u00e9!<\/p>\n","protected":false},"featured_media":334,"comment_status":"open","ping_status":"closed","template":"","meta":[],"product_cat":[16,26],"product_tag":[],"acf":[],"yoast_head":"<!-- This site is optimized with the Yoast SEO plugin v19.10 - https:\/\/yoast.com\/wordpress\/plugins\/seo\/ -->\n<title>Armpit WAX - San Mira - Be healthy every day<\/title>\n<meta name=\"robots\" content=\"index, follow, max-snippet:-1, max-image-preview:large, max-video-preview:-1\" \/>\n<link rel=\"canonical\" href=\"https:\/\/sanmiraspa.com\/en\/wax-vung-da-duoi-canh-tay-mep\/\" \/>\n<meta property=\"og:locale\" content=\"en_US\" \/>\n<meta property=\"og:type\" content=\"article\" \/>\n<meta property=\"og:title\" content=\"Armpit WAX - San Mira - Be healthy every day\" \/>\n<meta property=\"og:description\" content=\"Ng\u00e0y nay v\u1edbi mu\u00f4n v\u00e0n ph\u01b0\u01a1ng ph\u00e1p lo\u1ea1i b\u1ecf l\u00f4ng, gi\u1eefa \u201c r\u1eebng \u201c ph\u01b0\u01a1ng ph\u00e1p nh\u01b0 v\u1eady ta n\u00ean ch\u1ecdn tri\u1ec7t l\u00f4ng, c\u1ea1o l\u00f4ng, wax l\u00f4ng hay t\u1ea9y l\u00f4ng? H\u00e3y c\u00f9ng San Mira t\u00ecm hi\u1ec3u nh\u00e9!\" \/>\n<meta property=\"og:url\" content=\"https:\/\/sanmiraspa.com\/en\/wax-vung-da-duoi-canh-tay-mep\/\" \/>\n<meta property=\"og:site_name\" content=\"San Mira - Be healthy every day\" \/>\n<meta property=\"article:modified_time\" content=\"2023-09-13T04:01:44+00:00\" \/>\n<meta property=\"og:image\" content=\"https:\/\/sanmiraspa.com\/en\/wp-content\/uploads\/2022\/11\/wax-vung-da-duoi-canh-tay-mep.jpg\" \/>\n\t<meta property=\"og:image:width\" content=\"800\" \/>\n\t<meta property=\"og:image:height\" content=\"450\" \/>\n\t<meta property=\"og:image:type\" content=\"image\/jpeg\" \/>\n<meta name=\"twitter:card\" content=\"summary_large_image\" \/>\n<script type=\"application\/ld+json\" class=\"yoast-schema-graph\">{\"@context\":\"https:\/\/schema.org\",\"@graph\":[{\"@type\":\"WebPage\",\"@id\":\"https:\/\/sanmiraspa.com\/en\/wax-vung-da-duoi-canh-tay-mep\/\",\"url\":\"https:\/\/sanmiraspa.com\/en\/wax-vung-da-duoi-canh-tay-mep\/\",\"name\":\"Armpit WAX - San Mira - Be healthy every day\",\"isPartOf\":{\"@id\":\"https:\/\/sanmiraspa.com\/en\/#website\"},\"datePublished\":\"2022-11-11T22:02:57+00:00\",\"dateModified\":\"2023-09-13T04:01:44+00:00\",\"breadcrumb\":{\"@id\":\"https:\/\/sanmiraspa.com\/en\/wax-vung-da-duoi-canh-tay-mep\/#breadcrumb\"},\"inLanguage\":\"en-US\",\"potentialAction\":[{\"@type\":\"ReadAction\",\"target\":[\"https:\/\/sanmiraspa.com\/en\/wax-vung-da-duoi-canh-tay-mep\/\"]}]},{\"@type\":\"BreadcrumbList\",\"@id\":\"https:\/\/sanmiraspa.com\/en\/wax-vung-da-duoi-canh-tay-mep\/#breadcrumb\",\"itemListElement\":[{\"@type\":\"ListItem\",\"position\":1,\"name\":\"Home\",\"item\":\"https:\/\/sanmiraspa.com\/en\/\"},{\"@type\":\"ListItem\",\"position\":2,\"name\":\"Shop\",\"item\":\"https:\/\/sanmiraspa.com\/en\/shop\/\"},{\"@type\":\"ListItem\",\"position\":3,\"name\":\"Armpit WAX\"}]},{\"@type\":\"WebSite\",\"@id\":\"https:\/\/sanmiraspa.com\/en\/#website\",\"url\":\"https:\/\/sanmiraspa.com\/en\/\",\"name\":\"San Mira - Be healthy every day\",\"description\":\"Be healthy every day\",\"potentialAction\":[{\"@type\":\"SearchAction\",\"target\":{\"@type\":\"EntryPoint\",\"urlTemplate\":\"https:\/\/sanmiraspa.com\/en\/?s={search_term_string}\"},\"query-input\":\"required name=search_term_string\"}],\"inLanguage\":\"en-US\"}]}<\/script>\n<!-- \/ Yoast SEO plugin. -->","yoast_head_json":{"title":"Armpit WAX - San Mira - Be healthy every day","robots":{"index":"index","follow":"follow","max-snippet":"max-snippet:-1","max-image-preview":"max-image-preview:large","max-video-preview":"max-video-preview:-1"},"canonical":"https:\/\/sanmiraspa.com\/en\/wax-vung-da-duoi-canh-tay-mep\/","og_locale":"en_US","og_type":"article","og_title":"Armpit WAX - San Mira - Be healthy every day","og_description":"Ng\u00e0y nay v\u1edbi mu\u00f4n v\u00e0n ph\u01b0\u01a1ng ph\u00e1p lo\u1ea1i b\u1ecf l\u00f4ng, gi\u1eefa \u201c r\u1eebng \u201c ph\u01b0\u01a1ng ph\u00e1p nh\u01b0 v\u1eady ta n\u00ean ch\u1ecdn tri\u1ec7t l\u00f4ng, c\u1ea1o l\u00f4ng, wax l\u00f4ng hay t\u1ea9y l\u00f4ng? H\u00e3y c\u00f9ng San Mira t\u00ecm hi\u1ec3u nh\u00e9!","og_url":"https:\/\/sanmiraspa.com\/en\/wax-vung-da-duoi-canh-tay-mep\/","og_site_name":"San Mira - Be healthy every day","article_modified_time":"2023-09-13T04:01:44+00:00","og_image":[{"width":800,"height":450,"url":"https:\/\/sanmiraspa.com\/en\/wp-content\/uploads\/2022\/11\/wax-vung-da-duoi-canh-tay-mep.jpg","type":"image\/jpeg"}],"twitter_card":"summary_large_image","schema":{"@context":"https:\/\/schema.org","@graph":[{"@type":"WebPage","@id":"https:\/\/sanmiraspa.com\/en\/wax-vung-da-duoi-canh-tay-mep\/","url":"https:\/\/sanmiraspa.com\/en\/wax-vung-da-duoi-canh-tay-mep\/","name":"Armpit WAX - San Mira - Be healthy every day","isPartOf":{"@id":"https:\/\/sanmiraspa.com\/en\/#website"},"datePublished":"2022-11-11T22:02:57+00:00","dateModified":"2023-09-13T04:01:44+00:00","breadcrumb":{"@id":"https:\/\/sanmiraspa.com\/en\/wax-vung-da-duoi-canh-tay-mep\/#breadcrumb"},"inLanguage":"en-US","potentialAction":[{"@type":"ReadAction","target":["https:\/\/sanmiraspa.com\/en\/wax-vung-da-duoi-canh-tay-mep\/"]}]},{"@type":"BreadcrumbList","@id":"https:\/\/sanmiraspa.com\/en\/wax-vung-da-duoi-canh-tay-mep\/#breadcrumb","itemListElement":[{"@type":"ListItem","position":1,"name":"Home","item":"https:\/\/sanmiraspa.com\/en\/"},{"@type":"ListItem","position":2,"name":"Shop","item":"https:\/\/sanmiraspa.com\/en\/shop\/"},{"@type":"ListItem","position":3,"name":"Armpit WAX"}]},{"@type":"WebSite","@id":"https:\/\/sanmiraspa.com\/en\/#website","url":"https:\/\/sanmiraspa.com\/en\/","name":"San Mira - Be healthy every day","description":"Be healthy every day","potentialAction":[{"@type":"SearchAction","target":{"@type":"EntryPoint","urlTemplate":"https:\/\/sanmiraspa.com\/en\/?s={search_term_string}"},"query-input":"required name=search_term_string"}],"inLanguage":"en-US"}]}},"_links":{"self":[{"href":"https:\/\/sanmiraspa.com\/en\/wp-json\/wp\/v2\/product\/82"}],"collection":[{"href":"https:\/\/sanmiraspa.com\/en\/wp-json\/wp\/v2\/product"}],"about":[{"href":"https:\/\/sanmiraspa.com\/en\/wp-json\/wp\/v2\/types\/product"}],"replies":[{"embeddable":true,"href":"https:\/\/sanmiraspa.com\/en\/wp-json\/wp\/v2\/comments?post=82"}],"wp:featuredmedia":[{"embeddable":true,"href":"https:\/\/sanmiraspa.com\/en\/wp-json\/wp\/v2\/media\/334"}],"wp:attachment":[{"href":"https:\/\/sanmiraspa.com\/en\/wp-json\/wp\/v2\/media?parent=82"}],"wp:term":[{"taxonomy":"product_cat","embeddable":true,"href":"https:\/\/sanmiraspa.com\/en\/wp-json\/wp\/v2\/product_cat?post=82"},{"taxonomy":"product_tag","embeddable":true,"href":"https:\/\/sanmiraspa.com\/en\/wp-json\/wp\/v2\/product_tag?post=82"}],"curies":[{"name":"wp","href":"https:\/\/api.w.org\/{rel}","templated":true}]}}