{"id":634,"date":"2022-11-26T11:51:29","date_gmt":"2022-11-26T04:51:29","guid":{"rendered":"https:\/\/sanmiraspa.com\/?post_type=product&#038;p=634"},"modified":"2024-07-10T10:27:54","modified_gmt":"2024-07-10T03:27:54","slug":"goi-dau-duong-sinh-thu-gian","status":"publish","type":"product","link":"https:\/\/sanmiraspa.com\/en\/goi-dau-duong-sinh-thu-gian\/","title":{"rendered":"Hair care shampoo &#038; relax"},"content":{"rendered":"<p id=\"tw-target-text\" class=\"tw-data-text tw-text-large tw-ta\" dir=\"ltr\" data-placeholder=\"B\u1ea3n d\u1ecbch\"><span class=\"Y2IQFc\" lang=\"en\" style=\"font-family: 'times new roman', times, serif;\">Shampoo \u2013 This need is no longer strange to women today, including men. Even going to the salon to wash your hair has become popular with almost all classes. Because in addition to having clean hair, we can also relax, massage the shoulders, neck and neck, helping to reduce fatigue when sitting for hours at work. Let&#8217;s refer to <strong>San Mira&#8217;s<\/strong> relaxing and nourishing shampoo with <span style=\"color: #ff0000;\">20% off<\/span> when going to an individual session and <span style=\"color: #ff0000;\">35% off<\/span> when buying a treatment card!<\/span><\/p>\n<p dir=\"ltr\" data-placeholder=\"B\u1ea3n d\u1ecbch\"><img decoding=\"async\" loading=\"lazy\" class=\"wp-image-1298 aligncenter\" src=\"https:\/\/sanmiraspa.com\/en\/wp-content\/uploads\/2022\/11\/z3744092372469_d8fd99694fde67003621d9ea8108bbe6-1024x683.jpg\" alt=\"\" width=\"719\" height=\"480\" srcset=\"https:\/\/sanmiraspa.com\/en\/wp-content\/uploads\/2022\/11\/z3744092372469_d8fd99694fde67003621d9ea8108bbe6-1024x683.jpg 1024w, https:\/\/sanmiraspa.com\/en\/wp-content\/uploads\/2022\/11\/z3744092372469_d8fd99694fde67003621d9ea8108bbe6-300x200.jpg 300w, https:\/\/sanmiraspa.com\/en\/wp-content\/uploads\/2022\/11\/z3744092372469_d8fd99694fde67003621d9ea8108bbe6-768x512.jpg 768w, https:\/\/sanmiraspa.com\/en\/wp-content\/uploads\/2022\/11\/z3744092372469_d8fd99694fde67003621d9ea8108bbe6-1536x1024.jpg 1536w, https:\/\/sanmiraspa.com\/en\/wp-content\/uploads\/2022\/11\/z3744092372469_d8fd99694fde67003621d9ea8108bbe6-2048x1366.jpg 2048w, https:\/\/sanmiraspa.com\/en\/wp-content\/uploads\/2022\/11\/z3744092372469_d8fd99694fde67003621d9ea8108bbe6-600x400.jpg 600w\" sizes=\"(max-width: 719px) 100vw, 719px\" \/><\/p>\n<p id=\"tw-target-text\" class=\"tw-data-text tw-text-large tw-ta\" dir=\"ltr\" data-placeholder=\"B\u1ea3n d\u1ecbch\"><strong><em><span class=\"Y2IQFc\" lang=\"en\" style=\"color: #00aae7; font-family: 'times new roman', times, serif; font-size: 150%;\">Benefits of Relaxing Nourishing Shampoo at spa:<\/span><\/em><\/strong><\/p>\n<div id=\"tw-target-text-container\" class=\"tw-ta-container F0azHf tw-nfl\" tabindex=\"0\">\n<ul>\n<li id=\"tw-target-text\" class=\"tw-data-text tw-text-large tw-ta\" dir=\"ltr\" data-placeholder=\"B\u1ea3n d\u1ecbch\"><span class=\"Y2IQFc\" lang=\"en\" style=\"font-family: 'times new roman', times, serif;\">Massage neck, shoulder, back to help blood circulation, relieve pain and muscle tension <\/span><\/li>\n<li class=\"tw-data-text tw-text-large tw-ta\" dir=\"ltr\" data-placeholder=\"B\u1ea3n d\u1ecbch\"><span class=\"Y2IQFc\" lang=\"en\" style=\"font-family: 'times new roman', times, serif;\">Head massage helps blood circulation, relieve headaches, sleep better. <\/span><\/li>\n<li class=\"tw-data-text tw-text-large tw-ta\" dir=\"ltr\" data-placeholder=\"B\u1ea3n d\u1ecbch\"><span class=\"Y2IQFc\" lang=\"en\" style=\"font-family: 'times new roman', times, serif;\">Wash your hair with all-natural herbal oil to help clean dandruff, shiny hair, reduce scalp diseases<\/span><\/li>\n<\/ul>\n<p><img decoding=\"async\" loading=\"lazy\" class=\"wp-image-1301 aligncenter\" src=\"https:\/\/sanmiraspa.com\/en\/wp-content\/uploads\/2022\/11\/z4184276604026_16cc752818eec6ce56be400f404150d1-768x417-1.jpg\" alt=\"\" width=\"720\" height=\"391\" srcset=\"https:\/\/sanmiraspa.com\/en\/wp-content\/uploads\/2022\/11\/z4184276604026_16cc752818eec6ce56be400f404150d1-768x417-1.jpg 768w, https:\/\/sanmiraspa.com\/en\/wp-content\/uploads\/2022\/11\/z4184276604026_16cc752818eec6ce56be400f404150d1-768x417-1-300x163.jpg 300w, https:\/\/sanmiraspa.com\/en\/wp-content\/uploads\/2022\/11\/z4184276604026_16cc752818eec6ce56be400f404150d1-768x417-1-600x326.jpg 600w\" sizes=\"(max-width: 720px) 100vw, 720px\" \/><\/p>\n<p><span style=\"font-size: 150%; font-family: 'times new roman', times, serif;\"><strong><em><span style=\"color: #00aae7;\">Relaxing nourishing shampoo process:<\/span><\/em><\/strong><\/span><\/p>\n<pre id=\"tw-target-text\" class=\"tw-data-text tw-text-large tw-ta\" dir=\"ltr\" data-placeholder=\"B\u1ea3n d\u1ecbch\"><span class=\"Y2IQFc\" lang=\"en\" style=\"font-family: 'times new roman', times, serif;\">+ Step 1: Herbal foot soak\r\n+ Step 2: Steam your head, shoulders, neck, and nape with natural ingredients\r\n+ Step 3: Massage the shoulder, neck, and nape area to help circulate blood, combine with herbal aromatherapy to help relieve pain and fatigue.\r\n+ Step 4: Use a warm towel to press the acupuncture points on the same shoulder, neck, and nape\r\n+ Step 5: Wash your hair in San Mira style with San Mira herbal shampoo to help clean dandruff, reduce hair loss, and shine.\r\n+ Step 6: Head massage combined with acupressure to help sleep deeply, reduce fatigue while incubating hair\r\n+ Step 7: Put a warm towel behind the neck to help relax the neck area combined with hand massage for comfort\r\n+ Step 8: Incubate your hair, dry your hair and spray San Mira's hair oil<\/span><\/pre>\n<\/div>\n<div class=\"iYB33c\">\n<div id=\"tw-tmenu\" class=\"tw-menu\">\n<p><span style=\"font-family: 'times new roman', times, serif;\">\u2014\u2014\u2014\u2014\u2014-<\/span><br \/>\n<span style=\"font-family: 'times new roman', times, serif;\">San Mira Spa<\/span><br \/>\n<span style=\"font-family: 'times new roman', times, serif;\">No TIP<\/span><br \/>\n<span style=\"font-family: 'times new roman', times, serif;\">\u26d4Facebook:<a href=\"https:\/\/www.facebook.com\/profile.php?id=100086325980282\">https:\/\/www.facebook.com\/profile.php?id=100086325980282<\/a><\/span><\/p>\n<p><span style=\"font-family: 'times new roman', times, serif;\">\u26d4Instagram:\u00a0<a href=\"https:\/\/www.instagram.com\/sanmiraspa\/\">https:\/\/www.instagram.com\/sanmiraspa\/<\/a><\/span><br \/>\n<span style=\"font-family: 'times new roman', times, serif;\">Branches:<\/span><br \/>\n<span style=\"font-family: 'times new roman', times, serif;\">\ud83c\udf3a CN1: B4X3 K\u0110T M\u1ef9 \u0110\u00ecnh 1, C\u1ea7u Di\u1ec5n, Nam T\u1eeb Li\u00eam, H\u00e0 N\u1ed9i ( \u0110\u1ed1i di\u1ec7n h\u1ea7m g\u1eedi xe to\u00e0 nh\u00e0 Florencer)<\/span><br \/>\n<span style=\"font-family: 'times new roman', times, serif;\">\u260e\ufe0f Hotline\/Zalo : 0375566559<\/span><br \/>\n<span style=\"font-family: 'times new roman', times, serif;\">\ud83c\udf3a CN2: 17E L\u00f4 A10 K\u0110T Nam Trung Y\u00ean, Y\u00ean H\u00f2a, C\u1ea7u Gi\u1ea5y, H\u00e0 N\u1ed9i ( \u0110\u1ed1i di\u1ec7n s\u1ea3nh chung c\u01b0 CT2)<\/span><br \/>\n<span style=\"font-family: 'times new roman', times, serif;\">\u260e\ufe0f Hotline\/Zalo : 0976301259<\/span><\/p>\n<\/div>\n<\/div>\n","protected":false},"excerpt":{"rendered":"<p><span style=\"font-family: 'times new roman', times, serif;\"><em>Time: 60 minutes<\/em><\/span><\/p>\n<p id=\"tw-target-text\" class=\"tw-data-text tw-text-large tw-ta\" dir=\"ltr\" data-placeholder=\"B\u1ea3n d\u1ecbch\"><span style=\"font-family: 'times new roman', times, serif;\"><span class=\"Y2IQFc\" lang=\"en\">Detox and Restore Dry<\/span><span class=\"Y2IQFc\" lang=\"en\"> Hair <\/span><\/span><\/p>\n<p class=\"tw-data-text tw-text-large tw-ta\" dir=\"ltr\" data-placeholder=\"B\u1ea3n d\u1ecbch\"><span class=\"Y2IQFc\" lang=\"en\" style=\"font-family: 'times new roman', times, serif;\">How long have you not felt the softness and bounce of your hair? So this is a relaxing hair care shampoo package from San Mira house just for you, with a line of benign natural products to help you restore dry, lifeless hair.<\/span><\/p>\n","protected":false},"featured_media":635,"comment_status":"closed","ping_status":"closed","template":"","meta":[],"product_cat":[16,31],"product_tag":[],"acf":[],"yoast_head":"<!-- This site is optimized with the Yoast SEO plugin v19.10 - https:\/\/yoast.com\/wordpress\/plugins\/seo\/ -->\n<title>Hair care shampoo &amp; relax - San Mira - Be healthy every day<\/title>\n<meta name=\"robots\" content=\"index, follow, max-snippet:-1, max-image-preview:large, max-video-preview:-1\" \/>\n<link rel=\"canonical\" href=\"https:\/\/sanmiraspa.com\/en\/goi-dau-duong-sinh-thu-gian\/\" \/>\n<meta property=\"og:locale\" content=\"en_US\" \/>\n<meta property=\"og:type\" content=\"article\" \/>\n<meta property=\"og:title\" content=\"Hair care shampoo &amp; relax - San Mira - Be healthy every day\" \/>\n<meta property=\"og:description\" content=\"Time: 60 minutes Detox and Restore Dry Hair  How long have you not felt the softness and bounce of your hair? So this is a relaxing hair care shampoo package from San Mira house just for you, with a line of benign natural products to help you restore dry, lifeless hair.\" \/>\n<meta property=\"og:url\" content=\"https:\/\/sanmiraspa.com\/en\/goi-dau-duong-sinh-thu-gian\/\" \/>\n<meta property=\"og:site_name\" content=\"San Mira - Be healthy every day\" \/>\n<meta property=\"article:modified_time\" content=\"2024-07-10T03:27:54+00:00\" \/>\n<meta property=\"og:image\" content=\"https:\/\/sanmiraspa.com\/en\/wp-content\/uploads\/2022\/11\/aa1c5514b034756a2c25.jpg\" \/>\n\t<meta property=\"og:image:width\" content=\"985\" \/>\n\t<meta property=\"og:image:height\" content=\"570\" \/>\n\t<meta property=\"og:image:type\" content=\"image\/jpeg\" \/>\n<meta name=\"twitter:card\" content=\"summary_large_image\" \/>\n<meta name=\"twitter:label1\" content=\"Est. reading time\" \/>\n\t<meta name=\"twitter:data1\" content=\"2 minutes\" \/>\n<script type=\"application\/ld+json\" class=\"yoast-schema-graph\">{\"@context\":\"https:\/\/schema.org\",\"@graph\":[{\"@type\":\"WebPage\",\"@id\":\"https:\/\/sanmiraspa.com\/en\/goi-dau-duong-sinh-thu-gian\/\",\"url\":\"https:\/\/sanmiraspa.com\/en\/goi-dau-duong-sinh-thu-gian\/\",\"name\":\"Hair care shampoo & relax - San Mira - Be healthy every day\",\"isPartOf\":{\"@id\":\"https:\/\/sanmiraspa.com\/en\/#website\"},\"datePublished\":\"2022-11-26T04:51:29+00:00\",\"dateModified\":\"2024-07-10T03:27:54+00:00\",\"breadcrumb\":{\"@id\":\"https:\/\/sanmiraspa.com\/en\/goi-dau-duong-sinh-thu-gian\/#breadcrumb\"},\"inLanguage\":\"en-US\",\"potentialAction\":[{\"@type\":\"ReadAction\",\"target\":[\"https:\/\/sanmiraspa.com\/en\/goi-dau-duong-sinh-thu-gian\/\"]}]},{\"@type\":\"BreadcrumbList\",\"@id\":\"https:\/\/sanmiraspa.com\/en\/goi-dau-duong-sinh-thu-gian\/#breadcrumb\",\"itemListElement\":[{\"@type\":\"ListItem\",\"position\":1,\"name\":\"Home\",\"item\":\"https:\/\/sanmiraspa.com\/en\/\"},{\"@type\":\"ListItem\",\"position\":2,\"name\":\"Shop\",\"item\":\"https:\/\/sanmiraspa.com\/en\/shop\/\"},{\"@type\":\"ListItem\",\"position\":3,\"name\":\"Hair care shampoo &#038; relax\"}]},{\"@type\":\"WebSite\",\"@id\":\"https:\/\/sanmiraspa.com\/en\/#website\",\"url\":\"https:\/\/sanmiraspa.com\/en\/\",\"name\":\"San Mira - Be healthy every day\",\"description\":\"Be healthy every day\",\"potentialAction\":[{\"@type\":\"SearchAction\",\"target\":{\"@type\":\"EntryPoint\",\"urlTemplate\":\"https:\/\/sanmiraspa.com\/en\/?s={search_term_string}\"},\"query-input\":\"required name=search_term_string\"}],\"inLanguage\":\"en-US\"}]}<\/script>\n<!-- \/ Yoast SEO plugin. -->","yoast_head_json":{"title":"Hair care shampoo & relax - San Mira - Be healthy every day","robots":{"index":"index","follow":"follow","max-snippet":"max-snippet:-1","max-image-preview":"max-image-preview:large","max-video-preview":"max-video-preview:-1"},"canonical":"https:\/\/sanmiraspa.com\/en\/goi-dau-duong-sinh-thu-gian\/","og_locale":"en_US","og_type":"article","og_title":"Hair care shampoo & relax - San Mira - Be healthy every day","og_description":"Time: 60 minutes Detox and Restore Dry Hair  How long have you not felt the softness and bounce of your hair? So this is a relaxing hair care shampoo package from San Mira house just for you, with a line of benign natural products to help you restore dry, lifeless hair.","og_url":"https:\/\/sanmiraspa.com\/en\/goi-dau-duong-sinh-thu-gian\/","og_site_name":"San Mira - Be healthy every day","article_modified_time":"2024-07-10T03:27:54+00:00","og_image":[{"width":985,"height":570,"url":"https:\/\/sanmiraspa.com\/en\/wp-content\/uploads\/2022\/11\/aa1c5514b034756a2c25.jpg","type":"image\/jpeg"}],"twitter_card":"summary_large_image","twitter_misc":{"Est. reading time":"2 minutes"},"schema":{"@context":"https:\/\/schema.org","@graph":[{"@type":"WebPage","@id":"https:\/\/sanmiraspa.com\/en\/goi-dau-duong-sinh-thu-gian\/","url":"https:\/\/sanmiraspa.com\/en\/goi-dau-duong-sinh-thu-gian\/","name":"Hair care shampoo & relax - San Mira - Be healthy every day","isPartOf":{"@id":"https:\/\/sanmiraspa.com\/en\/#website"},"datePublished":"2022-11-26T04:51:29+00:00","dateModified":"2024-07-10T03:27:54+00:00","breadcrumb":{"@id":"https:\/\/sanmiraspa.com\/en\/goi-dau-duong-sinh-thu-gian\/#breadcrumb"},"inLanguage":"en-US","potentialAction":[{"@type":"ReadAction","target":["https:\/\/sanmiraspa.com\/en\/goi-dau-duong-sinh-thu-gian\/"]}]},{"@type":"BreadcrumbList","@id":"https:\/\/sanmiraspa.com\/en\/goi-dau-duong-sinh-thu-gian\/#breadcrumb","itemListElement":[{"@type":"ListItem","position":1,"name":"Home","item":"https:\/\/sanmiraspa.com\/en\/"},{"@type":"ListItem","position":2,"name":"Shop","item":"https:\/\/sanmiraspa.com\/en\/shop\/"},{"@type":"ListItem","position":3,"name":"Hair care shampoo &#038; relax"}]},{"@type":"WebSite","@id":"https:\/\/sanmiraspa.com\/en\/#website","url":"https:\/\/sanmiraspa.com\/en\/","name":"San Mira - Be healthy every day","description":"Be healthy every day","potentialAction":[{"@type":"SearchAction","target":{"@type":"EntryPoint","urlTemplate":"https:\/\/sanmiraspa.com\/en\/?s={search_term_string}"},"query-input":"required name=search_term_string"}],"inLanguage":"en-US"}]}},"_links":{"self":[{"href":"https:\/\/sanmiraspa.com\/en\/wp-json\/wp\/v2\/product\/634"}],"collection":[{"href":"https:\/\/sanmiraspa.com\/en\/wp-json\/wp\/v2\/product"}],"about":[{"href":"https:\/\/sanmiraspa.com\/en\/wp-json\/wp\/v2\/types\/product"}],"replies":[{"embeddable":true,"href":"https:\/\/sanmiraspa.com\/en\/wp-json\/wp\/v2\/comments?post=634"}],"wp:featuredmedia":[{"embeddable":true,"href":"https:\/\/sanmiraspa.com\/en\/wp-json\/wp\/v2\/media\/635"}],"wp:attachment":[{"href":"https:\/\/sanmiraspa.com\/en\/wp-json\/wp\/v2\/media?parent=634"}],"wp:term":[{"taxonomy":"product_cat","embeddable":true,"href":"https:\/\/sanmiraspa.com\/en\/wp-json\/wp\/v2\/product_cat?post=634"},{"taxonomy":"product_tag","embeddable":true,"href":"https:\/\/sanmiraspa.com\/en\/wp-json\/wp\/v2\/product_tag?post=634"}],"curies":[{"name":"wp","href":"https:\/\/api.w.org\/{rel}","templated":true}]}}