{"id":464,"date":"2022-11-23T17:41:29","date_gmt":"2022-11-23T10:41:29","guid":{"rendered":"https:\/\/sanmiraspa.com\/?post_type=product&#038;p=464"},"modified":"2023-09-06T17:13:06","modified_gmt":"2023-09-06T10:13:06","slug":"wax-chan-dap-duong","status":"publish","type":"product","link":"https:\/\/sanmiraspa.com\/en\/wax-chan-dap-duong\/","title":{"rendered":"Feet wax + Nourishing"},"content":{"rendered":"","protected":false},"excerpt":{"rendered":"<p>Ph\u01b0\u01a1ng ph\u00e1p Wax l\u00f4ng n\u00e0y c\u00f3 r\u1ea5t nhi\u1ec1u \u01b0u \u0111i\u1ec3m kh\u00e1c nh\u01b0 :<\/p>\n<p>H\u1ea1n ch\u1ebf \u0111\u01b0\u1ee3c l\u01b0\u1ee3ng m\u1ed3 h\u00f4i ti\u1ebft ra<\/p>\n<p>Tr\u00e1nh t\u00ecnh tr\u1ea1ng l\u00f4ng m\u1ecdc ng\u01b0\u1ee3c, m\u1ecdc c\u1ee9ng h\u01a1n so v\u1edbi c\u00e1c ph\u01b0\u01a1ng ph\u00e1p nh\u1ed5 l\u00f4ng th\u00f4ng th\u01b0\u1eddng.<\/p>\n<p>L\u00f4ng s\u1ebd m\u1ecfng v\u00e0 th\u01b0a \u0111i sau nhi\u1ec1u l\u1ea7n wax.va\u0300 \u0111\u1eb7c bi\u1ec7t kh\u00f4ng l\u00e0m to l\u1ed7 ch\u00e2n l\u00f4ng, ta\u0323i v\u00f9ng Wax.<\/p>\n<p>Chi ph\u00ed ti\u1ebfp ki\u1ec7m h\u01a1n r\u1ea5t nhi\u1ec1u so v\u1edbi c\u00e1c ph\u01b0\u01a1ng ph\u00e1p tri\u1ec7t l\u00f4ng tr\u00ean th\u1ecb tr\u01b0\u1eddng v\u00e0 t\u1ea1i San Mira Spa t\u1ea5t c\u1ea3 c\u00e1c nguy\u00ean li\u1ec7u Wax l\u00f4ng r\u1ea5t an to\u00e0n v\u00e0 \u0111\u1ea3m b\u1ea3o<\/p>\n","protected":false},"featured_media":472,"comment_status":"closed","ping_status":"closed","template":"","meta":[],"product_cat":[16,26],"product_tag":[],"acf":[],"yoast_head":"<!-- This site is optimized with the Yoast SEO plugin v19.10 - https:\/\/yoast.com\/wordpress\/plugins\/seo\/ -->\n<title>Feet wax + Nourishing - San Mira - Be healthy every day<\/title>\n<meta name=\"robots\" content=\"index, follow, max-snippet:-1, max-image-preview:large, max-video-preview:-1\" \/>\n<link rel=\"canonical\" href=\"https:\/\/sanmiraspa.com\/en\/wax-chan-dap-duong\/\" \/>\n<meta property=\"og:locale\" content=\"en_US\" \/>\n<meta property=\"og:type\" content=\"article\" \/>\n<meta property=\"og:title\" content=\"Feet wax + Nourishing - San Mira - Be healthy every day\" \/>\n<meta property=\"og:description\" content=\"Ph\u01b0\u01a1ng ph\u00e1p Wax l\u00f4ng n\u00e0y c\u00f3 r\u1ea5t nhi\u1ec1u \u01b0u \u0111i\u1ec3m kh\u00e1c nh\u01b0 :  H\u1ea1n ch\u1ebf \u0111\u01b0\u1ee3c l\u01b0\u1ee3ng m\u1ed3 h\u00f4i ti\u1ebft ra  Tr\u00e1nh t\u00ecnh tr\u1ea1ng l\u00f4ng m\u1ecdc ng\u01b0\u1ee3c, m\u1ecdc c\u1ee9ng h\u01a1n so v\u1edbi c\u00e1c ph\u01b0\u01a1ng ph\u00e1p nh\u1ed5 l\u00f4ng th\u00f4ng th\u01b0\u1eddng.  L\u00f4ng s\u1ebd m\u1ecfng v\u00e0 th\u01b0a \u0111i sau nhi\u1ec1u l\u1ea7n wax.va\u0300 \u0111\u1eb7c bi\u1ec7t kh\u00f4ng l\u00e0m to l\u1ed7 ch\u00e2n l\u00f4ng, ta\u0323i v\u00f9ng Wax.  Chi ph\u00ed ti\u1ebfp ki\u1ec7m h\u01a1n r\u1ea5t nhi\u1ec1u so v\u1edbi c\u00e1c ph\u01b0\u01a1ng ph\u00e1p tri\u1ec7t l\u00f4ng tr\u00ean th\u1ecb tr\u01b0\u1eddng v\u00e0 t\u1ea1i San Mira Spa t\u1ea5t c\u1ea3 c\u00e1c nguy\u00ean li\u1ec7u Wax l\u00f4ng r\u1ea5t an to\u00e0n v\u00e0 \u0111\u1ea3m b\u1ea3o\" \/>\n<meta property=\"og:url\" content=\"https:\/\/sanmiraspa.com\/en\/wax-chan-dap-duong\/\" \/>\n<meta property=\"og:site_name\" content=\"San Mira - Be healthy every day\" \/>\n<meta property=\"article:modified_time\" content=\"2023-09-06T10:13:06+00:00\" \/>\n<meta property=\"og:image\" content=\"https:\/\/sanmiraspa.com\/en\/wp-content\/uploads\/2022\/11\/wax-gia-re.png\" \/>\n\t<meta property=\"og:image:width\" content=\"400\" \/>\n\t<meta property=\"og:image:height\" content=\"500\" \/>\n\t<meta property=\"og:image:type\" content=\"image\/png\" \/>\n<meta name=\"twitter:card\" content=\"summary_large_image\" \/>\n<script type=\"application\/ld+json\" class=\"yoast-schema-graph\">{\"@context\":\"https:\/\/schema.org\",\"@graph\":[{\"@type\":\"WebPage\",\"@id\":\"https:\/\/sanmiraspa.com\/en\/wax-chan-dap-duong\/\",\"url\":\"https:\/\/sanmiraspa.com\/en\/wax-chan-dap-duong\/\",\"name\":\"Feet wax + Nourishing - San Mira - Be healthy every day\",\"isPartOf\":{\"@id\":\"https:\/\/sanmiraspa.com\/en\/#website\"},\"datePublished\":\"2022-11-23T10:41:29+00:00\",\"dateModified\":\"2023-09-06T10:13:06+00:00\",\"breadcrumb\":{\"@id\":\"https:\/\/sanmiraspa.com\/en\/wax-chan-dap-duong\/#breadcrumb\"},\"inLanguage\":\"en-US\",\"potentialAction\":[{\"@type\":\"ReadAction\",\"target\":[\"https:\/\/sanmiraspa.com\/en\/wax-chan-dap-duong\/\"]}]},{\"@type\":\"BreadcrumbList\",\"@id\":\"https:\/\/sanmiraspa.com\/en\/wax-chan-dap-duong\/#breadcrumb\",\"itemListElement\":[{\"@type\":\"ListItem\",\"position\":1,\"name\":\"Home\",\"item\":\"https:\/\/sanmiraspa.com\/en\/\"},{\"@type\":\"ListItem\",\"position\":2,\"name\":\"Shop\",\"item\":\"https:\/\/sanmiraspa.com\/en\/shop\/\"},{\"@type\":\"ListItem\",\"position\":3,\"name\":\"Feet wax + Nourishing\"}]},{\"@type\":\"WebSite\",\"@id\":\"https:\/\/sanmiraspa.com\/en\/#website\",\"url\":\"https:\/\/sanmiraspa.com\/en\/\",\"name\":\"San Mira - Be healthy every day\",\"description\":\"Be healthy every day\",\"potentialAction\":[{\"@type\":\"SearchAction\",\"target\":{\"@type\":\"EntryPoint\",\"urlTemplate\":\"https:\/\/sanmiraspa.com\/en\/?s={search_term_string}\"},\"query-input\":\"required name=search_term_string\"}],\"inLanguage\":\"en-US\"}]}<\/script>\n<!-- \/ Yoast SEO plugin. -->","yoast_head_json":{"title":"Feet wax + Nourishing - San Mira - Be healthy every day","robots":{"index":"index","follow":"follow","max-snippet":"max-snippet:-1","max-image-preview":"max-image-preview:large","max-video-preview":"max-video-preview:-1"},"canonical":"https:\/\/sanmiraspa.com\/en\/wax-chan-dap-duong\/","og_locale":"en_US","og_type":"article","og_title":"Feet wax + Nourishing - San Mira - Be healthy every day","og_description":"Ph\u01b0\u01a1ng ph\u00e1p Wax l\u00f4ng n\u00e0y c\u00f3 r\u1ea5t nhi\u1ec1u \u01b0u \u0111i\u1ec3m kh\u00e1c nh\u01b0 :  H\u1ea1n ch\u1ebf \u0111\u01b0\u1ee3c l\u01b0\u1ee3ng m\u1ed3 h\u00f4i ti\u1ebft ra  Tr\u00e1nh t\u00ecnh tr\u1ea1ng l\u00f4ng m\u1ecdc ng\u01b0\u1ee3c, m\u1ecdc c\u1ee9ng h\u01a1n so v\u1edbi c\u00e1c ph\u01b0\u01a1ng ph\u00e1p nh\u1ed5 l\u00f4ng th\u00f4ng th\u01b0\u1eddng.  L\u00f4ng s\u1ebd m\u1ecfng v\u00e0 th\u01b0a \u0111i sau nhi\u1ec1u l\u1ea7n wax.va\u0300 \u0111\u1eb7c bi\u1ec7t kh\u00f4ng l\u00e0m to l\u1ed7 ch\u00e2n l\u00f4ng, ta\u0323i v\u00f9ng Wax.  Chi ph\u00ed ti\u1ebfp ki\u1ec7m h\u01a1n r\u1ea5t nhi\u1ec1u so v\u1edbi c\u00e1c ph\u01b0\u01a1ng ph\u00e1p tri\u1ec7t l\u00f4ng tr\u00ean th\u1ecb tr\u01b0\u1eddng v\u00e0 t\u1ea1i San Mira Spa t\u1ea5t c\u1ea3 c\u00e1c nguy\u00ean li\u1ec7u Wax l\u00f4ng r\u1ea5t an to\u00e0n v\u00e0 \u0111\u1ea3m b\u1ea3o","og_url":"https:\/\/sanmiraspa.com\/en\/wax-chan-dap-duong\/","og_site_name":"San Mira - Be healthy every day","article_modified_time":"2023-09-06T10:13:06+00:00","og_image":[{"width":400,"height":500,"url":"https:\/\/sanmiraspa.com\/en\/wp-content\/uploads\/2022\/11\/wax-gia-re.png","type":"image\/png"}],"twitter_card":"summary_large_image","schema":{"@context":"https:\/\/schema.org","@graph":[{"@type":"WebPage","@id":"https:\/\/sanmiraspa.com\/en\/wax-chan-dap-duong\/","url":"https:\/\/sanmiraspa.com\/en\/wax-chan-dap-duong\/","name":"Feet wax + Nourishing - San Mira - Be healthy every day","isPartOf":{"@id":"https:\/\/sanmiraspa.com\/en\/#website"},"datePublished":"2022-11-23T10:41:29+00:00","dateModified":"2023-09-06T10:13:06+00:00","breadcrumb":{"@id":"https:\/\/sanmiraspa.com\/en\/wax-chan-dap-duong\/#breadcrumb"},"inLanguage":"en-US","potentialAction":[{"@type":"ReadAction","target":["https:\/\/sanmiraspa.com\/en\/wax-chan-dap-duong\/"]}]},{"@type":"BreadcrumbList","@id":"https:\/\/sanmiraspa.com\/en\/wax-chan-dap-duong\/#breadcrumb","itemListElement":[{"@type":"ListItem","position":1,"name":"Home","item":"https:\/\/sanmiraspa.com\/en\/"},{"@type":"ListItem","position":2,"name":"Shop","item":"https:\/\/sanmiraspa.com\/en\/shop\/"},{"@type":"ListItem","position":3,"name":"Feet wax + Nourishing"}]},{"@type":"WebSite","@id":"https:\/\/sanmiraspa.com\/en\/#website","url":"https:\/\/sanmiraspa.com\/en\/","name":"San Mira - Be healthy every day","description":"Be healthy every day","potentialAction":[{"@type":"SearchAction","target":{"@type":"EntryPoint","urlTemplate":"https:\/\/sanmiraspa.com\/en\/?s={search_term_string}"},"query-input":"required name=search_term_string"}],"inLanguage":"en-US"}]}},"_links":{"self":[{"href":"https:\/\/sanmiraspa.com\/en\/wp-json\/wp\/v2\/product\/464"}],"collection":[{"href":"https:\/\/sanmiraspa.com\/en\/wp-json\/wp\/v2\/product"}],"about":[{"href":"https:\/\/sanmiraspa.com\/en\/wp-json\/wp\/v2\/types\/product"}],"replies":[{"embeddable":true,"href":"https:\/\/sanmiraspa.com\/en\/wp-json\/wp\/v2\/comments?post=464"}],"wp:featuredmedia":[{"embeddable":true,"href":"https:\/\/sanmiraspa.com\/en\/wp-json\/wp\/v2\/media\/472"}],"wp:attachment":[{"href":"https:\/\/sanmiraspa.com\/en\/wp-json\/wp\/v2\/media?parent=464"}],"wp:term":[{"taxonomy":"product_cat","embeddable":true,"href":"https:\/\/sanmiraspa.com\/en\/wp-json\/wp\/v2\/product_cat?post=464"},{"taxonomy":"product_tag","embeddable":true,"href":"https:\/\/sanmiraspa.com\/en\/wp-json\/wp\/v2\/product_tag?post=464"}],"curies":[{"name":"wp","href":"https:\/\/api.w.org\/{rel}","templated":true}]}}