{"id":365,"date":"2022-11-19T10:33:54","date_gmt":"2022-11-19T03:33:54","guid":{"rendered":"https:\/\/sanmiraspa.com\/?post_type=product&#038;p=365"},"modified":"2024-07-10T10:30:34","modified_gmt":"2024-07-10T03:30:34","slug":"goi-dau-cap-thao-moc","status":"publish","type":"product","link":"https:\/\/sanmiraspa.com\/en\/goi-dau-cap-thao-moc\/","title":{"rendered":"Herbs Shampoo &#038; Conditioners"},"content":{"rendered":"<p id=\"tw-target-text\" class=\"tw-data-text tw-text-large tw-ta\" dir=\"ltr\" data-placeholder=\"B\u1ea3n d\u1ecbch\"><span class=\"Y2IQFc\" lang=\"en\" style=\"font-family: 'times new roman', times, serif;\">A thick hairline, little grooves on the scalp are also one of the factors that make up the beauty of our appearance. Every guest coming to <strong>San Mira<\/strong> is a charm, and with all the heart and enthusiasm of <strong>San Mira Spa<\/strong>, along with benign herbs, natural extracts and almost no chemical ingredients. There is no other way to help nourish a healthy scalp, take care of the &#8220;background&#8221;, the &#8220;root&#8221; of each hair. So let&#8217;s see what <strong>San Mira&#8217;s<\/strong> herbal shampoo has!<\/span><\/p>\n<p dir=\"ltr\" data-placeholder=\"B\u1ea3n d\u1ecbch\"><img decoding=\"async\" loading=\"lazy\" class=\"size-full wp-image-1299 aligncenter\" src=\"https:\/\/sanmiraspa.com\/en\/wp-content\/uploads\/2022\/11\/cach-lam-dau-goi-thao-duoc-1.jpg\" alt=\"\" width=\"716\" height=\"754\" srcset=\"https:\/\/sanmiraspa.com\/en\/wp-content\/uploads\/2022\/11\/cach-lam-dau-goi-thao-duoc-1.jpg 716w, https:\/\/sanmiraspa.com\/en\/wp-content\/uploads\/2022\/11\/cach-lam-dau-goi-thao-duoc-1-285x300.jpg 285w, https:\/\/sanmiraspa.com\/en\/wp-content\/uploads\/2022\/11\/cach-lam-dau-goi-thao-duoc-1-600x632.jpg 600w\" sizes=\"(max-width: 716px) 100vw, 716px\" \/><\/p>\n<p id=\"tw-target-text\" class=\"tw-data-text tw-text-large tw-ta\" dir=\"ltr\" data-placeholder=\"B\u1ea3n d\u1ecbch\"><strong><em><span class=\"Y2IQFc\" lang=\"en\" style=\"font-family: 'times new roman', times, serif; font-size: 150%; color: #00aae7;\">Effect of herbal shampoo:<\/span><\/em><\/strong><\/p>\n<pre class=\"tw-data-text tw-text-large tw-ta\" dir=\"ltr\" data-placeholder=\"B\u1ea3n d\u1ecbch\"><span class=\"Y2IQFc\" lang=\"en\" style=\"font-family: 'times new roman', times, serif;\">\ud83d\udc4d Safe for the scalp\r\n\r\n\ud83d\udc4d Effective hair loss treatment\r\n\r\n\ud83d\udc4d Stimulate hair growth quickly and safely, prevent hair loss\r\n\r\n\ud83d\udc4d Prevents head fungus and dandruff\r\n\r\n\ud83d\udc4d Smooth hair, reduce dryness\r\n\r\n\ud83d\udc4d Gives hair a natural scent\r\n<\/span><\/pre>\n<p id=\"tw-target-text\" class=\"tw-data-text tw-text-large tw-ta\" dir=\"ltr\" data-placeholder=\"B\u1ea3n d\u1ecbch\"><span class=\"Y2IQFc\" lang=\"en\" style=\"font-family: 'times new roman', times, serif;\">Instead you use shampoos containing chemicals every day. Try using natural shampoo products to nourish and restore naturally bouncy hair. <strong>San Mira Spa<\/strong> uses 100% natural products, so please feel free to experience it!<\/span><\/p>\n<p dir=\"ltr\" data-placeholder=\"B\u1ea3n d\u1ecbch\"><img decoding=\"async\" loading=\"lazy\" class=\"wp-image-1300 aligncenter\" src=\"https:\/\/sanmiraspa.com\/en\/wp-content\/uploads\/2022\/11\/z4183993296144_55bc01f5798c03f2b455f9141db79d2a-1024x577.jpg\" alt=\"\" width=\"721\" height=\"406\" srcset=\"https:\/\/sanmiraspa.com\/en\/wp-content\/uploads\/2022\/11\/z4183993296144_55bc01f5798c03f2b455f9141db79d2a-1024x577.jpg 1024w, https:\/\/sanmiraspa.com\/en\/wp-content\/uploads\/2022\/11\/z4183993296144_55bc01f5798c03f2b455f9141db79d2a-300x169.jpg 300w, https:\/\/sanmiraspa.com\/en\/wp-content\/uploads\/2022\/11\/z4183993296144_55bc01f5798c03f2b455f9141db79d2a-768x433.jpg 768w, https:\/\/sanmiraspa.com\/en\/wp-content\/uploads\/2022\/11\/z4183993296144_55bc01f5798c03f2b455f9141db79d2a-1536x865.jpg 1536w, https:\/\/sanmiraspa.com\/en\/wp-content\/uploads\/2022\/11\/z4183993296144_55bc01f5798c03f2b455f9141db79d2a-2048x1154.jpg 2048w, https:\/\/sanmiraspa.com\/en\/wp-content\/uploads\/2022\/11\/z4183993296144_55bc01f5798c03f2b455f9141db79d2a-600x338.jpg 600w\" sizes=\"(max-width: 721px) 100vw, 721px\" \/><\/p>\n<p id=\"tw-target-text\" class=\"tw-data-text tw-text-large tw-ta\" dir=\"ltr\" data-placeholder=\"B\u1ea3n d\u1ecbch\"><span style=\"color: #00aae7;\"><strong><em><span class=\"Y2IQFc\" lang=\"en\" style=\"font-size: 150%; font-family: 'times new roman', times, serif;\">San Mira herbal shampoo process:<\/span><\/em><\/strong><\/span><\/p>\n<pre id=\"tw-target-text\" class=\"tw-data-text tw-text-large tw-ta\" dir=\"ltr\" data-placeholder=\"B\u1ea3n d\u1ecbch\"><span class=\"Y2IQFc\" lang=\"en\" style=\"font-family: 'times new roman', times, serif;\">+ Step 1: Wash and scratch your hair in the style of San Mira's house\r\n+ Step 2: Wash your hair for the first time to remove dirt and oil from your hair\r\n+ Step 3: Wash the second time deeply scratching combined with massage to help relax the head area to create a pleasant feeling.\r\n+ Step 4: Scratch and press the acupoints of the ear and head areas\r\n+ Step 5: Rinse and condition your hair with natural ingredients from San Mira's house\r\n+ Step 6: Massage the acupuncture points of the head and neck to help circulate blood and create a pleasant feeling while incubating the hair\r\n+ Step 7: Rinse the hair to clean the head area\r\n+ Step 8: Dry your hair and spray San Mira hair oil\r\n<img decoding=\"async\" loading=\"lazy\" class=\" wp-image-1301 aligncenter\" src=\"https:\/\/sanmiraspa.com\/en\/wp-content\/uploads\/2022\/11\/z4184276604026_16cc752818eec6ce56be400f404150d1-768x417-1.jpg\" alt=\"\" width=\"720\" height=\"391\" srcset=\"https:\/\/sanmiraspa.com\/en\/wp-content\/uploads\/2022\/11\/z4184276604026_16cc752818eec6ce56be400f404150d1-768x417-1.jpg 768w, https:\/\/sanmiraspa.com\/en\/wp-content\/uploads\/2022\/11\/z4184276604026_16cc752818eec6ce56be400f404150d1-768x417-1-300x163.jpg 300w, https:\/\/sanmiraspa.com\/en\/wp-content\/uploads\/2022\/11\/z4184276604026_16cc752818eec6ce56be400f404150d1-768x417-1-600x326.jpg 600w\" sizes=\"(max-width: 720px) 100vw, 720px\" \/>\r\n\u2014\u2014\u2014\u2014\u2014-\r\nSan Mira Spa\r\nNo TIP\r\n\u26d4Facebook:\u00a0<a href=\"https:\/\/www.facebook.com\/profile.php?id=100086325980282\">https:\/\/www.facebook.com\/profile.php?id=100086325980282<\/a>\r\n\u26d4Instagram:\u00a0<a href=\"https:\/\/www.instagram.com\/sanmiraspa\/\">https:\/\/www.instagram.com\/sanmiraspa\/<\/a>\r\nBranches:\r\n\ud83c\udf3a CN1: B4X3 K\u0110T M\u1ef9 \u0110\u00ecnh 1, C\u1ea7u Di\u1ec5n, Nam T\u1eeb Li\u00eam, H\u00e0 N\u1ed9i ( \u0110\u1ed1i di\u1ec7n h\u1ea7m g\u1eedi xe to\u00e0 nh\u00e0 Florencer)\r\n\u260e\ufe0f Hotline\/Zalo : 0375566559\r\n\ud83c\udf3a CN2: 17E L\u00f4 A10 K\u0110T Nam Trung Y\u00ean, Y\u00ean H\u00f2a, C\u1ea7u Gi\u1ea5y, H\u00e0 N\u1ed9i ( \u0110\u1ed1i di\u1ec7n s\u1ea3nh chung c\u01b0 CT2)\r\n\u260e\ufe0f Hotline\/Zalo : 0976301259\r\n<\/span><\/pre>\n<pre id=\"tw-target-text\" class=\"tw-data-text tw-text-large tw-ta\" dir=\"ltr\" data-placeholder=\"B\u1ea3n d\u1ecbch\"><\/pre>\n","protected":false},"excerpt":{"rendered":"<p><span style=\"font-family: 'times new roman', times, serif;\"><b>Time<\/b>: 45 ph\u00fat<\/span><\/p>\n<div dir=\"auto\">\n<p id=\"tw-target-text\" class=\"tw-data-text tw-text-large tw-ta\" dir=\"ltr\" data-placeholder=\"B\u1ea3n d\u1ecbch\"><span class=\"Y2IQFc\" lang=\"en\" style=\"font-family: 'times new roman', times, serif;\">Since ancient times, washing hair with natural ingredients has always been the way that mothers and grandmothers apply to take care of their hair. In addition to the useful effects as a natural herbal flavor to help smooth and strong hair, clean the scalp, stimulate hair growth, treat scalp fungus, etc., washing hair with natural ingredients also helps us. Limit exposure to chemicals that are harmful to health.<\/span><\/p>\n<\/div>\n","protected":false},"featured_media":366,"comment_status":"open","ping_status":"closed","template":"","meta":[],"product_cat":[16,31],"product_tag":[],"acf":[],"yoast_head":"<!-- This site is optimized with the Yoast SEO plugin v19.10 - https:\/\/yoast.com\/wordpress\/plugins\/seo\/ -->\n<title>Herbs Shampoo &amp; Conditioners - San Mira - Be healthy every day<\/title>\n<meta name=\"robots\" content=\"index, follow, max-snippet:-1, max-image-preview:large, max-video-preview:-1\" \/>\n<link rel=\"canonical\" href=\"https:\/\/sanmiraspa.com\/en\/goi-dau-cap-thao-moc\/\" \/>\n<meta property=\"og:locale\" content=\"en_US\" \/>\n<meta property=\"og:type\" content=\"article\" \/>\n<meta property=\"og:title\" content=\"Herbs Shampoo &amp; Conditioners - San Mira - Be healthy every day\" \/>\n<meta property=\"og:description\" content=\"Time: 45 ph\u00fat  Since ancient times, washing hair with natural ingredients has always been the way that mothers and grandmothers apply to take care of their hair. In addition to the useful effects as a natural herbal flavor to help smooth and strong hair, clean the scalp, stimulate hair growth, treat scalp fungus, etc., washing hair with natural ingredients also helps us. Limit exposure to chemicals that are harmful to health.\" \/>\n<meta property=\"og:url\" content=\"https:\/\/sanmiraspa.com\/en\/goi-dau-cap-thao-moc\/\" \/>\n<meta property=\"og:site_name\" content=\"San Mira - Be healthy every day\" \/>\n<meta property=\"article:modified_time\" content=\"2024-07-10T03:30:34+00:00\" \/>\n<meta property=\"og:image\" content=\"https:\/\/sanmiraspa.com\/en\/wp-content\/uploads\/2022\/11\/Goi-Dau-Cap-Thao-Moc.jpg\" \/>\n\t<meta property=\"og:image:width\" content=\"2560\" \/>\n\t<meta property=\"og:image:height\" content=\"1707\" \/>\n\t<meta property=\"og:image:type\" content=\"image\/jpeg\" \/>\n<meta name=\"twitter:card\" content=\"summary_large_image\" \/>\n<meta name=\"twitter:label1\" content=\"Est. reading time\" \/>\n\t<meta name=\"twitter:data1\" content=\"3 minutes\" \/>\n<script type=\"application\/ld+json\" class=\"yoast-schema-graph\">{\"@context\":\"https:\/\/schema.org\",\"@graph\":[{\"@type\":\"WebPage\",\"@id\":\"https:\/\/sanmiraspa.com\/en\/goi-dau-cap-thao-moc\/\",\"url\":\"https:\/\/sanmiraspa.com\/en\/goi-dau-cap-thao-moc\/\",\"name\":\"Herbs Shampoo & Conditioners - San Mira - Be healthy every day\",\"isPartOf\":{\"@id\":\"https:\/\/sanmiraspa.com\/en\/#website\"},\"datePublished\":\"2022-11-19T03:33:54+00:00\",\"dateModified\":\"2024-07-10T03:30:34+00:00\",\"breadcrumb\":{\"@id\":\"https:\/\/sanmiraspa.com\/en\/goi-dau-cap-thao-moc\/#breadcrumb\"},\"inLanguage\":\"en-US\",\"potentialAction\":[{\"@type\":\"ReadAction\",\"target\":[\"https:\/\/sanmiraspa.com\/en\/goi-dau-cap-thao-moc\/\"]}]},{\"@type\":\"BreadcrumbList\",\"@id\":\"https:\/\/sanmiraspa.com\/en\/goi-dau-cap-thao-moc\/#breadcrumb\",\"itemListElement\":[{\"@type\":\"ListItem\",\"position\":1,\"name\":\"Home\",\"item\":\"https:\/\/sanmiraspa.com\/en\/\"},{\"@type\":\"ListItem\",\"position\":2,\"name\":\"Shop\",\"item\":\"https:\/\/sanmiraspa.com\/en\/shop\/\"},{\"@type\":\"ListItem\",\"position\":3,\"name\":\"Herbs Shampoo &#038; Conditioners\"}]},{\"@type\":\"WebSite\",\"@id\":\"https:\/\/sanmiraspa.com\/en\/#website\",\"url\":\"https:\/\/sanmiraspa.com\/en\/\",\"name\":\"San Mira - Be healthy every day\",\"description\":\"Be healthy every day\",\"potentialAction\":[{\"@type\":\"SearchAction\",\"target\":{\"@type\":\"EntryPoint\",\"urlTemplate\":\"https:\/\/sanmiraspa.com\/en\/?s={search_term_string}\"},\"query-input\":\"required name=search_term_string\"}],\"inLanguage\":\"en-US\"}]}<\/script>\n<!-- \/ Yoast SEO plugin. -->","yoast_head_json":{"title":"Herbs Shampoo & Conditioners - San Mira - Be healthy every day","robots":{"index":"index","follow":"follow","max-snippet":"max-snippet:-1","max-image-preview":"max-image-preview:large","max-video-preview":"max-video-preview:-1"},"canonical":"https:\/\/sanmiraspa.com\/en\/goi-dau-cap-thao-moc\/","og_locale":"en_US","og_type":"article","og_title":"Herbs Shampoo & Conditioners - San Mira - Be healthy every day","og_description":"Time: 45 ph\u00fat  Since ancient times, washing hair with natural ingredients has always been the way that mothers and grandmothers apply to take care of their hair. In addition to the useful effects as a natural herbal flavor to help smooth and strong hair, clean the scalp, stimulate hair growth, treat scalp fungus, etc., washing hair with natural ingredients also helps us. Limit exposure to chemicals that are harmful to health.","og_url":"https:\/\/sanmiraspa.com\/en\/goi-dau-cap-thao-moc\/","og_site_name":"San Mira - Be healthy every day","article_modified_time":"2024-07-10T03:30:34+00:00","og_image":[{"width":2560,"height":1707,"url":"https:\/\/sanmiraspa.com\/en\/wp-content\/uploads\/2022\/11\/Goi-Dau-Cap-Thao-Moc.jpg","type":"image\/jpeg"}],"twitter_card":"summary_large_image","twitter_misc":{"Est. reading time":"3 minutes"},"schema":{"@context":"https:\/\/schema.org","@graph":[{"@type":"WebPage","@id":"https:\/\/sanmiraspa.com\/en\/goi-dau-cap-thao-moc\/","url":"https:\/\/sanmiraspa.com\/en\/goi-dau-cap-thao-moc\/","name":"Herbs Shampoo & Conditioners - San Mira - Be healthy every day","isPartOf":{"@id":"https:\/\/sanmiraspa.com\/en\/#website"},"datePublished":"2022-11-19T03:33:54+00:00","dateModified":"2024-07-10T03:30:34+00:00","breadcrumb":{"@id":"https:\/\/sanmiraspa.com\/en\/goi-dau-cap-thao-moc\/#breadcrumb"},"inLanguage":"en-US","potentialAction":[{"@type":"ReadAction","target":["https:\/\/sanmiraspa.com\/en\/goi-dau-cap-thao-moc\/"]}]},{"@type":"BreadcrumbList","@id":"https:\/\/sanmiraspa.com\/en\/goi-dau-cap-thao-moc\/#breadcrumb","itemListElement":[{"@type":"ListItem","position":1,"name":"Home","item":"https:\/\/sanmiraspa.com\/en\/"},{"@type":"ListItem","position":2,"name":"Shop","item":"https:\/\/sanmiraspa.com\/en\/shop\/"},{"@type":"ListItem","position":3,"name":"Herbs Shampoo &#038; Conditioners"}]},{"@type":"WebSite","@id":"https:\/\/sanmiraspa.com\/en\/#website","url":"https:\/\/sanmiraspa.com\/en\/","name":"San Mira - Be healthy every day","description":"Be healthy every day","potentialAction":[{"@type":"SearchAction","target":{"@type":"EntryPoint","urlTemplate":"https:\/\/sanmiraspa.com\/en\/?s={search_term_string}"},"query-input":"required name=search_term_string"}],"inLanguage":"en-US"}]}},"_links":{"self":[{"href":"https:\/\/sanmiraspa.com\/en\/wp-json\/wp\/v2\/product\/365"}],"collection":[{"href":"https:\/\/sanmiraspa.com\/en\/wp-json\/wp\/v2\/product"}],"about":[{"href":"https:\/\/sanmiraspa.com\/en\/wp-json\/wp\/v2\/types\/product"}],"replies":[{"embeddable":true,"href":"https:\/\/sanmiraspa.com\/en\/wp-json\/wp\/v2\/comments?post=365"}],"wp:featuredmedia":[{"embeddable":true,"href":"https:\/\/sanmiraspa.com\/en\/wp-json\/wp\/v2\/media\/366"}],"wp:attachment":[{"href":"https:\/\/sanmiraspa.com\/en\/wp-json\/wp\/v2\/media?parent=365"}],"wp:term":[{"taxonomy":"product_cat","embeddable":true,"href":"https:\/\/sanmiraspa.com\/en\/wp-json\/wp\/v2\/product_cat?post=365"},{"taxonomy":"product_tag","embeddable":true,"href":"https:\/\/sanmiraspa.com\/en\/wp-json\/wp\/v2\/product_tag?post=365"}],"curies":[{"name":"wp","href":"https:\/\/api.w.org\/{rel}","templated":true}]}}