{"id":360,"date":"2022-11-19T10:21:29","date_gmt":"2022-11-19T03:21:29","guid":{"rendered":"https:\/\/sanmiraspa.com\/?post_type=product&#038;p=360"},"modified":"2024-07-10T10:25:08","modified_gmt":"2024-07-10T03:25:08","slug":"goi-duong-sinh","status":"publish","type":"product","link":"https:\/\/sanmiraspa.com\/en\/goi-duong-sinh\/","title":{"rendered":"Nourishing Shampoo"},"content":{"rendered":"<p id=\"tw-target-text\" class=\"tw-data-text tw-text-large tw-ta\" dir=\"ltr\" data-placeholder=\"B\u1ea3n d\u1ecbch\"><span class=\"Y2IQFc\" lang=\"en\" style=\"font-family: 'times new roman', times, serif;\">There is an old saying that &#8220;The tooth and the hair are the human angle&#8221;. Therefore, in order to make a good impression in meetings, everyone pays great attention to their hair in many ways such as: washing hair regularly, using hair care shampoos, etc. birth-trend hair care popular today. So what is the nourishing shampoo, what are its uses and benefits, let&#8217;s find out with <strong>San Mira<\/strong>!<\/span><\/p>\n<p dir=\"ltr\" data-placeholder=\"B\u1ea3n d\u1ecbch\"><img decoding=\"async\" loading=\"lazy\" class=\"wp-image-1296 aligncenter\" src=\"https:\/\/sanmiraspa.com\/en\/wp-content\/uploads\/2022\/11\/z3744092364813_7980f66eda29d2a2261379ece27a0bb7-1024x683.jpg\" alt=\"\" width=\"719\" height=\"480\" srcset=\"https:\/\/sanmiraspa.com\/en\/wp-content\/uploads\/2022\/11\/z3744092364813_7980f66eda29d2a2261379ece27a0bb7-1024x683.jpg 1024w, https:\/\/sanmiraspa.com\/en\/wp-content\/uploads\/2022\/11\/z3744092364813_7980f66eda29d2a2261379ece27a0bb7-300x200.jpg 300w, https:\/\/sanmiraspa.com\/en\/wp-content\/uploads\/2022\/11\/z3744092364813_7980f66eda29d2a2261379ece27a0bb7-768x512.jpg 768w, https:\/\/sanmiraspa.com\/en\/wp-content\/uploads\/2022\/11\/z3744092364813_7980f66eda29d2a2261379ece27a0bb7-1536x1024.jpg 1536w, https:\/\/sanmiraspa.com\/en\/wp-content\/uploads\/2022\/11\/z3744092364813_7980f66eda29d2a2261379ece27a0bb7-600x400.jpg 600w, https:\/\/sanmiraspa.com\/en\/wp-content\/uploads\/2022\/11\/z3744092364813_7980f66eda29d2a2261379ece27a0bb7.jpg 2047w\" sizes=\"(max-width: 719px) 100vw, 719px\" \/><\/p>\n<p id=\"tw-target-text\" class=\"tw-data-text tw-text-large tw-ta\" dir=\"ltr\" data-placeholder=\"B\u1ea3n d\u1ecbch\"><strong><em><span class=\"Y2IQFc\" lang=\"en\" style=\"font-family: 'times new roman', times, serif; font-size: 150%; color: #00aae7;\">Great effects of Nourishing Shampoo:<\/span><\/em><\/strong><\/p>\n<ul>\n<li id=\"tw-target-text\" class=\"tw-data-text tw-text-large tw-ta\" dir=\"ltr\" data-placeholder=\"B\u1ea3n d\u1ecbch\"><span class=\"Y2IQFc\" lang=\"en\" style=\"font-family: 'times new roman', times, serif;\">It is a method of shampooing hair combined with therapeutic massage movements for the entire head, shoulders, nape and neck based on the principle of nourishment. <\/span><\/li>\n<li class=\"tw-data-text tw-text-large tw-ta\" dir=\"ltr\" data-placeholder=\"B\u1ea3n d\u1ecbch\"><span class=\"Y2IQFc\" lang=\"en\" style=\"font-family: 'times new roman', times, serif;\">The massage movements, acupressure in nourishing shampoo stimulate the scalp, help blood circulation, improve the condition of migraine, shoulder pain, insomnia &#8230; <\/span><\/li>\n<li class=\"tw-data-text tw-text-large tw-ta\" dir=\"ltr\" data-placeholder=\"B\u1ea3n d\u1ecbch\"><span class=\"Y2IQFc\" lang=\"en\" style=\"font-family: 'times new roman', times, serif;\">Helps strengthen hair by massage, acupressure, gently stimulating the roots and hair follicles to help hair grow faster, longer and thicker. <\/span><\/li>\n<li class=\"tw-data-text tw-text-large tw-ta\" dir=\"ltr\" data-placeholder=\"B\u1ea3n d\u1ecbch\"><span class=\"Y2IQFc\" lang=\"en\" style=\"font-family: 'times new roman', times, serif;\">Support to relieve stress, improve mental health, prevent aging and neurological diseases. <\/span><\/li>\n<li class=\"tw-data-text tw-text-large tw-ta\" dir=\"ltr\" data-placeholder=\"B\u1ea3n d\u1ecbch\"><span class=\"Y2IQFc\" lang=\"en\" style=\"font-family: 'times new roman', times, serif;\">Clean dandruff, make hair smooth, shiny, prevent hair loss as well as scalp diseases.<\/span><\/li>\n<\/ul>\n<p><img decoding=\"async\" loading=\"lazy\" class=\"wp-image-1297 aligncenter\" src=\"https:\/\/sanmiraspa.com\/en\/wp-content\/uploads\/2022\/11\/mat-dap-duong-1024x760.jpg\" alt=\"\" width=\"721\" height=\"535\" srcset=\"https:\/\/sanmiraspa.com\/en\/wp-content\/uploads\/2022\/11\/mat-dap-duong-1024x760.jpg 1024w, https:\/\/sanmiraspa.com\/en\/wp-content\/uploads\/2022\/11\/mat-dap-duong-300x223.jpg 300w, https:\/\/sanmiraspa.com\/en\/wp-content\/uploads\/2022\/11\/mat-dap-duong-768x570.jpg 768w, https:\/\/sanmiraspa.com\/en\/wp-content\/uploads\/2022\/11\/mat-dap-duong-600x445.jpg 600w, https:\/\/sanmiraspa.com\/en\/wp-content\/uploads\/2022\/11\/mat-dap-duong.jpg 1241w\" sizes=\"(max-width: 721px) 100vw, 721px\" \/><\/p>\n<p id=\"tw-target-text\" class=\"tw-data-text tw-text-large tw-ta\" dir=\"ltr\" data-placeholder=\"B\u1ea3n d\u1ecbch\"><span class=\"Y2IQFc\" lang=\"en\" style=\"font-family: 'times new roman', times, serif;\">Thanks to such great health benefits, Nourishing Shampoo has become a service that is trusted and preferred by many customers. This is considered a &#8220;panacea&#8221; to help fight fatigue, relax and improve health effectively!<\/span><\/p>\n<p id=\"tw-target-text\" class=\"tw-data-text tw-text-large tw-ta\" dir=\"ltr\" data-placeholder=\"B\u1ea3n d\u1ecbch\"><span class=\"Y2IQFc\" lang=\"en\" style=\"font-family: 'times new roman', times, serif;\">Facial skin care with steps from exfoliating, massage &#8230; and mask with completely natural products gradually regenerate and make the skin.<\/span><\/p>\n<p id=\"tw-target-text\" class=\"tw-data-text tw-text-large tw-ta\" dir=\"ltr\" data-placeholder=\"B\u1ea3n d\u1ecbch\"><span class=\"Y2IQFc\" lang=\"en\" style=\"font-family: 'times new roman', times, serif;\">Wash and massage your hair with herbal oil in the style of <strong>San Mira&#8217;s<\/strong> house for smooth hair, reduce breakage&#8230; With completely herbal ingredients to take care of you from skin, hair, bones, etc. to rejuvenate and become healthier every day, that&#8217;s the goal that San Mira is always aiming for.<\/span><\/p>\n<p id=\"tw-target-text\" class=\"tw-data-text tw-text-large tw-ta\" dir=\"ltr\" data-placeholder=\"B\u1ea3n d\u1ecbch\"><span style=\"color: #ff0000;\"><em><strong><span class=\"Y2IQFc\" lang=\"en\" style=\"font-family: 'times new roman', times, serif; font-size: 140%;\">San Mira&#8217;s house is having a super promotion: 20% off when going to individual sessions and 35% off when buying treatment cards for all those services!!<\/span><\/strong><\/em><\/span><\/p>\n<pre class=\"tw-data-text tw-text-large tw-ta\" dir=\"ltr\" data-placeholder=\"B\u1ea3n d\u1ecbch\"><span style=\"color: #50b848;\"><strong><span class=\"Y2IQFc\" lang=\"en\" style=\"font-family: 'times new roman', times, serif; font-size: 110%;\">How to wash San Mira's home, let's see here: <a href=\"https:\/\/www.youtube.com\/shorts\/cjLnT66MkUI\">https:\/\/www.youtube.com\/shorts\/cjLnT66MkUI\r\n<\/a><\/span><\/strong><\/span><\/pre>\n<p id=\"tw-target-text\" class=\"tw-data-text tw-text-large tw-ta\" dir=\"ltr\" data-placeholder=\"B\u1ea3n d\u1ecbch\"><span style=\"color: #00aae7;\"><em><strong><span class=\"Y2IQFc\" lang=\"en\" style=\"font-size: 150%; font-family: 'times new roman', times, serif;\">The 15-step process of nourishing hair shampoo at San Mira:<br \/>\n<\/span><\/strong><\/em><\/span><\/p>\n<p class=\"tw-data-text tw-text-large tw-ta\" dir=\"ltr\" data-placeholder=\"B\u1ea3n d\u1ecbch\"><span class=\"Y2IQFc\" lang=\"en\" style=\"font-family: 'times new roman', times, serif;\">+ B\u01b0\u1edbc 1: Steam your head with 5 herbs from nature with pleasant aroma to dispel stress. + B\u01b0\u1edbc 2: Remove makeup to remove oil and dust + B\u01b0\u1edbc 3: Wash your face to clean more deeply and remove the shallow layers of oil that adhere to the surface of the skin + B\u01b0\u1edbc 4: Exfoliation cleans and removes dead skin layers that adhere to the skin. + B\u01b0\u1edbc 5: Facial massage with pure natural ingredients nourishes smooth skin. + B\u01b0\u1edbc 6: Use a warm towel to relax the face area. + B\u01b0\u1edbc 7: Massage the shoulder, neck, back of the neck to help circulate blood and combine with herbal aromatherapy to help relieve pain and fatigue. + B\u01b0\u1edbc 8: Use a warm towel to press the acupuncture points on the same shoulder, neck, and nape + B\u01b0\u1edbc 9: Apply a mask suitable for all skin types, safe for the skin + B\u01b0\u1edbc 10: San Mira home style shampoo combined with San Mira herbal shampoo to help clean dandruff, reduce hair loss, and shine + B\u01b0\u1edbc 11: Head massage combined with acupressure helps to sleep deeply and reduce fatigue. + B\u01b0\u1edbc 12: Remove the combined mask with a cold towel to deep clean the skin and rinse the hair + B\u01b0\u1edbc 13: Hydrate and go cold marble to tighten pores and rejuvenate skin + B\u01b0\u1edbc 14: Put a warm towel on the back of the neck to relax the neck area combined with a hand massage for comfort + B\u01b0\u1edbc 15: Blow-dry hair and spray San Mira&#8217;s hair oil<br \/>\n<img decoding=\"async\" loading=\"lazy\" class=\"wp-image-1298 aligncenter\" src=\"https:\/\/sanmiraspa.com\/en\/wp-content\/uploads\/2022\/11\/z3744092372469_d8fd99694fde67003621d9ea8108bbe6-1024x683.jpg\" alt=\"\" width=\"719\" height=\"480\" srcset=\"https:\/\/sanmiraspa.com\/en\/wp-content\/uploads\/2022\/11\/z3744092372469_d8fd99694fde67003621d9ea8108bbe6-1024x683.jpg 1024w, https:\/\/sanmiraspa.com\/en\/wp-content\/uploads\/2022\/11\/z3744092372469_d8fd99694fde67003621d9ea8108bbe6-300x200.jpg 300w, https:\/\/sanmiraspa.com\/en\/wp-content\/uploads\/2022\/11\/z3744092372469_d8fd99694fde67003621d9ea8108bbe6-768x512.jpg 768w, https:\/\/sanmiraspa.com\/en\/wp-content\/uploads\/2022\/11\/z3744092372469_d8fd99694fde67003621d9ea8108bbe6-1536x1024.jpg 1536w, https:\/\/sanmiraspa.com\/en\/wp-content\/uploads\/2022\/11\/z3744092372469_d8fd99694fde67003621d9ea8108bbe6-2048x1366.jpg 2048w, https:\/\/sanmiraspa.com\/en\/wp-content\/uploads\/2022\/11\/z3744092372469_d8fd99694fde67003621d9ea8108bbe6-600x400.jpg 600w\" sizes=\"(max-width: 719px) 100vw, 719px\" \/><\/span><span style=\"font-size: 140%; color: #ff0000;\"><em><strong><span class=\"Y2IQFc\" lang=\"en\" style=\"font-family: 'times new roman', times, serif;\">Contact San Mira today!!<\/span><\/strong><\/em><\/span><\/p>\n<p dir=\"ltr\" data-placeholder=\"B\u1ea3n d\u1ecbch\"><span style=\"font-family: 'times new roman', times, serif;\">\u2014\u2014\u2014\u2014\u2014-<\/span><br \/>\n<span style=\"font-family: 'times new roman', times, serif;\">San Mira Spa<\/span><br \/>\n<span style=\"font-family: 'times new roman', times, serif;\">No TIP<\/span><br \/>\n<span style=\"font-family: 'times new roman', times, serif;\">\u26d4Facebook:\u00a0<a href=\"https:\/\/www.facebook.com\/profile.php?id=100086325980282\">https:\/\/www.facebook.com\/profile.php?id=100086325980282<\/a><\/span><br \/>\n<span style=\"font-family: 'times new roman', times, serif;\">\u26d4Instagram:\u00a0<a href=\"https:\/\/www.instagram.com\/sanmiraspa\/\">https:\/\/www.instagram.com\/sanmiraspa\/<\/a><\/span><br \/>\n<span style=\"font-family: 'times new roman', times, serif;\">Branches:<\/span><br \/>\n<span style=\"font-family: 'times new roman', times, serif;\">\ud83c\udf3a CN1: B4X3 K\u0110T M\u1ef9 \u0110\u00ecnh 1, C\u1ea7u Di\u1ec5n, Nam T\u1eeb Li\u00eam, H\u00e0 N\u1ed9i ( \u0110\u1ed1i di\u1ec7n h\u1ea7m g\u1eedi xe to\u00e0 nh\u00e0 Florencer)<\/span><br \/>\n<span style=\"font-family: 'times new roman', times, serif;\">\u260e\ufe0f Hotline\/Zalo : 0375566559<\/span><br \/>\n<span style=\"font-family: 'times new roman', times, serif;\">\ud83c\udf3a CN2: 17E L\u00f4 A10 K\u0110T Nam Trung Y\u00ean, Y\u00ean H\u00f2a, C\u1ea7u Gi\u1ea5y, H\u00e0 N\u1ed9i ( \u0110\u1ed1i di\u1ec7n s\u1ea3nh chung c\u01b0 CT2)<\/span><br \/>\n<span style=\"font-family: 'times new roman', times, serif;\">\u260e\ufe0f Hotline\/Zalo : 0976301259<\/span><\/p>\n<pre id=\"tw-target-text\" class=\"tw-data-text tw-text-large tw-ta\" dir=\"ltr\" data-placeholder=\"B\u1ea3n d\u1ecbch\"><span class=\"Y2IQFc\" lang=\"en\" style=\"font-family: 'times new roman', times, serif;\">\u00a0<\/span><\/pre>\n<pre id=\"tw-target-text\" class=\"tw-data-text tw-text-large tw-ta\" dir=\"ltr\" data-placeholder=\"B\u1ea3n d\u1ecbch\"><\/pre>\n","protected":false},"excerpt":{"rendered":"<p><span style=\"font-family: 'times new roman', times, serif;\"><strong>Time:<\/strong> 60 ph\u00fat<\/span><\/p>\n<p id=\"tw-target-text\" class=\"tw-data-text tw-text-large tw-ta\" dir=\"ltr\" data-placeholder=\"B\u1ea3n d\u1ecbch\"><span class=\"Y2IQFc\" lang=\"en\" style=\"font-family: 'times new roman', times, serif;\">Nourishing hair shampoo is a service that is loved by the sisters because it brings a feeling of comfort, relieves stress and fatigue, and brings the beauty of &#8220;everyone looks up&#8221; to women.<\/span><\/p>\n","protected":false},"featured_media":361,"comment_status":"open","ping_status":"closed","template":"","meta":[],"product_cat":[16,31],"product_tag":[],"acf":[],"yoast_head":"<!-- This site is optimized with the Yoast SEO plugin v19.10 - https:\/\/yoast.com\/wordpress\/plugins\/seo\/ -->\n<title>Nourishing Shampoo - San Mira - Be healthy every day<\/title>\n<meta name=\"robots\" content=\"index, follow, max-snippet:-1, max-image-preview:large, max-video-preview:-1\" \/>\n<link rel=\"canonical\" href=\"https:\/\/sanmiraspa.com\/en\/goi-duong-sinh\/\" \/>\n<meta property=\"og:locale\" content=\"en_US\" \/>\n<meta property=\"og:type\" content=\"article\" \/>\n<meta property=\"og:title\" content=\"Nourishing Shampoo - San Mira - Be healthy every day\" \/>\n<meta property=\"og:description\" content=\"Time: 60 ph\u00fat Nourishing hair shampoo is a service that is loved by the sisters because it brings a feeling of comfort, relieves stress and fatigue, and brings the beauty of &quot;everyone looks up&quot; to women.\" \/>\n<meta property=\"og:url\" content=\"https:\/\/sanmiraspa.com\/en\/goi-duong-sinh\/\" \/>\n<meta property=\"og:site_name\" content=\"San Mira - Be healthy every day\" \/>\n<meta property=\"article:modified_time\" content=\"2024-07-10T03:25:08+00:00\" \/>\n<meta property=\"og:image\" content=\"https:\/\/sanmiraspa.com\/en\/wp-content\/uploads\/2022\/11\/GOI-DUONG-SINH.jpg\" \/>\n\t<meta property=\"og:image:width\" content=\"2560\" \/>\n\t<meta property=\"og:image:height\" content=\"1707\" \/>\n\t<meta property=\"og:image:type\" content=\"image\/jpeg\" \/>\n<meta name=\"twitter:card\" content=\"summary_large_image\" \/>\n<meta name=\"twitter:label1\" content=\"Est. reading time\" \/>\n\t<meta name=\"twitter:data1\" content=\"4 minutes\" \/>\n<script type=\"application\/ld+json\" class=\"yoast-schema-graph\">{\"@context\":\"https:\/\/schema.org\",\"@graph\":[{\"@type\":\"WebPage\",\"@id\":\"https:\/\/sanmiraspa.com\/en\/goi-duong-sinh\/\",\"url\":\"https:\/\/sanmiraspa.com\/en\/goi-duong-sinh\/\",\"name\":\"Nourishing Shampoo - San Mira - Be healthy every day\",\"isPartOf\":{\"@id\":\"https:\/\/sanmiraspa.com\/en\/#website\"},\"datePublished\":\"2022-11-19T03:21:29+00:00\",\"dateModified\":\"2024-07-10T03:25:08+00:00\",\"breadcrumb\":{\"@id\":\"https:\/\/sanmiraspa.com\/en\/goi-duong-sinh\/#breadcrumb\"},\"inLanguage\":\"en-US\",\"potentialAction\":[{\"@type\":\"ReadAction\",\"target\":[\"https:\/\/sanmiraspa.com\/en\/goi-duong-sinh\/\"]}]},{\"@type\":\"BreadcrumbList\",\"@id\":\"https:\/\/sanmiraspa.com\/en\/goi-duong-sinh\/#breadcrumb\",\"itemListElement\":[{\"@type\":\"ListItem\",\"position\":1,\"name\":\"Home\",\"item\":\"https:\/\/sanmiraspa.com\/en\/\"},{\"@type\":\"ListItem\",\"position\":2,\"name\":\"Shop\",\"item\":\"https:\/\/sanmiraspa.com\/en\/shop\/\"},{\"@type\":\"ListItem\",\"position\":3,\"name\":\"Nourishing Shampoo\"}]},{\"@type\":\"WebSite\",\"@id\":\"https:\/\/sanmiraspa.com\/en\/#website\",\"url\":\"https:\/\/sanmiraspa.com\/en\/\",\"name\":\"San Mira - Be healthy every day\",\"description\":\"Be healthy every day\",\"potentialAction\":[{\"@type\":\"SearchAction\",\"target\":{\"@type\":\"EntryPoint\",\"urlTemplate\":\"https:\/\/sanmiraspa.com\/en\/?s={search_term_string}\"},\"query-input\":\"required name=search_term_string\"}],\"inLanguage\":\"en-US\"}]}<\/script>\n<!-- \/ Yoast SEO plugin. -->","yoast_head_json":{"title":"Nourishing Shampoo - San Mira - Be healthy every day","robots":{"index":"index","follow":"follow","max-snippet":"max-snippet:-1","max-image-preview":"max-image-preview:large","max-video-preview":"max-video-preview:-1"},"canonical":"https:\/\/sanmiraspa.com\/en\/goi-duong-sinh\/","og_locale":"en_US","og_type":"article","og_title":"Nourishing Shampoo - San Mira - Be healthy every day","og_description":"Time: 60 ph\u00fat Nourishing hair shampoo is a service that is loved by the sisters because it brings a feeling of comfort, relieves stress and fatigue, and brings the beauty of \"everyone looks up\" to women.","og_url":"https:\/\/sanmiraspa.com\/en\/goi-duong-sinh\/","og_site_name":"San Mira - Be healthy every day","article_modified_time":"2024-07-10T03:25:08+00:00","og_image":[{"width":2560,"height":1707,"url":"https:\/\/sanmiraspa.com\/en\/wp-content\/uploads\/2022\/11\/GOI-DUONG-SINH.jpg","type":"image\/jpeg"}],"twitter_card":"summary_large_image","twitter_misc":{"Est. reading time":"4 minutes"},"schema":{"@context":"https:\/\/schema.org","@graph":[{"@type":"WebPage","@id":"https:\/\/sanmiraspa.com\/en\/goi-duong-sinh\/","url":"https:\/\/sanmiraspa.com\/en\/goi-duong-sinh\/","name":"Nourishing Shampoo - San Mira - Be healthy every day","isPartOf":{"@id":"https:\/\/sanmiraspa.com\/en\/#website"},"datePublished":"2022-11-19T03:21:29+00:00","dateModified":"2024-07-10T03:25:08+00:00","breadcrumb":{"@id":"https:\/\/sanmiraspa.com\/en\/goi-duong-sinh\/#breadcrumb"},"inLanguage":"en-US","potentialAction":[{"@type":"ReadAction","target":["https:\/\/sanmiraspa.com\/en\/goi-duong-sinh\/"]}]},{"@type":"BreadcrumbList","@id":"https:\/\/sanmiraspa.com\/en\/goi-duong-sinh\/#breadcrumb","itemListElement":[{"@type":"ListItem","position":1,"name":"Home","item":"https:\/\/sanmiraspa.com\/en\/"},{"@type":"ListItem","position":2,"name":"Shop","item":"https:\/\/sanmiraspa.com\/en\/shop\/"},{"@type":"ListItem","position":3,"name":"Nourishing Shampoo"}]},{"@type":"WebSite","@id":"https:\/\/sanmiraspa.com\/en\/#website","url":"https:\/\/sanmiraspa.com\/en\/","name":"San Mira - Be healthy every day","description":"Be healthy every day","potentialAction":[{"@type":"SearchAction","target":{"@type":"EntryPoint","urlTemplate":"https:\/\/sanmiraspa.com\/en\/?s={search_term_string}"},"query-input":"required name=search_term_string"}],"inLanguage":"en-US"}]}},"_links":{"self":[{"href":"https:\/\/sanmiraspa.com\/en\/wp-json\/wp\/v2\/product\/360"}],"collection":[{"href":"https:\/\/sanmiraspa.com\/en\/wp-json\/wp\/v2\/product"}],"about":[{"href":"https:\/\/sanmiraspa.com\/en\/wp-json\/wp\/v2\/types\/product"}],"replies":[{"embeddable":true,"href":"https:\/\/sanmiraspa.com\/en\/wp-json\/wp\/v2\/comments?post=360"}],"wp:featuredmedia":[{"embeddable":true,"href":"https:\/\/sanmiraspa.com\/en\/wp-json\/wp\/v2\/media\/361"}],"wp:attachment":[{"href":"https:\/\/sanmiraspa.com\/en\/wp-json\/wp\/v2\/media?parent=360"}],"wp:term":[{"taxonomy":"product_cat","embeddable":true,"href":"https:\/\/sanmiraspa.com\/en\/wp-json\/wp\/v2\/product_cat?post=360"},{"taxonomy":"product_tag","embeddable":true,"href":"https:\/\/sanmiraspa.com\/en\/wp-json\/wp\/v2\/product_tag?post=360"}],"curies":[{"name":"wp","href":"https:\/\/api.w.org\/{rel}","templated":true}]}}