{"id":358,"date":"2022-11-19T10:18:23","date_gmt":"2022-11-19T03:18:23","guid":{"rendered":"https:\/\/sanmiraspa.com\/?post_type=product&#038;p=358"},"modified":"2024-07-10T10:34:13","modified_gmt":"2024-07-10T03:34:13","slug":"goi-duong-sinh-dieu-tri","status":"publish","type":"product","link":"https:\/\/sanmiraspa.com\/en\/goi-duong-sinh-dieu-tri\/","title":{"rendered":"Nourishing Treatment Shampoo"},"content":{"rendered":"<p id=\"tw-target-text\" class=\"tw-data-text tw-text-large tw-ta\" dir=\"ltr\" data-placeholder=\"B\u1ea3n d\u1ecbch\"><span class=\"Y2IQFc\" lang=\"en\" style=\"font-family: 'times new roman', times, serif;\">Shampooing is the way to clean our hair every day. However, washing your hair but still bringing relaxation, refreshment, and relief from body aches can only be a therapeutic shampoo service. If you do not know anything about this service, let&#8217;s find out with <strong>San Mira<\/strong> in the article below.<\/span><\/p>\n<p dir=\"ltr\" data-placeholder=\"B\u1ea3n d\u1ecbch\"><span style=\"color: #00aae7;\"><strong><em><span style=\"font-family: 'times new roman', times, serif; font-size: 150%;\">What is therapeutic nourishing shampoo?<\/span><\/em><\/strong><\/span><\/p>\n<p id=\"tw-target-text\" class=\"tw-data-text tw-text-large tw-ta\" dir=\"ltr\" data-placeholder=\"B\u1ea3n d\u1ecbch\"><span class=\"Y2IQFc\" lang=\"en\" style=\"font-family: 'times new roman', times, serif;\">Nourishing treatment shampoo is not only a normal scalp cleaning, but it is also a combination of hair care with massage of the neck, shoulders, nape, head and back with essential oils combined with hot stones, helping Relieves pain, gives the body a feeling of lightness and relaxation.<\/span><\/p>\n<p dir=\"ltr\" data-placeholder=\"B\u1ea3n d\u1ecbch\"><img decoding=\"async\" loading=\"lazy\" class=\"wp-image-1301 aligncenter\" src=\"https:\/\/sanmiraspa.com\/en\/wp-content\/uploads\/2022\/11\/z4184276604026_16cc752818eec6ce56be400f404150d1-768x417-1.jpg\" alt=\"\" width=\"718\" height=\"390\" srcset=\"https:\/\/sanmiraspa.com\/en\/wp-content\/uploads\/2022\/11\/z4184276604026_16cc752818eec6ce56be400f404150d1-768x417-1.jpg 768w, https:\/\/sanmiraspa.com\/en\/wp-content\/uploads\/2022\/11\/z4184276604026_16cc752818eec6ce56be400f404150d1-768x417-1-300x163.jpg 300w, https:\/\/sanmiraspa.com\/en\/wp-content\/uploads\/2022\/11\/z4184276604026_16cc752818eec6ce56be400f404150d1-768x417-1-600x326.jpg 600w\" sizes=\"(max-width: 718px) 100vw, 718px\" \/><\/p>\n<p id=\"tw-target-text\" class=\"tw-data-text tw-text-large tw-ta\" dir=\"ltr\" data-placeholder=\"B\u1ea3n d\u1ecbch\"><span style=\"color: #00aae7;\"><strong><em><span class=\"Y2IQFc\" lang=\"en\" style=\"font-size: 150%; font-family: 'times new roman', times, serif;\">Benefits of Nourishing Treatment Shampoo:<br \/>\n<\/span><\/em><\/strong><\/span><\/p>\n<p id=\"tw-target-text\" class=\"tw-data-text tw-text-large tw-ta\" dir=\"ltr\" data-placeholder=\"B\u1ea3n d\u1ecbch\"><span class=\"Y2IQFc\" lang=\"en\" style=\"font-family: 'times new roman', times, serif; color: #ff0000;\">1.Helps relieve stress &amp; fatigue:<\/span><\/p>\n<p><span class=\"Y2IQFc\" lang=\"en\" style=\"font-family: 'times new roman', times, serif;\">The nourishing treatment will make you feel extremely comfortable, the muscle and joint tissues are dilated, accelerate the blood circulation, bring a feeling of relaxation to the customer.<\/span><\/p>\n<p><span class=\"Y2IQFc\" lang=\"en\" style=\"font-family: 'times new roman', times, serif;\">Immediately after the treatment, you will feel all fatigue and stress are dispelled, the spirit becomes much more comfortable. Because in the process of massage, acupressure, the body will produce serotonin &#8211; the active substance that makes you feel more excited, optimistic and comfortable.<\/span><\/p>\n<p id=\"tw-target-text\" class=\"tw-data-text tw-text-large tw-ta\" dir=\"ltr\" data-placeholder=\"B\u1ea3n d\u1ecbch\"><span class=\"Y2IQFc\" lang=\"en\" style=\"color: #ff0000; font-family: 'times new roman', times, serif;\">2.Support blood circulation, stabilize blood pressure:<\/span><\/p>\n<p id=\"tw-target-text\" class=\"tw-data-text tw-text-large tw-ta\" dir=\"ltr\" data-placeholder=\"B\u1ea3n d\u1ecbch\"><span class=\"Y2IQFc\" lang=\"en\" style=\"font-family: 'times new roman', times, serif;\">One of the great effects of the spa shampoo and treatment is to help blood circulation, reduce pressure on the heart, and avoid heart failure due to high pressure. <\/span><\/p>\n<p class=\"tw-data-text tw-text-large tw-ta\" dir=\"ltr\" data-placeholder=\"B\u1ea3n d\u1ecbch\"><span class=\"Y2IQFc\" lang=\"en\" style=\"font-family: 'times new roman', times, serif;\">Massage movements, acupressure will help increase oxygen supply, enhance nutrients for skin cells. The massage is also considered to be especially good for both skin and hair. Blood is circulated, helping to bring you good health, improving the problem of shoulder pain, migraine, insomnia, &#8230;<\/span><\/p>\n<p id=\"tw-target-text\" class=\"tw-data-text tw-text-large tw-ta\" dir=\"ltr\" data-placeholder=\"B\u1ea3n d\u1ecbch\"><span class=\"Y2IQFc\" lang=\"en\" style=\"font-family: 'times new roman', times, serif; color: #ff0000;\">3. Detoxify the body:<br \/>\n<\/span><\/p>\n<p id=\"tw-target-text\" class=\"tw-data-text tw-text-large tw-ta\" dir=\"ltr\" data-placeholder=\"B\u1ea3n d\u1ecbch\"><span class=\"Y2IQFc\" lang=\"en\" style=\"font-family: 'times new roman', times, serif;\">The therapeutic shampooing process ensures the removal of toxins, helping the body to be purified in the best way<\/span><\/p>\n<p id=\"tw-target-text\" class=\"tw-data-text tw-text-large tw-ta\" dir=\"ltr\" data-placeholder=\"B\u1ea3n d\u1ecbch\"><span class=\"Y2IQFc\" lang=\"en\" style=\"font-family: 'times new roman', times, serif; color: #ff0000;\">4.Prevent aging, prevent diseases:<\/span><\/p>\n<p id=\"tw-target-text\" class=\"tw-data-text tw-text-large tw-ta\" dir=\"ltr\" data-placeholder=\"B\u1ea3n d\u1ecbch\"><span class=\"Y2IQFc\" lang=\"en\" style=\"font-family: 'times new roman', times, serif;\">The therapeutic nourishing shampoo helps to contribute to anti-aging because the acupressure system, the vessels stretching all over the head will be affected when you are massaged. When acting on these areas, it will help support healthy meridians and prevent diseases such as headaches, insomnia, neurasthenia, memory loss, etc&#8230;<\/span><\/p>\n<p dir=\"ltr\" data-placeholder=\"B\u1ea3n d\u1ecbch\"><img decoding=\"async\" loading=\"lazy\" class=\"wp-image-1303 aligncenter\" src=\"https:\/\/sanmiraspa.com\/en\/wp-content\/uploads\/2022\/11\/retouch_2022090519574955-1024x683.jpg\" alt=\"\" width=\"718\" height=\"479\" srcset=\"https:\/\/sanmiraspa.com\/en\/wp-content\/uploads\/2022\/11\/retouch_2022090519574955-1024x683.jpg 1024w, https:\/\/sanmiraspa.com\/en\/wp-content\/uploads\/2022\/11\/retouch_2022090519574955-300x200.jpg 300w, https:\/\/sanmiraspa.com\/en\/wp-content\/uploads\/2022\/11\/retouch_2022090519574955-768x512.jpg 768w, https:\/\/sanmiraspa.com\/en\/wp-content\/uploads\/2022\/11\/retouch_2022090519574955-1536x1024.jpg 1536w, https:\/\/sanmiraspa.com\/en\/wp-content\/uploads\/2022\/11\/retouch_2022090519574955-2048x1365.jpg 2048w, https:\/\/sanmiraspa.com\/en\/wp-content\/uploads\/2022\/11\/retouch_2022090519574955-600x400.jpg 600w\" sizes=\"(max-width: 718px) 100vw, 718px\" \/><\/p>\n<p dir=\"ltr\" data-placeholder=\"B\u1ea3n d\u1ecbch\"><span style=\"color: #00aae7; font-size: 150%;\"><em><strong><span style=\"font-family: 'times new roman', times, serif;\">The process of washing and nourishing treatment at San Mira&#8217;s house:<\/span><\/strong><\/em><\/span><\/p>\n<p id=\"tw-target-text\" class=\"tw-data-text tw-text-large tw-ta\" dir=\"ltr\" data-placeholder=\"B\u1ea3n d\u1ecbch\"><span class=\"Y2IQFc\" lang=\"en\" style=\"font-family: 'times new roman', times, serif;\">+ Step 1: Herbal foot soak <span style=\"color: #ff0000;\">When lying face down: Facial steam with 5 herbs<\/span> + Step 2: Relax your legs, back and shoulders + Step 3: Massage the back with essential oils and hot stones + Step 4: Focus on pressing acupressure points at the pain point <span style=\"color: #ff0000;\">When lying on your back<\/span> + Step 5: Steam your head, shoulders, neck, and nape with natural ingredients + Step 6: Massage the shoulder, neck, back to help blood circulation combined with herbal aromatherapy to help relieve pain and fatigue. + Step 7: Use a warm towel to press the acupuncture points on the same shoulder, neck, and nape + Step 8: Wash hair in San Mira style with San Mira herbal shampoo to help clean dandruff, reduce hair loss, and shine. + Step 9: Head massage combined with acupressure to help sleep deeply, reduce fatigue while incubating hair + Step 10: Put a warm towel on the back of the neck to relax the neck area combined with hand massage for comfort. + Step 11: Rinse hair, dry hair and spray San Mira&#8217;s hair oil<br \/>\n<img decoding=\"async\" loading=\"lazy\" class=\"wp-image-1296 aligncenter\" src=\"https:\/\/sanmiraspa.com\/en\/wp-content\/uploads\/2022\/11\/z3744092364813_7980f66eda29d2a2261379ece27a0bb7-1024x683.jpg\" alt=\"\" width=\"721\" height=\"481\" srcset=\"https:\/\/sanmiraspa.com\/en\/wp-content\/uploads\/2022\/11\/z3744092364813_7980f66eda29d2a2261379ece27a0bb7-1024x683.jpg 1024w, https:\/\/sanmiraspa.com\/en\/wp-content\/uploads\/2022\/11\/z3744092364813_7980f66eda29d2a2261379ece27a0bb7-300x200.jpg 300w, https:\/\/sanmiraspa.com\/en\/wp-content\/uploads\/2022\/11\/z3744092364813_7980f66eda29d2a2261379ece27a0bb7-768x512.jpg 768w, https:\/\/sanmiraspa.com\/en\/wp-content\/uploads\/2022\/11\/z3744092364813_7980f66eda29d2a2261379ece27a0bb7-1536x1024.jpg 1536w, https:\/\/sanmiraspa.com\/en\/wp-content\/uploads\/2022\/11\/z3744092364813_7980f66eda29d2a2261379ece27a0bb7-600x400.jpg 600w, https:\/\/sanmiraspa.com\/en\/wp-content\/uploads\/2022\/11\/z3744092364813_7980f66eda29d2a2261379ece27a0bb7.jpg 2047w\" sizes=\"(max-width: 721px) 100vw, 721px\" \/><br \/>\n<span style=\"color: #ff0000;\"><strong><em><span style=\"font-size: 140%;\">Ib San Mira to schedule now!<\/span><\/em><\/strong><\/span><br \/>\n<\/span><\/p>\n<p dir=\"ltr\" data-placeholder=\"B\u1ea3n d\u1ecbch\"><span style=\"font-family: 'times new roman', times, serif;\">\u2014\u2014\u2014\u2014\u2014-<\/span><br \/>\n<span style=\"font-family: 'times new roman', times, serif;\">San Mira Spa<\/span><br \/>\n<span style=\"font-family: 'times new roman', times, serif;\">No TIP<\/span><br \/>\n<span style=\"font-family: 'times new roman', times, serif;\">\u26d4Facebook:\u00a0<a href=\"https:\/\/www.facebook.com\/profile.php?id=100086325980282\">https:\/\/www.facebook.com\/profile.php?id=100086325980282<\/a><\/span><br \/>\n<span style=\"font-family: 'times new roman', times, serif;\">\u26d4Instagram:\u00a0<a href=\"https:\/\/www.instagram.com\/sanmiraspa\/\">https:\/\/www.instagram.com\/sanmiraspa\/<\/a><\/span><br \/>\n<span style=\"font-family: 'times new roman', times, serif;\">Branches:<\/span><br \/>\n<span style=\"font-family: 'times new roman', times, serif;\">\ud83c\udf3a CN1: B4X3 K\u0110T M\u1ef9 \u0110\u00ecnh 1, C\u1ea7u Di\u1ec5n, Nam T\u1eeb Li\u00eam, H\u00e0 N\u1ed9i ( \u0110\u1ed1i di\u1ec7n h\u1ea7m g\u1eedi xe to\u00e0 nh\u00e0 Florencer)<\/span><br \/>\n<span style=\"font-family: 'times new roman', times, serif;\">\u260e\ufe0f Hotline\/Zalo : 0375566559<\/span><br \/>\n<span style=\"font-family: 'times new roman', times, serif;\">\ud83c\udf3a CN2: 17E L\u00f4 A10 K\u0110T Nam Trung Y\u00ean, Y\u00ean H\u00f2a, C\u1ea7u Gi\u1ea5y, H\u00e0 N\u1ed9i ( \u0110\u1ed1i di\u1ec7n s\u1ea3nh chung c\u01b0 CT2)<\/span><br \/>\n<span style=\"font-family: 'times new roman', times, serif;\">\u260e\ufe0f Hotline\/Zalo : 0976301259<\/span><\/p>\n","protected":false},"excerpt":{"rendered":"<p id=\"tw-target-text\" class=\"tw-data-text tw-text-large tw-ta\" dir=\"ltr\" data-placeholder=\"B\u1ea3n d\u1ecbch\"><span class=\"Y2IQFc\" lang=\"en\" style=\"font-family: 'times new roman', times, serif;\">The nourishing treatment shampoo will work through the acupuncture points, the hair roots, helping to provide the necessary nutrients to the hair, so that you can feel the effect right from the first wash. Your hair is not only cared for in the best way, but also helps fight the aging process in the best and most effective way.<\/span><\/p>\n<p dir=\"ltr\" data-placeholder=\"B\u1ea3n d\u1ecbch\">\n","protected":false},"featured_media":408,"comment_status":"open","ping_status":"closed","template":"","meta":[],"product_cat":[16,31],"product_tag":[],"acf":[],"yoast_head":"<!-- This site is optimized with the Yoast SEO plugin v19.10 - https:\/\/yoast.com\/wordpress\/plugins\/seo\/ -->\n<title>Nourishing Treatment Shampoo - San Mira - Be healthy every day<\/title>\n<meta name=\"robots\" content=\"index, follow, max-snippet:-1, max-image-preview:large, max-video-preview:-1\" \/>\n<link rel=\"canonical\" href=\"https:\/\/sanmiraspa.com\/en\/goi-duong-sinh-dieu-tri\/\" \/>\n<meta property=\"og:locale\" content=\"en_US\" \/>\n<meta property=\"og:type\" content=\"article\" \/>\n<meta property=\"og:title\" content=\"Nourishing Treatment Shampoo - San Mira - Be healthy every day\" \/>\n<meta property=\"og:description\" content=\"The nourishing treatment shampoo will work through the acupuncture points, the hair roots, helping to provide the necessary nutrients to the hair, so that you can feel the effect right from the first wash. Your hair is not only cared for in the best way, but also helps fight the aging process in the best and most effective way.\" \/>\n<meta property=\"og:url\" content=\"https:\/\/sanmiraspa.com\/en\/goi-duong-sinh-dieu-tri\/\" \/>\n<meta property=\"og:site_name\" content=\"San Mira - Be healthy every day\" \/>\n<meta property=\"article:modified_time\" content=\"2024-07-10T03:34:13+00:00\" \/>\n<meta property=\"og:image\" content=\"https:\/\/sanmiraspa.com\/en\/wp-content\/uploads\/2022\/11\/Blue-Abstract-Baby-Spa-Massage-Facebook-Post.png\" \/>\n\t<meta property=\"og:image:width\" content=\"940\" \/>\n\t<meta property=\"og:image:height\" content=\"788\" \/>\n\t<meta property=\"og:image:type\" content=\"image\/png\" \/>\n<meta name=\"twitter:card\" content=\"summary_large_image\" \/>\n<meta name=\"twitter:label1\" content=\"Est. reading time\" \/>\n\t<meta name=\"twitter:data1\" content=\"4 minutes\" \/>\n<script type=\"application\/ld+json\" class=\"yoast-schema-graph\">{\"@context\":\"https:\/\/schema.org\",\"@graph\":[{\"@type\":\"WebPage\",\"@id\":\"https:\/\/sanmiraspa.com\/en\/goi-duong-sinh-dieu-tri\/\",\"url\":\"https:\/\/sanmiraspa.com\/en\/goi-duong-sinh-dieu-tri\/\",\"name\":\"Nourishing Treatment Shampoo - San Mira - Be healthy every day\",\"isPartOf\":{\"@id\":\"https:\/\/sanmiraspa.com\/en\/#website\"},\"datePublished\":\"2022-11-19T03:18:23+00:00\",\"dateModified\":\"2024-07-10T03:34:13+00:00\",\"breadcrumb\":{\"@id\":\"https:\/\/sanmiraspa.com\/en\/goi-duong-sinh-dieu-tri\/#breadcrumb\"},\"inLanguage\":\"en-US\",\"potentialAction\":[{\"@type\":\"ReadAction\",\"target\":[\"https:\/\/sanmiraspa.com\/en\/goi-duong-sinh-dieu-tri\/\"]}]},{\"@type\":\"BreadcrumbList\",\"@id\":\"https:\/\/sanmiraspa.com\/en\/goi-duong-sinh-dieu-tri\/#breadcrumb\",\"itemListElement\":[{\"@type\":\"ListItem\",\"position\":1,\"name\":\"Home\",\"item\":\"https:\/\/sanmiraspa.com\/en\/\"},{\"@type\":\"ListItem\",\"position\":2,\"name\":\"Shop\",\"item\":\"https:\/\/sanmiraspa.com\/en\/shop\/\"},{\"@type\":\"ListItem\",\"position\":3,\"name\":\"Nourishing Treatment Shampoo\"}]},{\"@type\":\"WebSite\",\"@id\":\"https:\/\/sanmiraspa.com\/en\/#website\",\"url\":\"https:\/\/sanmiraspa.com\/en\/\",\"name\":\"San Mira - Be healthy every day\",\"description\":\"Be healthy every day\",\"potentialAction\":[{\"@type\":\"SearchAction\",\"target\":{\"@type\":\"EntryPoint\",\"urlTemplate\":\"https:\/\/sanmiraspa.com\/en\/?s={search_term_string}\"},\"query-input\":\"required name=search_term_string\"}],\"inLanguage\":\"en-US\"}]}<\/script>\n<!-- \/ Yoast SEO plugin. -->","yoast_head_json":{"title":"Nourishing Treatment Shampoo - San Mira - Be healthy every day","robots":{"index":"index","follow":"follow","max-snippet":"max-snippet:-1","max-image-preview":"max-image-preview:large","max-video-preview":"max-video-preview:-1"},"canonical":"https:\/\/sanmiraspa.com\/en\/goi-duong-sinh-dieu-tri\/","og_locale":"en_US","og_type":"article","og_title":"Nourishing Treatment Shampoo - San Mira - Be healthy every day","og_description":"The nourishing treatment shampoo will work through the acupuncture points, the hair roots, helping to provide the necessary nutrients to the hair, so that you can feel the effect right from the first wash. Your hair is not only cared for in the best way, but also helps fight the aging process in the best and most effective way.","og_url":"https:\/\/sanmiraspa.com\/en\/goi-duong-sinh-dieu-tri\/","og_site_name":"San Mira - Be healthy every day","article_modified_time":"2024-07-10T03:34:13+00:00","og_image":[{"width":940,"height":788,"url":"https:\/\/sanmiraspa.com\/en\/wp-content\/uploads\/2022\/11\/Blue-Abstract-Baby-Spa-Massage-Facebook-Post.png","type":"image\/png"}],"twitter_card":"summary_large_image","twitter_misc":{"Est. reading time":"4 minutes"},"schema":{"@context":"https:\/\/schema.org","@graph":[{"@type":"WebPage","@id":"https:\/\/sanmiraspa.com\/en\/goi-duong-sinh-dieu-tri\/","url":"https:\/\/sanmiraspa.com\/en\/goi-duong-sinh-dieu-tri\/","name":"Nourishing Treatment Shampoo - San Mira - Be healthy every day","isPartOf":{"@id":"https:\/\/sanmiraspa.com\/en\/#website"},"datePublished":"2022-11-19T03:18:23+00:00","dateModified":"2024-07-10T03:34:13+00:00","breadcrumb":{"@id":"https:\/\/sanmiraspa.com\/en\/goi-duong-sinh-dieu-tri\/#breadcrumb"},"inLanguage":"en-US","potentialAction":[{"@type":"ReadAction","target":["https:\/\/sanmiraspa.com\/en\/goi-duong-sinh-dieu-tri\/"]}]},{"@type":"BreadcrumbList","@id":"https:\/\/sanmiraspa.com\/en\/goi-duong-sinh-dieu-tri\/#breadcrumb","itemListElement":[{"@type":"ListItem","position":1,"name":"Home","item":"https:\/\/sanmiraspa.com\/en\/"},{"@type":"ListItem","position":2,"name":"Shop","item":"https:\/\/sanmiraspa.com\/en\/shop\/"},{"@type":"ListItem","position":3,"name":"Nourishing Treatment Shampoo"}]},{"@type":"WebSite","@id":"https:\/\/sanmiraspa.com\/en\/#website","url":"https:\/\/sanmiraspa.com\/en\/","name":"San Mira - Be healthy every day","description":"Be healthy every day","potentialAction":[{"@type":"SearchAction","target":{"@type":"EntryPoint","urlTemplate":"https:\/\/sanmiraspa.com\/en\/?s={search_term_string}"},"query-input":"required name=search_term_string"}],"inLanguage":"en-US"}]}},"_links":{"self":[{"href":"https:\/\/sanmiraspa.com\/en\/wp-json\/wp\/v2\/product\/358"}],"collection":[{"href":"https:\/\/sanmiraspa.com\/en\/wp-json\/wp\/v2\/product"}],"about":[{"href":"https:\/\/sanmiraspa.com\/en\/wp-json\/wp\/v2\/types\/product"}],"replies":[{"embeddable":true,"href":"https:\/\/sanmiraspa.com\/en\/wp-json\/wp\/v2\/comments?post=358"}],"wp:featuredmedia":[{"embeddable":true,"href":"https:\/\/sanmiraspa.com\/en\/wp-json\/wp\/v2\/media\/408"}],"wp:attachment":[{"href":"https:\/\/sanmiraspa.com\/en\/wp-json\/wp\/v2\/media?parent=358"}],"wp:term":[{"taxonomy":"product_cat","embeddable":true,"href":"https:\/\/sanmiraspa.com\/en\/wp-json\/wp\/v2\/product_cat?post=358"},{"taxonomy":"product_tag","embeddable":true,"href":"https:\/\/sanmiraspa.com\/en\/wp-json\/wp\/v2\/product_tag?post=358"}],"curies":[{"name":"wp","href":"https:\/\/api.w.org\/{rel}","templated":true}]}}