{"id":356,"date":"2022-11-19T10:13:48","date_gmt":"2022-11-19T03:13:48","guid":{"rendered":"https:\/\/sanmiraspa.com\/?post_type=product&#038;p=356"},"modified":"2023-09-06T16:59:59","modified_gmt":"2023-09-06T09:59:59","slug":"massage-co-vai-gay","status":"publish","type":"product","link":"https:\/\/sanmiraspa.com\/en\/massage-co-vai-gay\/","title":{"rendered":"Neck-shoulder-neck massage"},"content":{"rendered":"<p id=\"tw-target-text\" class=\"tw-data-text tw-text-large tw-ta\" dir=\"ltr\" data-placeholder=\"B\u1ea3n d\u1ecbch\"><span class=\"Y2IQFc\" lang=\"en\" style=\"font-family: 'times new roman', times, serif;\">Most office workers are susceptible to symptoms of headaches &#8211; shoulders &#8211; neck, because they are often too focused and sit fixed in one position for too long. Body positions are sore due to lack of exercise. With the mission to help customers become healthier and more beautiful every day, <strong>San Mira<\/strong> House does not forget to provide the shoulder, neck and back massage service package. Especially suitable for office workers and those who suffer from frequent fatigue in this position.<\/span><\/p>\n<p dir=\"ltr\" data-placeholder=\"B\u1ea3n d\u1ecbch\"><img decoding=\"async\" loading=\"lazy\" class=\"size-full wp-image-1101 aligncenter\" src=\"https:\/\/sanmiraspa.com\/en\/wp-content\/uploads\/2023\/02\/retouch_2022090519502982-600x400-1.jpg\" alt=\"\" width=\"600\" height=\"400\" srcset=\"https:\/\/sanmiraspa.com\/en\/wp-content\/uploads\/2023\/02\/retouch_2022090519502982-600x400-1.jpg 600w, https:\/\/sanmiraspa.com\/en\/wp-content\/uploads\/2023\/02\/retouch_2022090519502982-600x400-1-300x200.jpg 300w\" sizes=\"(max-width: 600px) 100vw, 600px\" \/><\/p>\n<p id=\"tw-target-text\" class=\"tw-data-text tw-text-large tw-ta\" dir=\"ltr\" data-placeholder=\"B\u1ea3n d\u1ecbch\"><span style=\"color: #00aae7;\"><em><strong><span class=\"Y2IQFc\" lang=\"en\" style=\"font-family: 'times new roman', times, serif; font-size: 150%;\">Coming to San Mira, when experiencing Neck and Shoulder Massage, you will feel:<\/span><\/strong><\/em><\/span><\/p>\n<p id=\"tw-target-text\" class=\"tw-data-text tw-text-large tw-ta\" dir=\"ltr\" data-placeholder=\"B\u1ea3n d\u1ecbch\"><span class=\"Y2IQFc\" lang=\"en\" style=\"font-family: 'times new roman', times, serif;\">Regular hand movements, methodical, impact in the right place, with the right force on important points in the head &#8211; shoulder &#8211; neck &#8211; nape area, combined with gentle essential oil massage. After 45 minutes of relaxation, guests will feel great benefits such as:<\/span><\/p>\n<ul>\n<li id=\"tw-target-text\" class=\"tw-data-text tw-text-large tw-ta\" dir=\"ltr\" data-placeholder=\"B\u1ea3n d\u1ecbch\"><span class=\"Y2IQFc\" lang=\"en\" style=\"font-family: 'times new roman', times, serif;\">The relaxation and smoothness of the meridians and blood circulation in the head, neck, shoulders, and arms <\/span><\/li>\n<li class=\"tw-data-text tw-text-large tw-ta\" dir=\"ltr\" data-placeholder=\"B\u1ea3n d\u1ecbch\"><span class=\"Y2IQFc\" lang=\"en\" style=\"font-family: 'times new roman', times, serif;\">The aches and pains of the head, shoulders and neck disappear before professional massage movements <\/span><\/li>\n<li class=\"tw-data-text tw-text-large tw-ta\" dir=\"ltr\" data-placeholder=\"B\u1ea3n d\u1ecbch\"><span class=\"Y2IQFc\" lang=\"en\" style=\"font-family: 'times new roman', times, serif;\">The body feels relaxed, relaxed, dispels stress and fatigue <\/span><\/li>\n<li class=\"tw-data-text tw-text-large tw-ta\" dir=\"ltr\" data-placeholder=\"B\u1ea3n d\u1ecbch\"><span class=\"Y2IQFc\" lang=\"en\" style=\"font-family: 'times new roman', times, serif;\">The phenomenon of dizziness, lightheadedness, eye fatigue is improved <\/span><\/li>\n<li class=\"tw-data-text tw-text-large tw-ta\" dir=\"ltr\" data-placeholder=\"B\u1ea3n d\u1ecbch\"><span class=\"Y2IQFc\" lang=\"en\" style=\"font-family: 'times new roman', times, serif;\">You feel sleepy, sleep better and sleep more deeply after the treatment<\/span><\/li>\n<\/ul>\n<p id=\"tw-target-text\" class=\"tw-data-text tw-text-large tw-ta\" dir=\"ltr\" data-placeholder=\"B\u1ea3n d\u1ecbch\"><span class=\"Y2IQFc\" lang=\"en\" style=\"font-family: 'times new roman', times, serif;\">Neck and shoulder massage is an effective method to help relieve pain quickly, dispel stress and fatigue, and at the same time, it is also a method to help prevent neck and shoulder pain in addition to exercise and sports. Adjust your diet accordingly.<\/span><\/p>\n<p dir=\"ltr\" data-placeholder=\"B\u1ea3n d\u1ecbch\"><img decoding=\"async\" loading=\"lazy\" class=\"size-full wp-image-1248 aligncenter\" src=\"https:\/\/sanmiraspa.com\/en\/wp-content\/uploads\/2022\/11\/Massage-cvg.jpg\" alt=\"\" width=\"526\" height=\"701\" srcset=\"https:\/\/sanmiraspa.com\/en\/wp-content\/uploads\/2022\/11\/Massage-cvg.jpg 526w, https:\/\/sanmiraspa.com\/en\/wp-content\/uploads\/2022\/11\/Massage-cvg-225x300.jpg 225w\" sizes=\"(max-width: 526px) 100vw, 526px\" \/><\/p>\n<p id=\"tw-target-text\" class=\"tw-data-text tw-text-large tw-ta\" dir=\"ltr\" data-placeholder=\"B\u1ea3n d\u1ecbch\"><span style=\"color: #00aae7;\"><strong><em><span class=\"Y2IQFc\" lang=\"en\" style=\"font-family: 'times new roman', times, serif; font-size: 150%;\">What is the Neck, Shoulder, and Neck Massage Process?<\/span><\/em><\/strong><\/span><\/p>\n<p id=\"tw-target-text\" class=\"tw-data-text tw-text-large tw-ta\" dir=\"ltr\" data-placeholder=\"B\u1ea3n d\u1ecbch\"><span class=\"Y2IQFc\" lang=\"en\" style=\"font-family: 'times new roman', times, serif;\">+ Step 1: Herbal foot soak <\/span><\/p>\n<p class=\"tw-data-text tw-text-large tw-ta\" dir=\"ltr\" data-placeholder=\"B\u1ea3n d\u1ecbch\"><span class=\"Y2IQFc\" lang=\"en\" style=\"font-family: 'times new roman', times, serif;\"><span style=\"color: #ff0000;\">When lying face down <\/span><\/span><\/p>\n<p class=\"tw-data-text tw-text-large tw-ta\" dir=\"ltr\" data-placeholder=\"B\u1ea3n d\u1ecbch\"><span class=\"Y2IQFc\" lang=\"en\" style=\"font-family: 'times new roman', times, serif;\"> + Step 2: Relax the shoulder, neck, nape area with acupressure technique <\/span><\/p>\n<p class=\"tw-data-text tw-text-large tw-ta\" dir=\"ltr\" data-placeholder=\"B\u1ea3n d\u1ecbch\"><span class=\"Y2IQFc\" lang=\"en\" style=\"font-family: 'times new roman', times, serif;\">+ Step 3: Focus on rubbing and pressing acupressure on the painful area <\/span><\/p>\n<p class=\"tw-data-text tw-text-large tw-ta\" dir=\"ltr\" data-placeholder=\"B\u1ea3n d\u1ecbch\"><span class=\"Y2IQFc\" lang=\"en\" style=\"font-family: 'times new roman', times, serif;\">+ Step 4: Go to hot stone to relieve pain, warm up and detoxify <\/span><\/p>\n<p class=\"tw-data-text tw-text-large tw-ta\" dir=\"ltr\" data-placeholder=\"B\u1ea3n d\u1ecbch\"><span class=\"Y2IQFc\" lang=\"en\" style=\"font-family: 'times new roman', times, serif;\">+ Step 5: Focus on pressing the lumbar region at the pain point <\/span><\/p>\n<p class=\"tw-data-text tw-text-large tw-ta\" dir=\"ltr\" data-placeholder=\"B\u1ea3n d\u1ecbch\"><span class=\"Y2IQFc\" lang=\"en\" style=\"font-family: 'times new roman', times, serif;\">+ Step 6: Massage the thigh muscles, legs to circulate blood<\/span><\/p>\n<p class=\"tw-data-text tw-text-large tw-ta\" dir=\"ltr\" data-placeholder=\"B\u1ea3n d\u1ecbch\"><span class=\"Y2IQFc\" lang=\"en\" style=\"font-family: 'times new roman', times, serif; color: #ff0000;\">When lying on your back <\/span><\/p>\n<p class=\"tw-data-text tw-text-large tw-ta\" dir=\"ltr\" data-placeholder=\"B\u1ea3n d\u1ecbch\"><span class=\"Y2IQFc\" lang=\"en\" style=\"font-family: 'times new roman', times, serif;\">+ Step 7: Massage the soles of the feet to release toxins in the body. <\/span><\/p>\n<p class=\"tw-data-text tw-text-large tw-ta\" dir=\"ltr\" data-placeholder=\"B\u1ea3n d\u1ecbch\"><span class=\"Y2IQFc\" lang=\"en\" style=\"font-family: 'times new roman', times, serif;\">+ Step 8: Massage hands, face, head to relax and bring a pleasant feeling. <\/span><\/p>\n<p class=\"tw-data-text tw-text-large tw-ta\" dir=\"ltr\" data-placeholder=\"B\u1ea3n d\u1ecbch\"><span class=\"Y2IQFc\" lang=\"en\" style=\"font-family: 'times new roman', times, serif;\">+ Step 9: Help the client up, massage more shoulder, neck and finish.<\/span><\/p>\n<p dir=\"ltr\" data-placeholder=\"B\u1ea3n d\u1ecbch\"><img decoding=\"async\" loading=\"lazy\" class=\"wp-image-1249 aligncenter\" src=\"https:\/\/sanmiraspa.com\/en\/wp-content\/uploads\/2022\/11\/tl-cvg-768x1024.jpg\" alt=\"\" width=\"718\" height=\"957\" srcset=\"https:\/\/sanmiraspa.com\/en\/wp-content\/uploads\/2022\/11\/tl-cvg-768x1024.jpg 768w, https:\/\/sanmiraspa.com\/en\/wp-content\/uploads\/2022\/11\/tl-cvg-225x300.jpg 225w, https:\/\/sanmiraspa.com\/en\/wp-content\/uploads\/2022\/11\/tl-cvg-1152x1536.jpg 1152w, https:\/\/sanmiraspa.com\/en\/wp-content\/uploads\/2022\/11\/tl-cvg-600x800.jpg 600w, https:\/\/sanmiraspa.com\/en\/wp-content\/uploads\/2022\/11\/tl-cvg.jpg 1536w\" sizes=\"(max-width: 718px) 100vw, 718px\" \/><\/p>\n<p id=\"tw-target-text\" class=\"tw-data-text tw-text-large tw-ta\" dir=\"ltr\" data-placeholder=\"B\u1ea3n d\u1ecbch\"><span style=\"color: #ff0000;\"><em><strong><span class=\"Y2IQFc\" lang=\"en\" style=\"font-family: 'times new roman', times, serif; font-size: 140%;\">Schedule a relaxing trip to San Mira now!!!<\/span><\/strong><\/em><\/span><\/p>\n<p dir=\"ltr\" data-placeholder=\"B\u1ea3n d\u1ecbch\"><span style=\"font-family: 'times new roman', times, serif;\">\u2014\u2014\u2014\u2014\u2014-<\/span><br \/>\n<span style=\"font-family: 'times new roman', times, serif;\">San Mira Spa<\/span><br \/>\n<span style=\"font-family: 'times new roman', times, serif;\">No TIP<\/span><br \/>\n<span style=\"font-family: 'times new roman', times, serif;\">\u26d4Facebook:\u00a0<a href=\"https:\/\/www.facebook.com\/profile.php?id=100086325980282\">https:\/\/www.facebook.com\/profile.php?id=100086325980282<\/a><\/span><br \/>\n<span style=\"font-family: 'times new roman', times, serif;\">\u26d4Instagram:\u00a0<a href=\"https:\/\/www.instagram.com\/sanmiraspa\/\">https:\/\/www.instagram.com\/sanmiraspa\/<\/a><\/span><br \/>\n<span style=\"font-family: 'times new roman', times, serif;\">Branches:<\/span><br \/>\n<span style=\"font-family: 'times new roman', times, serif;\">\ud83c\udf3a CN1: B4X3 K\u0110T M\u1ef9 \u0110\u00ecnh 1, C\u1ea7u Di\u1ec5n, Nam T\u1eeb Li\u00eam, H\u00e0 N\u1ed9i ( \u0110\u1ed1i di\u1ec7n h\u1ea7m g\u1eedi xe to\u00e0 nh\u00e0 Florencer)<\/span><br \/>\n<span style=\"font-family: 'times new roman', times, serif;\">\u260e\ufe0f Hotline\/Zalo : 0375566559<\/span><br \/>\n<span style=\"font-family: 'times new roman', times, serif;\">\ud83c\udf3a CN2: 17E L\u00f4 A10 K\u0110T Nam Trung Y\u00ean, Y\u00ean H\u00f2a, C\u1ea7u Gi\u1ea5y, H\u00e0 N\u1ed9i ( \u0110\u1ed1i di\u1ec7n s\u1ea3nh chung c\u01b0 CT2)<\/span><br \/>\n<span style=\"font-family: 'times new roman', times, serif;\">\u260e\ufe0f Hotline\/Zalo : 0976301259<\/span><\/p>\n","protected":false},"excerpt":{"rendered":"<p id=\"tw-target-text\" class=\"tw-data-text tw-text-large tw-ta\" dir=\"ltr\" data-placeholder=\"B\u1ea3n d\u1ecbch\"><span class=\"Y2IQFc\" lang=\"en\" style=\"font-family: 'times new roman', times, serif;\"><strong>Time:<\/strong> 45 minutes<\/span><\/p>\n<p class=\"tw-data-text tw-text-large tw-ta\" dir=\"ltr\" data-placeholder=\"B\u1ea3n d\u1ecbch\"><span style=\"font-family: 'times new roman', times, serif;\">In traditional medicine, neck and shoulder massage is an extremely effective and safe treatment method. Massage movements will affect the muscles and nerves to help neck, shoulders, back, and hands muscles to rest, you will feel comfortable with less pain and fatigue. With high work intensity nowadays, most people suffer from a lot of stress which cause stress and fatigue. It also causes pain in the neck and shoulders area, especially those who sit in one place for a long time will struggle such symptoms. <\/span><br \/>\n<span style=\"font-family: 'times new roman', times, serif;\">With a team of highly skilled masseuses, San spa will help you dispel shoulder and neck pain in the most gentle and effective way. San Mira, come with love, leave to remember!<\/span><\/p>\n","protected":false},"featured_media":357,"comment_status":"open","ping_status":"closed","template":"","meta":[],"product_cat":[16,23],"product_tag":[],"acf":[],"yoast_head":"<!-- This site is optimized with the Yoast SEO plugin v19.10 - https:\/\/yoast.com\/wordpress\/plugins\/seo\/ -->\n<title>Neck-shoulder-neck massage - San Mira - Be healthy every day<\/title>\n<meta name=\"robots\" content=\"index, follow, max-snippet:-1, max-image-preview:large, max-video-preview:-1\" \/>\n<link rel=\"canonical\" href=\"https:\/\/sanmiraspa.com\/en\/massage-co-vai-gay\/\" \/>\n<meta property=\"og:locale\" content=\"en_US\" \/>\n<meta property=\"og:type\" content=\"article\" \/>\n<meta property=\"og:title\" content=\"Neck-shoulder-neck massage - San Mira - Be healthy every day\" \/>\n<meta property=\"og:description\" content=\"Time: 45 minutes In traditional medicine, neck and shoulder massage is an extremely effective and safe treatment method. Massage movements will affect the muscles and nerves to help neck, shoulders, back, and hands muscles to rest, you will feel comfortable with less pain and fatigue. With high work intensity nowadays, most people suffer from a lot of stress which cause stress and fatigue. It also causes pain in the neck and shoulders area, especially those who sit in one place for a long time will struggle such symptoms.  With a team of highly skilled masseuses, San spa will help you dispel shoulder and neck pain in the most gentle and effective way. San Mira, come with love, leave to remember!\" \/>\n<meta property=\"og:url\" content=\"https:\/\/sanmiraspa.com\/en\/massage-co-vai-gay\/\" \/>\n<meta property=\"og:site_name\" content=\"San Mira - Be healthy every day\" \/>\n<meta property=\"article:modified_time\" content=\"2023-09-06T09:59:59+00:00\" \/>\n<meta property=\"og:image\" content=\"https:\/\/sanmiraspa.com\/en\/wp-content\/uploads\/2022\/11\/Massage-co-vai-gay.jpg\" \/>\n\t<meta property=\"og:image:width\" content=\"2560\" \/>\n\t<meta property=\"og:image:height\" content=\"1707\" \/>\n\t<meta property=\"og:image:type\" content=\"image\/jpeg\" \/>\n<meta name=\"twitter:card\" content=\"summary_large_image\" \/>\n<meta name=\"twitter:label1\" content=\"Est. reading time\" \/>\n\t<meta name=\"twitter:data1\" content=\"3 minutes\" \/>\n<script type=\"application\/ld+json\" class=\"yoast-schema-graph\">{\"@context\":\"https:\/\/schema.org\",\"@graph\":[{\"@type\":\"WebPage\",\"@id\":\"https:\/\/sanmiraspa.com\/en\/massage-co-vai-gay\/\",\"url\":\"https:\/\/sanmiraspa.com\/en\/massage-co-vai-gay\/\",\"name\":\"Neck-shoulder-neck massage - San Mira - Be healthy every day\",\"isPartOf\":{\"@id\":\"https:\/\/sanmiraspa.com\/en\/#website\"},\"datePublished\":\"2022-11-19T03:13:48+00:00\",\"dateModified\":\"2023-09-06T09:59:59+00:00\",\"breadcrumb\":{\"@id\":\"https:\/\/sanmiraspa.com\/en\/massage-co-vai-gay\/#breadcrumb\"},\"inLanguage\":\"en-US\",\"potentialAction\":[{\"@type\":\"ReadAction\",\"target\":[\"https:\/\/sanmiraspa.com\/en\/massage-co-vai-gay\/\"]}]},{\"@type\":\"BreadcrumbList\",\"@id\":\"https:\/\/sanmiraspa.com\/en\/massage-co-vai-gay\/#breadcrumb\",\"itemListElement\":[{\"@type\":\"ListItem\",\"position\":1,\"name\":\"Home\",\"item\":\"https:\/\/sanmiraspa.com\/en\/\"},{\"@type\":\"ListItem\",\"position\":2,\"name\":\"Shop\",\"item\":\"https:\/\/sanmiraspa.com\/en\/shop\/\"},{\"@type\":\"ListItem\",\"position\":3,\"name\":\"Neck-shoulder-neck massage\"}]},{\"@type\":\"WebSite\",\"@id\":\"https:\/\/sanmiraspa.com\/en\/#website\",\"url\":\"https:\/\/sanmiraspa.com\/en\/\",\"name\":\"San Mira - Be healthy every day\",\"description\":\"Be healthy every day\",\"potentialAction\":[{\"@type\":\"SearchAction\",\"target\":{\"@type\":\"EntryPoint\",\"urlTemplate\":\"https:\/\/sanmiraspa.com\/en\/?s={search_term_string}\"},\"query-input\":\"required name=search_term_string\"}],\"inLanguage\":\"en-US\"}]}<\/script>\n<!-- \/ Yoast SEO plugin. -->","yoast_head_json":{"title":"Neck-shoulder-neck massage - San Mira - Be healthy every day","robots":{"index":"index","follow":"follow","max-snippet":"max-snippet:-1","max-image-preview":"max-image-preview:large","max-video-preview":"max-video-preview:-1"},"canonical":"https:\/\/sanmiraspa.com\/en\/massage-co-vai-gay\/","og_locale":"en_US","og_type":"article","og_title":"Neck-shoulder-neck massage - San Mira - Be healthy every day","og_description":"Time: 45 minutes In traditional medicine, neck and shoulder massage is an extremely effective and safe treatment method. Massage movements will affect the muscles and nerves to help neck, shoulders, back, and hands muscles to rest, you will feel comfortable with less pain and fatigue. With high work intensity nowadays, most people suffer from a lot of stress which cause stress and fatigue. It also causes pain in the neck and shoulders area, especially those who sit in one place for a long time will struggle such symptoms.  With a team of highly skilled masseuses, San spa will help you dispel shoulder and neck pain in the most gentle and effective way. San Mira, come with love, leave to remember!","og_url":"https:\/\/sanmiraspa.com\/en\/massage-co-vai-gay\/","og_site_name":"San Mira - Be healthy every day","article_modified_time":"2023-09-06T09:59:59+00:00","og_image":[{"width":2560,"height":1707,"url":"https:\/\/sanmiraspa.com\/en\/wp-content\/uploads\/2022\/11\/Massage-co-vai-gay.jpg","type":"image\/jpeg"}],"twitter_card":"summary_large_image","twitter_misc":{"Est. reading time":"3 minutes"},"schema":{"@context":"https:\/\/schema.org","@graph":[{"@type":"WebPage","@id":"https:\/\/sanmiraspa.com\/en\/massage-co-vai-gay\/","url":"https:\/\/sanmiraspa.com\/en\/massage-co-vai-gay\/","name":"Neck-shoulder-neck massage - San Mira - Be healthy every day","isPartOf":{"@id":"https:\/\/sanmiraspa.com\/en\/#website"},"datePublished":"2022-11-19T03:13:48+00:00","dateModified":"2023-09-06T09:59:59+00:00","breadcrumb":{"@id":"https:\/\/sanmiraspa.com\/en\/massage-co-vai-gay\/#breadcrumb"},"inLanguage":"en-US","potentialAction":[{"@type":"ReadAction","target":["https:\/\/sanmiraspa.com\/en\/massage-co-vai-gay\/"]}]},{"@type":"BreadcrumbList","@id":"https:\/\/sanmiraspa.com\/en\/massage-co-vai-gay\/#breadcrumb","itemListElement":[{"@type":"ListItem","position":1,"name":"Home","item":"https:\/\/sanmiraspa.com\/en\/"},{"@type":"ListItem","position":2,"name":"Shop","item":"https:\/\/sanmiraspa.com\/en\/shop\/"},{"@type":"ListItem","position":3,"name":"Neck-shoulder-neck massage"}]},{"@type":"WebSite","@id":"https:\/\/sanmiraspa.com\/en\/#website","url":"https:\/\/sanmiraspa.com\/en\/","name":"San Mira - Be healthy every day","description":"Be healthy every day","potentialAction":[{"@type":"SearchAction","target":{"@type":"EntryPoint","urlTemplate":"https:\/\/sanmiraspa.com\/en\/?s={search_term_string}"},"query-input":"required name=search_term_string"}],"inLanguage":"en-US"}]}},"_links":{"self":[{"href":"https:\/\/sanmiraspa.com\/en\/wp-json\/wp\/v2\/product\/356"}],"collection":[{"href":"https:\/\/sanmiraspa.com\/en\/wp-json\/wp\/v2\/product"}],"about":[{"href":"https:\/\/sanmiraspa.com\/en\/wp-json\/wp\/v2\/types\/product"}],"replies":[{"embeddable":true,"href":"https:\/\/sanmiraspa.com\/en\/wp-json\/wp\/v2\/comments?post=356"}],"wp:featuredmedia":[{"embeddable":true,"href":"https:\/\/sanmiraspa.com\/en\/wp-json\/wp\/v2\/media\/357"}],"wp:attachment":[{"href":"https:\/\/sanmiraspa.com\/en\/wp-json\/wp\/v2\/media?parent=356"}],"wp:term":[{"taxonomy":"product_cat","embeddable":true,"href":"https:\/\/sanmiraspa.com\/en\/wp-json\/wp\/v2\/product_cat?post=356"},{"taxonomy":"product_tag","embeddable":true,"href":"https:\/\/sanmiraspa.com\/en\/wp-json\/wp\/v2\/product_tag?post=356"}],"curies":[{"name":"wp","href":"https:\/\/api.w.org\/{rel}","templated":true}]}}