{"id":352,"date":"2022-11-19T10:03:33","date_gmt":"2022-11-19T03:03:33","guid":{"rendered":"https:\/\/sanmiraspa.com\/?post_type=product&#038;p=352"},"modified":"2023-09-18T15:52:32","modified_gmt":"2023-09-18T08:52:32","slug":"nang-co-tre-hoa-lan-da","status":"publish","type":"product","link":"https:\/\/sanmiraspa.com\/en\/nang-co-tre-hoa-lan-da\/","title":{"rendered":"Lifting and rejuvenating skin care"},"content":{"rendered":"<p id=\"tw-target-text\" class=\"tw-data-text tw-text-large tw-ta\" dir=\"ltr\" data-placeholder=\"B\u1ea3n d\u1ecbch\"><strong><em><span class=\"Y2IQFc\" lang=\"en\" style=\"font-family: 'times new roman', times, serif; font-size: 150%; color: #00aae7;\">Why lift skin rejuvenation skin care?<\/span><\/em><\/strong><\/p>\n<p id=\"tw-target-text\" class=\"tw-data-text tw-text-large tw-ta\" dir=\"ltr\" data-placeholder=\"B\u1ea3n d\u1ecbch\"><span class=\"Y2IQFc\" lang=\"en\" style=\"font-family: 'times new roman', times, serif;\">With aging, women face many problems, besides wrinkles, dark spots or freckles, the skin also becomes less firm, causing sagging skin that can also be seen by the naked eye. Not only that, the lack of Collagen and Elastin gradually over time also makes the skin lifeless, especially the eye area, the skin position is very susceptible to aging, darkening and wrinkle formation. Therefore, If you find that your skin is in a state of aging, women, let&#8217;s boldly invest in skin rejuvenation and skin care!<\/span><\/p>\n<p><span style=\"font-family: 'times new roman', times, serif;\">SAN MIRA&#8217;s EXCLUSIVE skin care rejivenation lifting therapy uses warm and cold marble methods along with acupressure, massage techniques to help tighten muscles, shape the face, brighten the skin, tighten the skin and tighten the skin. Detoxify the skin to slim the face is 590k.<\/span><\/p>\n<p dir=\"ltr\" data-placeholder=\"B\u1ea3n d\u1ecbch\">\n<p id=\"tw-target-text\" class=\"tw-data-text tw-text-large tw-ta\" dir=\"ltr\" data-placeholder=\"B\u1ea3n d\u1ecbch\"><span style=\"color: #00aae7;\"><strong><em><span class=\"Y2IQFc\" lang=\"en\" style=\"font-family: 'times new roman', times, serif; font-size: 150%;\">Effects of skin rejuvenation lifting:<\/span><\/em><\/strong><\/span><\/p>\n<ul>\n<li id=\"tw-target-text\" class=\"tw-data-text tw-text-large tw-ta\" dir=\"ltr\" data-placeholder=\"B\u1ea3n d\u1ecbch\"><span class=\"Y2IQFc\" lang=\"en\" style=\"font-family: 'times new roman', times, serif;\">The effect of preventing aging, wrinkles on the skin appears and helps the skin regain its inherent beauty, the skin is also smooth.<\/span><\/li>\n<li class=\"tw-data-text tw-text-large tw-ta\" dir=\"ltr\" data-placeholder=\"B\u1ea3n d\u1ecbch\"><span class=\"Y2IQFc\" lang=\"en\" style=\"font-family: 'times new roman', times, serif;\">Helps the skin also become youthful, fresh and smooth after just the treatment. <\/span><\/li>\n<li class=\"tw-data-text tw-text-large tw-ta\" dir=\"ltr\" data-placeholder=\"B\u1ea3n d\u1ecbch\"><span class=\"Y2IQFc\" lang=\"en\" style=\"font-family: 'times new roman', times, serif;\">Helps remove wrinkles at the corners of the eyes, eyebrows, forehead, corners of the mouth and helps the skin become full of energy. <\/span><\/li>\n<li class=\"tw-data-text tw-text-large tw-ta\" dir=\"ltr\" data-placeholder=\"B\u1ea3n d\u1ecbch\"><span class=\"Y2IQFc\" lang=\"en\" style=\"font-family: 'times new roman', times, serif;\"> Supports to nourish the skin from deep within, helping them become bright, even and plump. <\/span><\/li>\n<li class=\"tw-data-text tw-text-large tw-ta\" dir=\"ltr\" data-placeholder=\"B\u1ea3n d\u1ecbch\"><span class=\"Y2IQFc\" lang=\"en\" style=\"font-family: 'times new roman', times, serif;\"> The skin also becomes elastic, firm and youthful like a girl in her twenties. <\/span><\/li>\n<li class=\"tw-data-text tw-text-large tw-ta\" dir=\"ltr\" data-placeholder=\"B\u1ea3n d\u1ecbch\"><span class=\"Y2IQFc\" lang=\"en\" style=\"font-family: 'times new roman', times, serif;\">Remove excess fat on the face, eye bags and help the face become slim, V-line standard face<\/span><\/li>\n<\/ul>\n<p><img decoding=\"async\" loading=\"lazy\" class=\"size-large wp-image-1241 aligncenter\" src=\"https:\/\/sanmiraspa.com\/en\/wp-content\/uploads\/2022\/11\/z4184242994844_0f83105b20decc75e511a9e637990284-574x1024.jpg\" alt=\"\" width=\"574\" height=\"1024\" srcset=\"https:\/\/sanmiraspa.com\/en\/wp-content\/uploads\/2022\/11\/z4184242994844_0f83105b20decc75e511a9e637990284-574x1024.jpg 574w, https:\/\/sanmiraspa.com\/en\/wp-content\/uploads\/2022\/11\/z4184242994844_0f83105b20decc75e511a9e637990284-168x300.jpg 168w, https:\/\/sanmiraspa.com\/en\/wp-content\/uploads\/2022\/11\/z4184242994844_0f83105b20decc75e511a9e637990284-768x1369.jpg 768w, https:\/\/sanmiraspa.com\/en\/wp-content\/uploads\/2022\/11\/z4184242994844_0f83105b20decc75e511a9e637990284-862x1536.jpg 862w, https:\/\/sanmiraspa.com\/en\/wp-content\/uploads\/2022\/11\/z4184242994844_0f83105b20decc75e511a9e637990284-1149x2048.jpg 1149w, https:\/\/sanmiraspa.com\/en\/wp-content\/uploads\/2022\/11\/z4184242994844_0f83105b20decc75e511a9e637990284-600x1070.jpg 600w, https:\/\/sanmiraspa.com\/en\/wp-content\/uploads\/2022\/11\/z4184242994844_0f83105b20decc75e511a9e637990284.jpg 1436w\" sizes=\"(max-width: 574px) 100vw, 574px\" \/><\/p>\n<p id=\"tw-target-text\" class=\"tw-data-text tw-text-large tw-ta\" dir=\"ltr\" data-placeholder=\"B\u1ea3n d\u1ecbch\"><strong><span class=\"Y2IQFc\" lang=\"en\" style=\"color: #50b848; font-size: 110%; font-family: 'times new roman', times, serif;\">Watch Video Lifting Skin Rejuvenation Skin Care Here:<\/span><em><span class=\"Y2IQFc\" lang=\"en\" style=\"color: #50b848; font-size: 110%; font-family: 'times new roman', times, serif;\"><a href=\"https:\/\/www.youtube.com\/watch?v=HShJ8s7X1qs&amp;t=3s\">https:\/\/www.youtube.com\/watch?v=HShJ8s7X1qs&amp;t=3s<\/a><\/span><\/em><\/strong><\/p>\n<p id=\"tw-target-text\" class=\"tw-data-text tw-text-large tw-ta\" dir=\"ltr\" data-placeholder=\"B\u1ea3n d\u1ecbch\"><span style=\"font-family: 'times new roman', times, serif; font-size: 150%; color: #00aae7;\"><em><strong><span class=\"Y2IQFc\" lang=\"en\">16-step process of lifting and rejuvenating skin care:<\/span><\/strong><\/em><\/span><\/p>\n<pre class=\"tw-data-text tw-text-large tw-ta\" dir=\"ltr\" data-placeholder=\"B\u1ea3n d\u1ecbch\"><span class=\"Y2IQFc\" lang=\"en\" style=\"font-family: 'times new roman', times, serif;\">+ Step 1: San Mira herbal foot bath\r\n+ Step 2: Check skin and assess skin condition\r\n+ Step 3: Remove makeup to remove makeup and dirt on the surface of the skin\r\n+ Step 4: Wash your face and deep clean\r\n+ Step 5: Exfoliate to remove dead skin\r\n+ Step 6: Steam your face and suck out acne and get acne kernels (if any)\r\n+ Step 7: Relax the facial area by acupressure\r\n+ Step 8: Show the client the skin before entering the course\r\n+ Step 9: Small collagen essence massage each side of the face combined with acupressure, pulling muscles to compact the face.\r\n+ Step 10: Show the customer half of the face after the procedure\r\n+ Step 11: Do the other side for the face balance\r\n+ Step 12: Take the warm marble to follow the muscle line and combine well with acupressure to push the muscles\r\n+ Step 13: Apply a mask combined with gauze to pull the facial muscles\r\n+ Step 14: Massage head, shoulders, neck, hands while applying the mask\r\n+ Step 15: Remove the mask to clean the skin, spray moisture and go cold marble to help rejuvenate the skin and balance the skin's moisture after use.\r\n+ Step 16: Apply moisturizing essence to the skin and finish\r\n<img decoding=\"async\" loading=\"lazy\" class=\"wp-image-1148 aligncenter\" src=\"https:\/\/sanmiraspa.com\/en\/wp-content\/uploads\/2023\/02\/retouch_2022090519525464-1024x683.jpg\" alt=\"\" width=\"721\" height=\"481\" srcset=\"https:\/\/sanmiraspa.com\/en\/wp-content\/uploads\/2023\/02\/retouch_2022090519525464-1024x683.jpg 1024w, https:\/\/sanmiraspa.com\/en\/wp-content\/uploads\/2023\/02\/retouch_2022090519525464-300x200.jpg 300w, https:\/\/sanmiraspa.com\/en\/wp-content\/uploads\/2023\/02\/retouch_2022090519525464-768x512.jpg 768w, https:\/\/sanmiraspa.com\/en\/wp-content\/uploads\/2023\/02\/retouch_2022090519525464-1536x1024.jpg 1536w, https:\/\/sanmiraspa.com\/en\/wp-content\/uploads\/2023\/02\/retouch_2022090519525464-2048x1365.jpg 2048w, https:\/\/sanmiraspa.com\/en\/wp-content\/uploads\/2023\/02\/retouch_2022090519525464-600x400.jpg 600w\" sizes=\"(max-width: 721px) 100vw, 721px\" \/><\/span><strong><em><span class=\"Y2IQFc\" lang=\"en\" style=\"font-family: 'times new roman', times, serif; font-size: 140%; color: #ff0000;\">Don't hesitate, contact San Mira to receive a promotion for skin rejuvenation with only 299K today!!!!<\/span><\/em><\/strong><\/pre>\n<pre id=\"tw-target-text\" class=\"tw-data-text tw-text-large tw-ta\" dir=\"ltr\" data-placeholder=\"B\u1ea3n d\u1ecbch\"><span class=\"Y2IQFc\" lang=\"en\" style=\"font-family: 'times new roman', times, serif;\">\u2014\u2014\u2014\u2014\u2014-\r\nSan Mira Spa\r\nNo TIP\r\n\u26d4Facebook:\u00a0<a href=\"https:\/\/www.facebook.com\/profile.php?id=100086325980282\">https:\/\/www.facebook.com\/profile.php?id=100086325980282<\/a>\r\n\u26d4Instagram:\u00a0<a href=\"https:\/\/www.instagram.com\/sanmiraspa\/\">https:\/\/www.instagram.com\/sanmiraspa\/<\/a>\r\nBranches:\r\n\ud83c\udf3a CN1: B4X3 K\u0110T M\u1ef9 \u0110\u00ecnh 1, C\u1ea7u Di\u1ec5n, Nam T\u1eeb Li\u00eam, H\u00e0 N\u1ed9i ( \u0110\u1ed1i di\u1ec7n h\u1ea7m g\u1eedi xe to\u00e0 nh\u00e0 Florencer)\r\n\u260e\ufe0f Hotline\/Zalo : 0375566559\r\n\ud83c\udf3a CN2: 17E L\u00f4 A10 K\u0110T Nam Trung Y\u00ean, Y\u00ean H\u00f2a, C\u1ea7u Gi\u1ea5y, H\u00e0 N\u1ed9i ( \u0110\u1ed1i di\u1ec7n s\u1ea3nh chung c\u01b0 CT2)\r\n\u260e\ufe0f Hotline\/Zalo : 0976301259<\/span><\/pre>\n","protected":false},"excerpt":{"rendered":"<p id=\"tw-target-text\" class=\"tw-data-text tw-text-large tw-ta\" dir=\"ltr\" data-placeholder=\"B\u1ea3n d\u1ecbch\"><span class=\"Y2IQFc\" lang=\"en\" style=\"font-family: 'times new roman', times, serif;\">&#8220;Rejuvenating skin care lifting&#8221; is a beauty and aesthetic method that helps to improve various aging conditions of the skin, making the skin smooth and shiny. This skin care rejuvenation lifting method also helps to reduce sagging skin, remove wrinkles and remove signs of aging in areas of the face such as: crow&#8217;s feet, corners of the mouth, forehead, etc. chin and under the eyelids.<\/span><\/p>\n<p dir=\"ltr\" data-placeholder=\"B\u1ea3n d\u1ecbch\">\n","protected":false},"featured_media":434,"comment_status":"open","ping_status":"closed","template":"","meta":[],"product_cat":[16,31],"product_tag":[],"acf":[],"yoast_head":"<!-- This site is optimized with the Yoast SEO plugin v19.10 - https:\/\/yoast.com\/wordpress\/plugins\/seo\/ -->\n<title>Lifting and rejuvenating skin care - San Mira - Be healthy every day<\/title>\n<meta name=\"robots\" content=\"index, follow, max-snippet:-1, max-image-preview:large, max-video-preview:-1\" \/>\n<link rel=\"canonical\" href=\"https:\/\/sanmiraspa.com\/en\/nang-co-tre-hoa-lan-da\/\" \/>\n<meta property=\"og:locale\" content=\"en_US\" \/>\n<meta property=\"og:type\" content=\"article\" \/>\n<meta property=\"og:title\" content=\"Lifting and rejuvenating skin care - San Mira - Be healthy every day\" \/>\n<meta property=\"og:description\" content=\"&quot;Rejuvenating skin care lifting&quot; is a beauty and aesthetic method that helps to improve various aging conditions of the skin, making the skin smooth and shiny. This skin care rejuvenation lifting method also helps to reduce sagging skin, remove wrinkles and remove signs of aging in areas of the face such as: crow&#039;s feet, corners of the mouth, forehead, etc. chin and under the eyelids.\" \/>\n<meta property=\"og:url\" content=\"https:\/\/sanmiraspa.com\/en\/nang-co-tre-hoa-lan-da\/\" \/>\n<meta property=\"og:site_name\" content=\"San Mira - Be healthy every day\" \/>\n<meta property=\"article:modified_time\" content=\"2023-09-18T08:52:32+00:00\" \/>\n<meta property=\"og:image\" content=\"https:\/\/sanmiraspa.com\/en\/wp-content\/uploads\/2022\/11\/z3744092387540_c8b2b34c7ef5e93e55084909380b86b9-1.jpg\" \/>\n\t<meta property=\"og:image:width\" content=\"2047\" \/>\n\t<meta property=\"og:image:height\" content=\"1365\" \/>\n\t<meta property=\"og:image:type\" content=\"image\/jpeg\" \/>\n<meta name=\"twitter:card\" content=\"summary_large_image\" \/>\n<meta name=\"twitter:label1\" content=\"Est. reading time\" \/>\n\t<meta name=\"twitter:data1\" content=\"3 minutes\" \/>\n<script type=\"application\/ld+json\" class=\"yoast-schema-graph\">{\"@context\":\"https:\/\/schema.org\",\"@graph\":[{\"@type\":\"WebPage\",\"@id\":\"https:\/\/sanmiraspa.com\/en\/nang-co-tre-hoa-lan-da\/\",\"url\":\"https:\/\/sanmiraspa.com\/en\/nang-co-tre-hoa-lan-da\/\",\"name\":\"Lifting and rejuvenating skin care - San Mira - Be healthy every day\",\"isPartOf\":{\"@id\":\"https:\/\/sanmiraspa.com\/en\/#website\"},\"datePublished\":\"2022-11-19T03:03:33+00:00\",\"dateModified\":\"2023-09-18T08:52:32+00:00\",\"breadcrumb\":{\"@id\":\"https:\/\/sanmiraspa.com\/en\/nang-co-tre-hoa-lan-da\/#breadcrumb\"},\"inLanguage\":\"en-US\",\"potentialAction\":[{\"@type\":\"ReadAction\",\"target\":[\"https:\/\/sanmiraspa.com\/en\/nang-co-tre-hoa-lan-da\/\"]}]},{\"@type\":\"BreadcrumbList\",\"@id\":\"https:\/\/sanmiraspa.com\/en\/nang-co-tre-hoa-lan-da\/#breadcrumb\",\"itemListElement\":[{\"@type\":\"ListItem\",\"position\":1,\"name\":\"Home\",\"item\":\"https:\/\/sanmiraspa.com\/en\/\"},{\"@type\":\"ListItem\",\"position\":2,\"name\":\"Shop\",\"item\":\"https:\/\/sanmiraspa.com\/en\/shop\/\"},{\"@type\":\"ListItem\",\"position\":3,\"name\":\"Lifting and rejuvenating skin care\"}]},{\"@type\":\"WebSite\",\"@id\":\"https:\/\/sanmiraspa.com\/en\/#website\",\"url\":\"https:\/\/sanmiraspa.com\/en\/\",\"name\":\"San Mira - Be healthy every day\",\"description\":\"Be healthy every day\",\"potentialAction\":[{\"@type\":\"SearchAction\",\"target\":{\"@type\":\"EntryPoint\",\"urlTemplate\":\"https:\/\/sanmiraspa.com\/en\/?s={search_term_string}\"},\"query-input\":\"required name=search_term_string\"}],\"inLanguage\":\"en-US\"}]}<\/script>\n<!-- \/ Yoast SEO plugin. -->","yoast_head_json":{"title":"Lifting and rejuvenating skin care - San Mira - Be healthy every day","robots":{"index":"index","follow":"follow","max-snippet":"max-snippet:-1","max-image-preview":"max-image-preview:large","max-video-preview":"max-video-preview:-1"},"canonical":"https:\/\/sanmiraspa.com\/en\/nang-co-tre-hoa-lan-da\/","og_locale":"en_US","og_type":"article","og_title":"Lifting and rejuvenating skin care - San Mira - Be healthy every day","og_description":"\"Rejuvenating skin care lifting\" is a beauty and aesthetic method that helps to improve various aging conditions of the skin, making the skin smooth and shiny. This skin care rejuvenation lifting method also helps to reduce sagging skin, remove wrinkles and remove signs of aging in areas of the face such as: crow's feet, corners of the mouth, forehead, etc. chin and under the eyelids.","og_url":"https:\/\/sanmiraspa.com\/en\/nang-co-tre-hoa-lan-da\/","og_site_name":"San Mira - Be healthy every day","article_modified_time":"2023-09-18T08:52:32+00:00","og_image":[{"width":2047,"height":1365,"url":"https:\/\/sanmiraspa.com\/en\/wp-content\/uploads\/2022\/11\/z3744092387540_c8b2b34c7ef5e93e55084909380b86b9-1.jpg","type":"image\/jpeg"}],"twitter_card":"summary_large_image","twitter_misc":{"Est. reading time":"3 minutes"},"schema":{"@context":"https:\/\/schema.org","@graph":[{"@type":"WebPage","@id":"https:\/\/sanmiraspa.com\/en\/nang-co-tre-hoa-lan-da\/","url":"https:\/\/sanmiraspa.com\/en\/nang-co-tre-hoa-lan-da\/","name":"Lifting and rejuvenating skin care - San Mira - Be healthy every day","isPartOf":{"@id":"https:\/\/sanmiraspa.com\/en\/#website"},"datePublished":"2022-11-19T03:03:33+00:00","dateModified":"2023-09-18T08:52:32+00:00","breadcrumb":{"@id":"https:\/\/sanmiraspa.com\/en\/nang-co-tre-hoa-lan-da\/#breadcrumb"},"inLanguage":"en-US","potentialAction":[{"@type":"ReadAction","target":["https:\/\/sanmiraspa.com\/en\/nang-co-tre-hoa-lan-da\/"]}]},{"@type":"BreadcrumbList","@id":"https:\/\/sanmiraspa.com\/en\/nang-co-tre-hoa-lan-da\/#breadcrumb","itemListElement":[{"@type":"ListItem","position":1,"name":"Home","item":"https:\/\/sanmiraspa.com\/en\/"},{"@type":"ListItem","position":2,"name":"Shop","item":"https:\/\/sanmiraspa.com\/en\/shop\/"},{"@type":"ListItem","position":3,"name":"Lifting and rejuvenating skin care"}]},{"@type":"WebSite","@id":"https:\/\/sanmiraspa.com\/en\/#website","url":"https:\/\/sanmiraspa.com\/en\/","name":"San Mira - Be healthy every day","description":"Be healthy every day","potentialAction":[{"@type":"SearchAction","target":{"@type":"EntryPoint","urlTemplate":"https:\/\/sanmiraspa.com\/en\/?s={search_term_string}"},"query-input":"required name=search_term_string"}],"inLanguage":"en-US"}]}},"_links":{"self":[{"href":"https:\/\/sanmiraspa.com\/en\/wp-json\/wp\/v2\/product\/352"}],"collection":[{"href":"https:\/\/sanmiraspa.com\/en\/wp-json\/wp\/v2\/product"}],"about":[{"href":"https:\/\/sanmiraspa.com\/en\/wp-json\/wp\/v2\/types\/product"}],"replies":[{"embeddable":true,"href":"https:\/\/sanmiraspa.com\/en\/wp-json\/wp\/v2\/comments?post=352"}],"wp:featuredmedia":[{"embeddable":true,"href":"https:\/\/sanmiraspa.com\/en\/wp-json\/wp\/v2\/media\/434"}],"wp:attachment":[{"href":"https:\/\/sanmiraspa.com\/en\/wp-json\/wp\/v2\/media?parent=352"}],"wp:term":[{"taxonomy":"product_cat","embeddable":true,"href":"https:\/\/sanmiraspa.com\/en\/wp-json\/wp\/v2\/product_cat?post=352"},{"taxonomy":"product_tag","embeddable":true,"href":"https:\/\/sanmiraspa.com\/en\/wp-json\/wp\/v2\/product_tag?post=352"}],"curies":[{"name":"wp","href":"https:\/\/api.w.org\/{rel}","templated":true}]}}