{"id":350,"date":"2022-11-19T09:59:55","date_gmt":"2022-11-19T02:59:55","guid":{"rendered":"https:\/\/sanmiraspa.com\/?post_type=product&#038;p=350"},"modified":"2023-09-06T17:00:31","modified_gmt":"2023-09-06T10:00:31","slug":"ngam-chan-thuoc-bac-massage-chan-da-nong","status":"publish","type":"product","link":"https:\/\/sanmiraspa.com\/en\/ngam-chan-thuoc-bac-massage-chan-da-nong\/","title":{"rendered":"Foot massage and herbal foot bath"},"content":{"rendered":"<p id=\"tw-target-text\" class=\"tw-data-text tw-text-large tw-ta\" dir=\"ltr\" data-placeholder=\"B\u1ea3n d\u1ecbch\"><span class=\"Y2IQFc\" lang=\"en\" style=\"font-family: 'times new roman', times, serif;\">According to Oriental medicine, the feet are likened to the second heart of the body. If you do not take good care of your feet, many serious diseases will occur such as numbness, swelling of the feet, etc. Using herbal foot baths will clear blocked meridians, increase blood circulation, improve metabolism, muscles. Bone and joint flexibility, increase resistance, cure many diseases. Take care of your &#8220;second heart&#8221; with<span style=\"color: #ff0000;\"> 20% off<\/span> when you go to individual sessions and <span style=\"color: #ff0000;\">35% off<\/span> when you buy a treatment card at <strong>San Mira<\/strong>!<\/span><\/p>\n<p dir=\"ltr\" data-placeholder=\"B\u1ea3n d\u1ecbch\"><img decoding=\"async\" loading=\"lazy\" class=\"size-full wp-image-1305 aligncenter\" src=\"https:\/\/sanmiraspa.com\/en\/wp-content\/uploads\/2022\/11\/ngam-chan-thao-duoc-hoamoctamanspa.jpg\" alt=\"\" width=\"630\" height=\"420\" srcset=\"https:\/\/sanmiraspa.com\/en\/wp-content\/uploads\/2022\/11\/ngam-chan-thao-duoc-hoamoctamanspa.jpg 630w, https:\/\/sanmiraspa.com\/en\/wp-content\/uploads\/2022\/11\/ngam-chan-thao-duoc-hoamoctamanspa-300x200.jpg 300w, https:\/\/sanmiraspa.com\/en\/wp-content\/uploads\/2022\/11\/ngam-chan-thao-duoc-hoamoctamanspa-600x400.jpg 600w\" sizes=\"(max-width: 630px) 100vw, 630px\" \/><\/p>\n<p id=\"tw-target-text\" class=\"tw-data-text tw-text-large tw-ta\" dir=\"ltr\" data-placeholder=\"B\u1ea3n d\u1ecbch\"><strong><em><span class=\"Y2IQFc\" lang=\"en\" style=\"color: #00aae7; font-family: 'times new roman', times, serif; font-size: 150%;\">Foot bath supports the following diseases:<\/span><\/em><\/strong><\/p>\n<ul>\n<li><span class=\"Y2IQFc\" lang=\"en\" style=\"font-family: 'times new roman', times, serif;\">Sleep disorders<\/span><\/li>\n<li><span class=\"Y2IQFc\" lang=\"en\" style=\"font-family: 'times new roman', times, serif;\">Headache, Migraine <\/span><\/li>\n<li><span class=\"Y2IQFc\" lang=\"en\" style=\"font-family: 'times new roman', times, serif;\">Hypertension <\/span><\/li>\n<li><span class=\"Y2IQFc\" lang=\"en\" style=\"font-family: 'times new roman', times, serif;\">Thrombophlebitis of the legs <\/span><\/li>\n<li><span class=\"Y2IQFc\" lang=\"en\" style=\"font-family: 'times new roman', times, serif;\">Cold feet<\/span><\/li>\n<\/ul>\n<p id=\"tw-target-text\" class=\"tw-data-text tw-text-large tw-ta\" dir=\"ltr\" data-placeholder=\"B\u1ea3n d\u1ecbch\"><span class=\"Y2IQFc\" lang=\"en\" style=\"font-family: 'times new roman', times, serif;\">To increase the therapeutic effect after foot bath, the experts at <strong>San Mira<\/strong> will combine massage and acupressure day to create a comfortable and pleasant feeling for customers.<\/span><\/p>\n<p dir=\"ltr\" data-placeholder=\"B\u1ea3n d\u1ecbch\"><img decoding=\"async\" loading=\"lazy\" class=\"wp-image-1306 aligncenter\" src=\"https:\/\/sanmiraspa.com\/en\/wp-content\/uploads\/2022\/11\/z3744092382556_19bd6b2eccf2a6c40b2075b48648f87b-1024x683.jpg\" alt=\"\" width=\"721\" height=\"481\" srcset=\"https:\/\/sanmiraspa.com\/en\/wp-content\/uploads\/2022\/11\/z3744092382556_19bd6b2eccf2a6c40b2075b48648f87b-1024x683.jpg 1024w, https:\/\/sanmiraspa.com\/en\/wp-content\/uploads\/2022\/11\/z3744092382556_19bd6b2eccf2a6c40b2075b48648f87b-300x200.jpg 300w, https:\/\/sanmiraspa.com\/en\/wp-content\/uploads\/2022\/11\/z3744092382556_19bd6b2eccf2a6c40b2075b48648f87b-768x512.jpg 768w, https:\/\/sanmiraspa.com\/en\/wp-content\/uploads\/2022\/11\/z3744092382556_19bd6b2eccf2a6c40b2075b48648f87b-1536x1024.jpg 1536w, https:\/\/sanmiraspa.com\/en\/wp-content\/uploads\/2022\/11\/z3744092382556_19bd6b2eccf2a6c40b2075b48648f87b-600x400.jpg 600w, https:\/\/sanmiraspa.com\/en\/wp-content\/uploads\/2022\/11\/z3744092382556_19bd6b2eccf2a6c40b2075b48648f87b.jpg 2048w\" sizes=\"(max-width: 721px) 100vw, 721px\" \/><\/p>\n<p id=\"tw-target-text\" class=\"tw-data-text tw-text-large tw-ta\" dir=\"ltr\" data-placeholder=\"B\u1ea3n d\u1ecbch\"><strong><em><span class=\"Y2IQFc\" lang=\"en\" style=\"font-family: 'times new roman', times, serif; font-size: 150%; color: #00aae7;\">The benefits of foot massage bring:<\/span><\/em><\/strong><\/p>\n<pre class=\"tw-data-text tw-text-large tw-ta\" dir=\"ltr\" data-placeholder=\"B\u1ea3n d\u1ecbch\"><span class=\"Y2IQFc\" lang=\"en\" style=\"font-family: 'times new roman', times, serif;\">\u2747 Helps improve and enhance sleep, the brain is more comfortable to help sleep better.\r\n\u2747 Increase blood circulation, help the body metabolism better.\r\n\u2747 Increase the ability of the liver to excrete toxins and support the kidneys.\r\n\u2747 Preventing many diseases because the soles of the feet are the place where many acupoints are concentrated, representing the internal organs of the person.\r\n\u2747 Special: Foot massage is very good for people with osteoarthritis and the elderly\r\n<\/span><\/pre>\n<p id=\"tw-target-text\" class=\"tw-data-text tw-text-large tw-ta\" dir=\"ltr\" data-placeholder=\"B\u1ea3n d\u1ecbch\"><span style=\"color: #50b848;\"><strong><span class=\"Y2IQFc\" lang=\"en\" style=\"font-family: 'times new roman', times, serif; font-size: 110%;\">Let&#8217;s see how foot massage at San Mira is:\u00a0<a href=\"http:\/\/youtube.com\/watch\">http:\/\/youtube.com\/watch<\/a><\/span><\/strong><\/span><\/p>\n<p id=\"tw-target-text\" class=\"tw-data-text tw-text-large tw-ta\" dir=\"ltr\" data-placeholder=\"B\u1ea3n d\u1ecbch\"><strong><em><span class=\"Y2IQFc\" lang=\"en\" style=\"font-family: 'times new roman', times, serif; color: #00aae7; font-size: 150%;\">8 step foot massage process:<\/span><\/em><\/strong><\/p>\n<p class=\"tw-data-text tw-text-large tw-ta\" dir=\"ltr\" data-placeholder=\"B\u1ea3n d\u1ecbch\"><span class=\"Y2IQFc\" lang=\"en\" style=\"font-family: 'times new roman', times, serif;\">\ud83c\udf31Step 1: Herbal foot soak<\/span><\/p>\n<p class=\"tw-data-text tw-text-large tw-ta\" dir=\"ltr\" data-placeholder=\"B\u1ea3n d\u1ecbch\"><span class=\"Y2IQFc\" lang=\"en\" style=\"font-family: 'times new roman', times, serif;\"> <span style=\"color: #ff0000;\">Lying<\/span> <\/span><\/p>\n<p class=\"tw-data-text tw-text-large tw-ta\" dir=\"ltr\" data-placeholder=\"B\u1ea3n d\u1ecbch\"><span class=\"Y2IQFc\" lang=\"en\" style=\"font-family: 'times new roman', times, serif;\">\ud83c\udf31 Step 2: Relax your body by acupressure on legs, back, shoulders<\/span><\/p>\n<p class=\"tw-data-text tw-text-large tw-ta\" dir=\"ltr\" data-placeholder=\"B\u1ea3n d\u1ecbch\"><span class=\"Y2IQFc\" lang=\"en\" style=\"font-family: 'times new roman', times, serif;\"> \ud83c\udf31 Step 3: Massage your feet with hot stones, focusing on the soles of your feet<\/span><\/p>\n<p class=\"tw-data-text tw-text-large tw-ta\" dir=\"ltr\" data-placeholder=\"B\u1ea3n d\u1ecbch\"><span class=\"Y2IQFc\" lang=\"en\" style=\"font-family: 'times new roman', times, serif;\"> <span style=\"color: #ff0000;\">Lay up<\/span><\/span><\/p>\n<p class=\"tw-data-text tw-text-large tw-ta\" dir=\"ltr\" data-placeholder=\"B\u1ea3n d\u1ecbch\"><span class=\"Y2IQFc\" lang=\"en\" style=\"font-family: 'times new roman', times, serif;\"> \ud83c\udf31 Step 4: Put 1 herbal pillow behind the neck and apply herbal eye<\/span><\/p>\n<p class=\"tw-data-text tw-text-large tw-ta\" dir=\"ltr\" data-placeholder=\"B\u1ea3n d\u1ecbch\"><span class=\"Y2IQFc\" lang=\"en\" style=\"font-family: 'times new roman', times, serif;\"> \ud83c\udf31 Step 5: Focus on massaging feet, soles, pressing acupuncture points to help detoxify the liver, stimulate good digestion, treat rheumatism <\/span><\/p>\n<p class=\"tw-data-text tw-text-large tw-ta\" dir=\"ltr\" data-placeholder=\"B\u1ea3n d\u1ecbch\"><span class=\"Y2IQFc\" lang=\"en\" style=\"font-family: 'times new roman', times, serif;\">\ud83c\udf31 Step 6: Use hot stones to massage your feet and soles to create a gentle feeling for your feet<\/span><\/p>\n<p class=\"tw-data-text tw-text-large tw-ta\" dir=\"ltr\" data-placeholder=\"B\u1ea3n d\u1ecbch\"><span class=\"Y2IQFc\" lang=\"en\" style=\"font-family: 'times new roman', times, serif;\">\u00a0\ud83c\udf31 Step 7: Massage the head and neck area to relax for guests <\/span><\/p>\n<p class=\"tw-data-text tw-text-large tw-ta\" dir=\"ltr\" data-placeholder=\"B\u1ea3n d\u1ecbch\"><span class=\"Y2IQFc\" lang=\"en\" style=\"font-family: 'times new roman', times, serif;\">\ud83c\udf31 Step 8: Help the guest get up, massage more shoulders and finish.<br \/>\n<img decoding=\"async\" loading=\"lazy\" class=\"size-full wp-image-1307 aligncenter\" src=\"https:\/\/sanmiraspa.com\/en\/wp-content\/uploads\/2022\/11\/63ef247fd81e459ba24e54cf34947e2d.jpg\" alt=\"\" width=\"630\" height=\"420\" srcset=\"https:\/\/sanmiraspa.com\/en\/wp-content\/uploads\/2022\/11\/63ef247fd81e459ba24e54cf34947e2d.jpg 630w, https:\/\/sanmiraspa.com\/en\/wp-content\/uploads\/2022\/11\/63ef247fd81e459ba24e54cf34947e2d-300x200.jpg 300w, https:\/\/sanmiraspa.com\/en\/wp-content\/uploads\/2022\/11\/63ef247fd81e459ba24e54cf34947e2d-600x400.jpg 600w\" sizes=\"(max-width: 630px) 100vw, 630px\" \/><br \/>\n<strong><span style=\"color: #ff0000;\"><em><span style=\"font-size: 140%;\">Let&#8217;s go with \u201c<\/span><\/em><em><span style=\"font-size: 140%;\">Book an appointment now<\/span><\/em><em><span style=\"font-size: 140%;\">\u201d to have the most AMAZING RELAXING moments!<\/span><\/em><\/span><\/strong><br \/>\n<\/span><\/p>\n<p dir=\"ltr\" data-placeholder=\"B\u1ea3n d\u1ecbch\"><span style=\"font-family: 'times new roman', times, serif;\">\u2014\u2014\u2014\u2014\u2014-<\/span><br \/>\n<span style=\"font-family: 'times new roman', times, serif;\">San Mira Spa<\/span><br \/>\n<span style=\"font-family: 'times new roman', times, serif;\">No TIP<\/span><br \/>\n<span style=\"font-family: 'times new roman', times, serif;\">\u26d4Facebook:\u00a0<a href=\"https:\/\/www.facebook.com\/profile.php?id=100086325980282\">https:\/\/www.facebook.com\/profile.php?id=100086325980282<\/a><\/span><br \/>\n<span style=\"font-family: 'times new roman', times, serif;\">\u26d4Instagram:\u00a0<a href=\"https:\/\/www.instagram.com\/sanmiraspa\/\">https:\/\/www.instagram.com\/sanmiraspa\/<\/a><\/span><br \/>\n<span style=\"font-family: 'times new roman', times, serif;\">Branches:<\/span><br \/>\n<span style=\"font-family: 'times new roman', times, serif;\">\ud83c\udf3a CN1: B4X3 K\u0110T M\u1ef9 \u0110\u00ecnh 1, C\u1ea7u Di\u1ec5n, Nam T\u1eeb Li\u00eam, H\u00e0 N\u1ed9i ( \u0110\u1ed1i di\u1ec7n h\u1ea7m g\u1eedi xe to\u00e0 nh\u00e0 Florencer)<\/span><br \/>\n<span style=\"font-family: 'times new roman', times, serif;\">\u260e\ufe0f Hotline\/Zalo : 0375566559<\/span><br \/>\n<span style=\"font-family: 'times new roman', times, serif;\">\ud83c\udf3a CN2: 17E L\u00f4 A10 K\u0110T Nam Trung Y\u00ean, Y\u00ean H\u00f2a, C\u1ea7u Gi\u1ea5y, H\u00e0 N\u1ed9i ( \u0110\u1ed1i di\u1ec7n s\u1ea3nh chung c\u01b0 CT2)<\/span><br \/>\n<span style=\"font-family: 'times new roman', times, serif;\">\u260e\ufe0f Hotline\/Zalo : 0976301259<\/span><\/p>\n<pre id=\"tw-target-text\" class=\"tw-data-text tw-text-large tw-ta\" dir=\"ltr\" data-placeholder=\"B\u1ea3n d\u1ecbch\"><span class=\"Y2IQFc\" lang=\"en\" style=\"font-family: 'times new roman', times, serif;\">\u00a0<\/span><\/pre>\n","protected":false},"excerpt":{"rendered":"<p><span style=\"font-family: 'times new roman', times, serif;\">Time: 60 minutes<\/span><\/p>\n<p><span style=\"font-family: 'times new roman', times, serif;\">The feet are like the second heart in the body. They help us to take in oxygen and nutrients, and they play a big role in our overall health. Herbal foot bath can help unblock your meridians, improve your blood circulation, help your body to burn energy more efficiently, make your muscles and joints more supple, and help you fight many diseases.<\/span><\/p>\n","protected":false},"featured_media":351,"comment_status":"open","ping_status":"closed","template":"","meta":[],"product_cat":[16,23],"product_tag":[],"acf":[],"yoast_head":"<!-- This site is optimized with the Yoast SEO plugin v19.10 - https:\/\/yoast.com\/wordpress\/plugins\/seo\/ -->\n<title>Foot massage and herbal foot bath - San Mira - Be healthy every day<\/title>\n<meta name=\"robots\" content=\"index, follow, max-snippet:-1, max-image-preview:large, max-video-preview:-1\" \/>\n<link rel=\"canonical\" href=\"https:\/\/sanmiraspa.com\/en\/ngam-chan-thuoc-bac-massage-chan-da-nong\/\" \/>\n<meta property=\"og:locale\" content=\"en_US\" \/>\n<meta property=\"og:type\" content=\"article\" \/>\n<meta property=\"og:title\" content=\"Foot massage and herbal foot bath - San Mira - Be healthy every day\" \/>\n<meta property=\"og:description\" content=\"Time: 60 minutes  The feet are like the second heart in the body. They help us to take in oxygen and nutrients, and they play a big role in our overall health. Herbal foot bath can help unblock your meridians, improve your blood circulation, help your body to burn energy more efficiently, make your muscles and joints more supple, and help you fight many diseases.\" \/>\n<meta property=\"og:url\" content=\"https:\/\/sanmiraspa.com\/en\/ngam-chan-thuoc-bac-massage-chan-da-nong\/\" \/>\n<meta property=\"og:site_name\" content=\"San Mira - Be healthy every day\" \/>\n<meta property=\"article:modified_time\" content=\"2023-09-06T10:00:31+00:00\" \/>\n<meta property=\"og:image\" content=\"https:\/\/sanmiraspa.com\/en\/wp-content\/uploads\/2022\/11\/NGAM-CHAN-THUOC-BAC-MASSAGE-CHAN-DA-NONG.jpg\" \/>\n\t<meta property=\"og:image:width\" content=\"2560\" \/>\n\t<meta property=\"og:image:height\" content=\"1707\" \/>\n\t<meta property=\"og:image:type\" content=\"image\/jpeg\" \/>\n<meta name=\"twitter:card\" content=\"summary_large_image\" \/>\n<meta name=\"twitter:label1\" content=\"Est. reading time\" \/>\n\t<meta name=\"twitter:data1\" content=\"3 minutes\" \/>\n<script type=\"application\/ld+json\" class=\"yoast-schema-graph\">{\"@context\":\"https:\/\/schema.org\",\"@graph\":[{\"@type\":\"WebPage\",\"@id\":\"https:\/\/sanmiraspa.com\/en\/ngam-chan-thuoc-bac-massage-chan-da-nong\/\",\"url\":\"https:\/\/sanmiraspa.com\/en\/ngam-chan-thuoc-bac-massage-chan-da-nong\/\",\"name\":\"Foot massage and herbal foot bath - San Mira - Be healthy every day\",\"isPartOf\":{\"@id\":\"https:\/\/sanmiraspa.com\/en\/#website\"},\"datePublished\":\"2022-11-19T02:59:55+00:00\",\"dateModified\":\"2023-09-06T10:00:31+00:00\",\"breadcrumb\":{\"@id\":\"https:\/\/sanmiraspa.com\/en\/ngam-chan-thuoc-bac-massage-chan-da-nong\/#breadcrumb\"},\"inLanguage\":\"en-US\",\"potentialAction\":[{\"@type\":\"ReadAction\",\"target\":[\"https:\/\/sanmiraspa.com\/en\/ngam-chan-thuoc-bac-massage-chan-da-nong\/\"]}]},{\"@type\":\"BreadcrumbList\",\"@id\":\"https:\/\/sanmiraspa.com\/en\/ngam-chan-thuoc-bac-massage-chan-da-nong\/#breadcrumb\",\"itemListElement\":[{\"@type\":\"ListItem\",\"position\":1,\"name\":\"Home\",\"item\":\"https:\/\/sanmiraspa.com\/en\/\"},{\"@type\":\"ListItem\",\"position\":2,\"name\":\"Shop\",\"item\":\"https:\/\/sanmiraspa.com\/en\/shop\/\"},{\"@type\":\"ListItem\",\"position\":3,\"name\":\"Foot massage and herbal foot bath\"}]},{\"@type\":\"WebSite\",\"@id\":\"https:\/\/sanmiraspa.com\/en\/#website\",\"url\":\"https:\/\/sanmiraspa.com\/en\/\",\"name\":\"San Mira - Be healthy every day\",\"description\":\"Be healthy every day\",\"potentialAction\":[{\"@type\":\"SearchAction\",\"target\":{\"@type\":\"EntryPoint\",\"urlTemplate\":\"https:\/\/sanmiraspa.com\/en\/?s={search_term_string}\"},\"query-input\":\"required name=search_term_string\"}],\"inLanguage\":\"en-US\"}]}<\/script>\n<!-- \/ Yoast SEO plugin. -->","yoast_head_json":{"title":"Foot massage and herbal foot bath - San Mira - Be healthy every day","robots":{"index":"index","follow":"follow","max-snippet":"max-snippet:-1","max-image-preview":"max-image-preview:large","max-video-preview":"max-video-preview:-1"},"canonical":"https:\/\/sanmiraspa.com\/en\/ngam-chan-thuoc-bac-massage-chan-da-nong\/","og_locale":"en_US","og_type":"article","og_title":"Foot massage and herbal foot bath - San Mira - Be healthy every day","og_description":"Time: 60 minutes  The feet are like the second heart in the body. They help us to take in oxygen and nutrients, and they play a big role in our overall health. Herbal foot bath can help unblock your meridians, improve your blood circulation, help your body to burn energy more efficiently, make your muscles and joints more supple, and help you fight many diseases.","og_url":"https:\/\/sanmiraspa.com\/en\/ngam-chan-thuoc-bac-massage-chan-da-nong\/","og_site_name":"San Mira - Be healthy every day","article_modified_time":"2023-09-06T10:00:31+00:00","og_image":[{"width":2560,"height":1707,"url":"https:\/\/sanmiraspa.com\/en\/wp-content\/uploads\/2022\/11\/NGAM-CHAN-THUOC-BAC-MASSAGE-CHAN-DA-NONG.jpg","type":"image\/jpeg"}],"twitter_card":"summary_large_image","twitter_misc":{"Est. reading time":"3 minutes"},"schema":{"@context":"https:\/\/schema.org","@graph":[{"@type":"WebPage","@id":"https:\/\/sanmiraspa.com\/en\/ngam-chan-thuoc-bac-massage-chan-da-nong\/","url":"https:\/\/sanmiraspa.com\/en\/ngam-chan-thuoc-bac-massage-chan-da-nong\/","name":"Foot massage and herbal foot bath - San Mira - Be healthy every day","isPartOf":{"@id":"https:\/\/sanmiraspa.com\/en\/#website"},"datePublished":"2022-11-19T02:59:55+00:00","dateModified":"2023-09-06T10:00:31+00:00","breadcrumb":{"@id":"https:\/\/sanmiraspa.com\/en\/ngam-chan-thuoc-bac-massage-chan-da-nong\/#breadcrumb"},"inLanguage":"en-US","potentialAction":[{"@type":"ReadAction","target":["https:\/\/sanmiraspa.com\/en\/ngam-chan-thuoc-bac-massage-chan-da-nong\/"]}]},{"@type":"BreadcrumbList","@id":"https:\/\/sanmiraspa.com\/en\/ngam-chan-thuoc-bac-massage-chan-da-nong\/#breadcrumb","itemListElement":[{"@type":"ListItem","position":1,"name":"Home","item":"https:\/\/sanmiraspa.com\/en\/"},{"@type":"ListItem","position":2,"name":"Shop","item":"https:\/\/sanmiraspa.com\/en\/shop\/"},{"@type":"ListItem","position":3,"name":"Foot massage and herbal foot bath"}]},{"@type":"WebSite","@id":"https:\/\/sanmiraspa.com\/en\/#website","url":"https:\/\/sanmiraspa.com\/en\/","name":"San Mira - Be healthy every day","description":"Be healthy every day","potentialAction":[{"@type":"SearchAction","target":{"@type":"EntryPoint","urlTemplate":"https:\/\/sanmiraspa.com\/en\/?s={search_term_string}"},"query-input":"required name=search_term_string"}],"inLanguage":"en-US"}]}},"_links":{"self":[{"href":"https:\/\/sanmiraspa.com\/en\/wp-json\/wp\/v2\/product\/350"}],"collection":[{"href":"https:\/\/sanmiraspa.com\/en\/wp-json\/wp\/v2\/product"}],"about":[{"href":"https:\/\/sanmiraspa.com\/en\/wp-json\/wp\/v2\/types\/product"}],"replies":[{"embeddable":true,"href":"https:\/\/sanmiraspa.com\/en\/wp-json\/wp\/v2\/comments?post=350"}],"wp:featuredmedia":[{"embeddable":true,"href":"https:\/\/sanmiraspa.com\/en\/wp-json\/wp\/v2\/media\/351"}],"wp:attachment":[{"href":"https:\/\/sanmiraspa.com\/en\/wp-json\/wp\/v2\/media?parent=350"}],"wp:term":[{"taxonomy":"product_cat","embeddable":true,"href":"https:\/\/sanmiraspa.com\/en\/wp-json\/wp\/v2\/product_cat?post=350"},{"taxonomy":"product_tag","embeddable":true,"href":"https:\/\/sanmiraspa.com\/en\/wp-json\/wp\/v2\/product_tag?post=350"}],"curies":[{"name":"wp","href":"https:\/\/api.w.org\/{rel}","templated":true}]}}