{"id":345,"date":"2022-11-19T09:53:04","date_gmt":"2022-11-19T02:53:04","guid":{"rendered":"https:\/\/sanmiraspa.com\/?post_type=product&#038;p=345"},"modified":"2023-03-21T18:29:08","modified_gmt":"2023-03-21T11:29:08","slug":"tay-da-chet-dap-duong-da-bang-khoai-tay-cam-gao-yen-mach","status":"publish","type":"product","link":"https:\/\/sanmiraspa.com\/en\/tay-da-chet-dap-duong-da-bang-khoai-tay-cam-gao-yen-mach\/","title":{"rendered":"Body scrub + Nourish"},"content":{"rendered":"<p id=\"tw-target-text\" class=\"tw-data-text tw-text-large tw-ta\" dir=\"ltr\" data-placeholder=\"B\u1ea3n d\u1ecbch\"><span class=\"Y2IQFc\" lang=\"en\" style=\"font-family: 'times new roman', times, serif;\">Unlike facial skin, body skin often rarely receives her regular care. Daily activities make you sweat a lot, combined with clothes that cover the outside is the cause of body acne, inflammation of the pores. Therefore, she needs to exfoliate her body regularly to remove all dirt, helping to keep the skin bright and smooth. Take the time to experience the full body exfoliation and nourishing service at <strong>San Mira<\/strong> with <span style=\"color: #ff0000;\">20% off<\/span> when you go to an individual session and <span style=\"color: #ff0000;\">35% off<\/span> when you buy a treatment card!<\/span><\/p>\n<p dir=\"ltr\" data-placeholder=\"B\u1ea3n d\u1ecbch\"><img decoding=\"async\" loading=\"lazy\" class=\" wp-image-1312 aligncenter\" src=\"https:\/\/sanmiraspa.com\/en\/wp-content\/uploads\/2022\/11\/Bai-Dang-Instagram-Bua-Tiec-Ruc-Ro-trong-Bong-Dem-768x768-1.png\" alt=\"\" width=\"719\" height=\"719\" srcset=\"https:\/\/sanmiraspa.com\/en\/wp-content\/uploads\/2022\/11\/Bai-Dang-Instagram-Bua-Tiec-Ruc-Ro-trong-Bong-Dem-768x768-1.png 768w, https:\/\/sanmiraspa.com\/en\/wp-content\/uploads\/2022\/11\/Bai-Dang-Instagram-Bua-Tiec-Ruc-Ro-trong-Bong-Dem-768x768-1-300x300.png 300w, https:\/\/sanmiraspa.com\/en\/wp-content\/uploads\/2022\/11\/Bai-Dang-Instagram-Bua-Tiec-Ruc-Ro-trong-Bong-Dem-768x768-1-150x150.png 150w, https:\/\/sanmiraspa.com\/en\/wp-content\/uploads\/2022\/11\/Bai-Dang-Instagram-Bua-Tiec-Ruc-Ro-trong-Bong-Dem-768x768-1-600x600.png 600w, https:\/\/sanmiraspa.com\/en\/wp-content\/uploads\/2022\/11\/Bai-Dang-Instagram-Bua-Tiec-Ruc-Ro-trong-Bong-Dem-768x768-1-100x100.png 100w\" sizes=\"(max-width: 719px) 100vw, 719px\" \/><\/p>\n<p id=\"tw-target-text\" class=\"tw-data-text tw-text-large tw-ta\" dir=\"ltr\" data-placeholder=\"B\u1ea3n d\u1ecbch\"><span style=\"color: #00aae7;\"><em><strong><span class=\"Y2IQFc\" lang=\"en\" style=\"font-family: 'times new roman', times, serif; font-size: 150%;\">Benefits of exfoliating and nourishing at San Mira Spa:<\/span><\/strong><\/em><\/span><\/p>\n<p id=\"tw-target-text\" class=\"tw-data-text tw-text-large tw-ta\" dir=\"ltr\" data-placeholder=\"B\u1ea3n d\u1ecbch\"><span class=\"Y2IQFc\" lang=\"en\" style=\"font-family: 'times new roman', times, serif;\">&#8211; Helps smooth, nourish and support skin whitening. <\/span><\/p>\n<p class=\"tw-data-text tw-text-large tw-ta\" dir=\"ltr\" data-placeholder=\"B\u1ea3n d\u1ecbch\"><span class=\"Y2IQFc\" lang=\"en\" style=\"font-family: 'times new roman', times, serif;\">&#8211; Promotes the growth of new skin cells, giving you an extremely youthful skin naturally. <\/span><\/p>\n<p class=\"tw-data-text tw-text-large tw-ta\" dir=\"ltr\" data-placeholder=\"B\u1ea3n d\u1ecbch\"><span class=\"Y2IQFc\" lang=\"en\" style=\"font-family: 'times new roman', times, serif;\">&#8211; Combined with special massage movements to help the skin care process be maximized. <\/span><\/p>\n<p class=\"tw-data-text tw-text-large tw-ta\" dir=\"ltr\" data-placeholder=\"B\u1ea3n d\u1ecbch\"><span class=\"Y2IQFc\" lang=\"en\" style=\"font-family: 'times new roman', times, serif;\">&#8211; Helps restore and maintain intense vitality to the skin.<\/span><\/p>\n<p id=\"tw-target-text\" class=\"tw-data-text tw-text-large tw-ta\" dir=\"ltr\" data-placeholder=\"B\u1ea3n d\u1ecbch\"><span style=\"color: #00aae7;\"><strong><em><span class=\"Y2IQFc\" lang=\"en\" style=\"font-family: 'times new roman', times, serif; font-size: 150%;\">San Mira uses completely natural ingredients that are safe for skin, including sensitive skin:<\/span><\/em><\/strong><\/span><\/p>\n<pre class=\"tw-data-text tw-text-large tw-ta\" dir=\"ltr\" data-placeholder=\"B\u1ea3n d\u1ecbch\"><span class=\"Y2IQFc\" lang=\"en\" style=\"color: #ff0000; font-family: 'times new roman', times, serif;\">1. Potatoes:\r\n<\/span><\/pre>\n<p id=\"tw-target-text\" class=\"tw-data-text tw-text-large tw-ta\" dir=\"ltr\" data-placeholder=\"B\u1ea3n d\u1ecbch\"><span class=\"Y2IQFc\" lang=\"en\"><span style=\"font-family: 'times new roman', times, serif;\">Potatoes have long been considered an indispensable mask for women. With abundant vitamin C and glutathione content, potatoes will help slow down the aging process and keep your skin youthful forever. Instead of overusing cosmetics and lotions, using a natural beauty method from potatoes is a safe solution for all women. For more thorough results, you should apply on your face about 2-3 times a week, 15-20 minutes each time is enough for the nutrients to penetrate deep into the skin<\/span>.<\/span><\/p>\n<pre id=\"tw-target-text\" class=\"tw-data-text tw-text-large tw-ta\" dir=\"ltr\" data-placeholder=\"B\u1ea3n d\u1ecbch\"><span class=\"Y2IQFc\" lang=\"en\" style=\"color: #ff0000; font-family: 'times new roman', times, serif;\">2. Oats:<\/span><\/pre>\n<p id=\"tw-target-text\" class=\"tw-data-text tw-text-large tw-ta\" dir=\"ltr\" data-placeholder=\"B\u1ea3n d\u1ecbch\"><span class=\"Y2IQFc\" lang=\"en\" style=\"font-family: 'times new roman', times, serif;\">Cleanse dead cells, increase nutrients for new cells. Enhance skin tone, help you have whiter skin. Support anti-inflammatory, repel hidden acne, blackheads. Enhance many kinds of nutrients for the skin, repel the skin aging process, effectively fade wrinkles. Besides, this material also helps to support skin lightening, increase skin moisturizing, Create more nutrients to nourish new cells to smoothen facial skin after use, and at the same time prevent blackheads, anti-inflammatory and shrink pores.<\/span><\/p>\n<pre class=\"tw-data-text tw-text-large tw-ta\" dir=\"ltr\" data-placeholder=\"B\u1ea3n d\u1ecbch\"><span class=\"Y2IQFc\" lang=\"en\" style=\"color: #ff0000; font-family: 'times new roman', times, serif;\">3.Rice essence (rice bran):\r\n<\/span><\/pre>\n<p id=\"tw-target-text\" class=\"tw-data-text tw-text-large tw-ta\" dir=\"ltr\" data-placeholder=\"B\u1ea3n d\u1ecbch\"><span class=\"Y2IQFc\" lang=\"en\" style=\"font-family: 'times new roman', times, serif;\">As a popular ingredient in the treatment of acne, rice bran is often used to make masks because they possess microelements of vitamin B1, E, which helps to increase collagen, regenerate cells, antibacterial, and eliminate acne. , the enemy of acne, hidden acne, blackheads, &#8230; solves the problem of dark spots after acne while moisturizing, softening and brightening the skin<\/span><\/p>\n<p dir=\"ltr\" data-placeholder=\"B\u1ea3n d\u1ecbch\"><img decoding=\"async\" loading=\"lazy\" class=\"size-full wp-image-1313 aligncenter\" src=\"https:\/\/sanmiraspa.com\/en\/wp-content\/uploads\/2022\/11\/20210207_044639_535688_tay-te-bao-chet-bod.max-1800x1800-1.jpg\" alt=\"\" width=\"500\" height=\"500\" srcset=\"https:\/\/sanmiraspa.com\/en\/wp-content\/uploads\/2022\/11\/20210207_044639_535688_tay-te-bao-chet-bod.max-1800x1800-1.jpg 500w, https:\/\/sanmiraspa.com\/en\/wp-content\/uploads\/2022\/11\/20210207_044639_535688_tay-te-bao-chet-bod.max-1800x1800-1-300x300.jpg 300w, https:\/\/sanmiraspa.com\/en\/wp-content\/uploads\/2022\/11\/20210207_044639_535688_tay-te-bao-chet-bod.max-1800x1800-1-150x150.jpg 150w, https:\/\/sanmiraspa.com\/en\/wp-content\/uploads\/2022\/11\/20210207_044639_535688_tay-te-bao-chet-bod.max-1800x1800-1-100x100.jpg 100w\" sizes=\"(max-width: 500px) 100vw, 500px\" \/><\/p>\n<p dir=\"ltr\" data-placeholder=\"B\u1ea3n d\u1ecbch\"><strong><em><span style=\"color: #00aae7; font-size: 150%; font-family: 'times new roman', times, serif;\">Exfoliating and nourishing process at San Mira Spa:<\/span><\/em><\/strong><\/p>\n<p id=\"tw-target-text\" class=\"tw-data-text tw-text-large tw-ta\" dir=\"ltr\" data-placeholder=\"B\u1ea3n d\u1ecbch\"><span class=\"Y2IQFc\" lang=\"en\" style=\"font-family: 'times new roman', times, serif;\">+ Step 1: Herbal foot soak <\/span><\/p>\n<p class=\"tw-data-text tw-text-large tw-ta\" dir=\"ltr\" data-placeholder=\"B\u1ea3n d\u1ecbch\"><span class=\"Y2IQFc\" lang=\"en\" style=\"font-family: 'times new roman', times, serif;\">+ Step 2: Check the customer&#8217;s dead skin before exfoliation <\/span><\/p>\n<p class=\"tw-data-text tw-text-large tw-ta\" dir=\"ltr\" data-placeholder=\"B\u1ea3n d\u1ecbch\"><span class=\"Y2IQFc\" lang=\"en\" style=\"font-family: 'times new roman', times, serif;\">+ Step 3: Use natural ingredients of San Mira suitable for exfoliation. <\/span><\/p>\n<p class=\"tw-data-text tw-text-large tw-ta\" dir=\"ltr\" data-placeholder=\"B\u1ea3n d\u1ecbch\"><span class=\"Y2IQFc\" lang=\"en\" style=\"font-family: 'times new roman', times, serif;\">+ Step 4: Remove from the back, buttocks, legs, feet <\/span><\/p>\n<p class=\"tw-data-text tw-text-large tw-ta\" dir=\"ltr\" data-placeholder=\"B\u1ea3n d\u1ecbch\"><span class=\"Y2IQFc\" lang=\"en\" style=\"font-family: 'times new roman', times, serif;\">+ Step 5: The client lies on his back and cleans the legs, soles and joints thoroughly <\/span><\/p>\n<p class=\"tw-data-text tw-text-large tw-ta\" dir=\"ltr\" data-placeholder=\"B\u1ea3n d\u1ecbch\"><span class=\"Y2IQFc\" lang=\"en\" style=\"font-family: 'times new roman', times, serif;\">+ Step 6: Remove the abdomen, hands, fingers, interstitial and neck areas<\/span><\/p>\n<p class=\"tw-data-text tw-text-large tw-ta\" dir=\"ltr\" data-placeholder=\"B\u1ea3n d\u1ecbch\"><span class=\"Y2IQFc\" lang=\"en\" style=\"font-family: 'times new roman', times, serif;\">+ Step 7: Relax the whole body when exfoliating<\/span><\/p>\n<p class=\"tw-data-text tw-text-large tw-ta\" dir=\"ltr\" data-placeholder=\"B\u1ea3n d\u1ecbch\"><span class=\"Y2IQFc\" lang=\"en\" style=\"font-family: 'times new roman', times, serif;\">+ Step 8: After bathing, customers will apply appropriate San Mira ingredients <\/span><\/p>\n<p class=\"tw-data-text tw-text-large tw-ta\" dir=\"ltr\" data-placeholder=\"B\u1ea3n d\u1ecbch\"><span class=\"Y2IQFc\" lang=\"en\" style=\"font-family: 'times new roman', times, serif;\">+ Step 9: Massage the client&#8217;s head and face while applying care <\/span><\/p>\n<p class=\"tw-data-text tw-text-large tw-ta\" dir=\"ltr\" data-placeholder=\"B\u1ea3n d\u1ecbch\"><span class=\"Y2IQFc\" lang=\"en\" style=\"font-family: 'times new roman', times, serif;\">+ Step 10: Remove the layer of moisturizer and use a customer cream to help smoothen the skin and finish.<\/span><\/p>\n<p dir=\"ltr\" data-placeholder=\"B\u1ea3n d\u1ecbch\"><img decoding=\"async\" loading=\"lazy\" class=\"wp-image-1314 aligncenter\" src=\"https:\/\/sanmiraspa.com\/en\/wp-content\/uploads\/2022\/11\/cong-thuc-duong-trang-da.jpg\" alt=\"\" width=\"719\" height=\"538\" srcset=\"https:\/\/sanmiraspa.com\/en\/wp-content\/uploads\/2022\/11\/cong-thuc-duong-trang-da.jpg 800w, https:\/\/sanmiraspa.com\/en\/wp-content\/uploads\/2022\/11\/cong-thuc-duong-trang-da-300x225.jpg 300w, https:\/\/sanmiraspa.com\/en\/wp-content\/uploads\/2022\/11\/cong-thuc-duong-trang-da-768x575.jpg 768w, https:\/\/sanmiraspa.com\/en\/wp-content\/uploads\/2022\/11\/cong-thuc-duong-trang-da-600x449.jpg 600w\" sizes=\"(max-width: 719px) 100vw, 719px\" \/><\/p>\n<p dir=\"ltr\" data-placeholder=\"B\u1ea3n d\u1ecbch\"><strong><em><span style=\"color: #ff0000; font-size: 140%; font-family: 'times new roman', times, serif;\">Via San Mira today!!<\/span><\/em><\/strong><\/p>\n<p dir=\"ltr\" data-placeholder=\"B\u1ea3n d\u1ecbch\"><span style=\"font-family: 'times new roman', times, serif;\">\u2014\u2014\u2014\u2014\u2014-<\/span><br \/>\n<span style=\"font-family: 'times new roman', times, serif;\">San Mira Spa<\/span><br \/>\n<span style=\"font-family: 'times new roman', times, serif;\">No TIP<\/span><br \/>\n<span style=\"font-family: 'times new roman', times, serif;\">\u26d4Facebook:\u00a0<a href=\"https:\/\/www.facebook.com\/profile.php?id=100086325980282\">https:\/\/www.facebook.com\/profile.php?id=100086325980282<\/a><\/span><br \/>\n<span style=\"font-family: 'times new roman', times, serif;\">\u26d4Instagram:\u00a0<a href=\"https:\/\/www.instagram.com\/sanmiraspa\/\">https:\/\/www.instagram.com\/sanmiraspa\/<\/a><\/span><br \/>\n<span style=\"font-family: 'times new roman', times, serif;\">Branches:<\/span><br \/>\n<span style=\"font-family: 'times new roman', times, serif;\">\ud83c\udf3a CN1: B4X3 K\u0110T M\u1ef9 \u0110\u00ecnh 1, C\u1ea7u Di\u1ec5n, Nam T\u1eeb Li\u00eam, H\u00e0 N\u1ed9i ( \u0110\u1ed1i di\u1ec7n h\u1ea7m g\u1eedi xe to\u00e0 nh\u00e0 Florencer)<\/span><br \/>\n<span style=\"font-family: 'times new roman', times, serif;\">\u260e\ufe0f Hotline\/Zalo : 0375566559<\/span><br \/>\n<span style=\"font-family: 'times new roman', times, serif;\">\ud83c\udf3a CN2: 17E L\u00f4 A10 K\u0110T Nam Trung Y\u00ean, Y\u00ean H\u00f2a, C\u1ea7u Gi\u1ea5y, H\u00e0 N\u1ed9i ( \u0110\u1ed1i di\u1ec7n s\u1ea3nh chung c\u01b0 CT2)<\/span><br \/>\n<span style=\"font-family: 'times new roman', times, serif;\">\u260e\ufe0f Hotline\/Zalo : 0976301259<\/span><\/p>\n<pre id=\"tw-target-text\" class=\"tw-data-text tw-text-large tw-ta\" dir=\"ltr\" data-placeholder=\"B\u1ea3n d\u1ecbch\"><span class=\"Y2IQFc\" lang=\"en\" style=\"color: #ff0000; font-family: 'times new roman', times, serif;\">\u00a0<\/span><\/pre>\n","protected":false},"excerpt":{"rendered":"<p>&nbsp;<\/p>\n<p>&nbsp;<\/p>\n<p>&nbsp;<\/p>\n<p>&nbsp;<\/p>\n<p>&nbsp;<\/p>\n<p><strong>Time<\/strong>: 60 minutes<\/p>\n","protected":false},"featured_media":346,"comment_status":"open","ping_status":"closed","template":"","meta":[],"product_cat":[16,23],"product_tag":[],"acf":[],"yoast_head":"<!-- This site is optimized with the Yoast SEO plugin v19.10 - https:\/\/yoast.com\/wordpress\/plugins\/seo\/ -->\n<title>Body scrub + Nourish - San Mira - Be healthy every day<\/title>\n<meta name=\"robots\" content=\"index, follow, max-snippet:-1, max-image-preview:large, max-video-preview:-1\" \/>\n<link rel=\"canonical\" href=\"https:\/\/sanmiraspa.com\/en\/tay-da-chet-dap-duong-da-bang-khoai-tay-cam-gao-yen-mach\/\" \/>\n<meta property=\"og:locale\" content=\"en_US\" \/>\n<meta property=\"og:type\" content=\"article\" \/>\n<meta property=\"og:title\" content=\"Body scrub + Nourish - San Mira - Be healthy every day\" \/>\n<meta property=\"og:description\" content=\"&nbsp;  &nbsp;  &nbsp;  &nbsp;  &nbsp;  Time: 60 minutes\" \/>\n<meta property=\"og:url\" content=\"https:\/\/sanmiraspa.com\/en\/tay-da-chet-dap-duong-da-bang-khoai-tay-cam-gao-yen-mach\/\" \/>\n<meta property=\"og:site_name\" content=\"San Mira - Be healthy every day\" \/>\n<meta property=\"article:modified_time\" content=\"2023-03-21T11:29:08+00:00\" \/>\n<meta property=\"og:image\" content=\"https:\/\/sanmiraspa.com\/en\/wp-content\/uploads\/2022\/11\/mat-na-khoai-tay-sua-tuoi.webp\" \/>\n\t<meta property=\"og:image:width\" content=\"600\" \/>\n\t<meta property=\"og:image:height\" content=\"400\" \/>\n\t<meta property=\"og:image:type\" content=\"image\/webp\" \/>\n<meta name=\"twitter:card\" content=\"summary_large_image\" \/>\n<meta name=\"twitter:label1\" content=\"Est. reading time\" \/>\n\t<meta name=\"twitter:data1\" content=\"4 minutes\" \/>\n<script type=\"application\/ld+json\" class=\"yoast-schema-graph\">{\"@context\":\"https:\/\/schema.org\",\"@graph\":[{\"@type\":\"WebPage\",\"@id\":\"https:\/\/sanmiraspa.com\/en\/tay-da-chet-dap-duong-da-bang-khoai-tay-cam-gao-yen-mach\/\",\"url\":\"https:\/\/sanmiraspa.com\/en\/tay-da-chet-dap-duong-da-bang-khoai-tay-cam-gao-yen-mach\/\",\"name\":\"Body scrub + Nourish - San Mira - Be healthy every day\",\"isPartOf\":{\"@id\":\"https:\/\/sanmiraspa.com\/en\/#website\"},\"datePublished\":\"2022-11-19T02:53:04+00:00\",\"dateModified\":\"2023-03-21T11:29:08+00:00\",\"breadcrumb\":{\"@id\":\"https:\/\/sanmiraspa.com\/en\/tay-da-chet-dap-duong-da-bang-khoai-tay-cam-gao-yen-mach\/#breadcrumb\"},\"inLanguage\":\"en-US\",\"potentialAction\":[{\"@type\":\"ReadAction\",\"target\":[\"https:\/\/sanmiraspa.com\/en\/tay-da-chet-dap-duong-da-bang-khoai-tay-cam-gao-yen-mach\/\"]}]},{\"@type\":\"BreadcrumbList\",\"@id\":\"https:\/\/sanmiraspa.com\/en\/tay-da-chet-dap-duong-da-bang-khoai-tay-cam-gao-yen-mach\/#breadcrumb\",\"itemListElement\":[{\"@type\":\"ListItem\",\"position\":1,\"name\":\"Home\",\"item\":\"https:\/\/sanmiraspa.com\/en\/\"},{\"@type\":\"ListItem\",\"position\":2,\"name\":\"Shop\",\"item\":\"https:\/\/sanmiraspa.com\/en\/shop\/\"},{\"@type\":\"ListItem\",\"position\":3,\"name\":\"Body scrub + Nourish\"}]},{\"@type\":\"WebSite\",\"@id\":\"https:\/\/sanmiraspa.com\/en\/#website\",\"url\":\"https:\/\/sanmiraspa.com\/en\/\",\"name\":\"San Mira - Be healthy every day\",\"description\":\"Be healthy every day\",\"potentialAction\":[{\"@type\":\"SearchAction\",\"target\":{\"@type\":\"EntryPoint\",\"urlTemplate\":\"https:\/\/sanmiraspa.com\/en\/?s={search_term_string}\"},\"query-input\":\"required name=search_term_string\"}],\"inLanguage\":\"en-US\"}]}<\/script>\n<!-- \/ Yoast SEO plugin. -->","yoast_head_json":{"title":"Body scrub + Nourish - San Mira - Be healthy every day","robots":{"index":"index","follow":"follow","max-snippet":"max-snippet:-1","max-image-preview":"max-image-preview:large","max-video-preview":"max-video-preview:-1"},"canonical":"https:\/\/sanmiraspa.com\/en\/tay-da-chet-dap-duong-da-bang-khoai-tay-cam-gao-yen-mach\/","og_locale":"en_US","og_type":"article","og_title":"Body scrub + Nourish - San Mira - Be healthy every day","og_description":"&nbsp;  &nbsp;  &nbsp;  &nbsp;  &nbsp;  Time: 60 minutes","og_url":"https:\/\/sanmiraspa.com\/en\/tay-da-chet-dap-duong-da-bang-khoai-tay-cam-gao-yen-mach\/","og_site_name":"San Mira - Be healthy every day","article_modified_time":"2023-03-21T11:29:08+00:00","og_image":[{"width":600,"height":400,"url":"https:\/\/sanmiraspa.com\/en\/wp-content\/uploads\/2022\/11\/mat-na-khoai-tay-sua-tuoi.webp","type":"image\/webp"}],"twitter_card":"summary_large_image","twitter_misc":{"Est. reading time":"4 minutes"},"schema":{"@context":"https:\/\/schema.org","@graph":[{"@type":"WebPage","@id":"https:\/\/sanmiraspa.com\/en\/tay-da-chet-dap-duong-da-bang-khoai-tay-cam-gao-yen-mach\/","url":"https:\/\/sanmiraspa.com\/en\/tay-da-chet-dap-duong-da-bang-khoai-tay-cam-gao-yen-mach\/","name":"Body scrub + Nourish - San Mira - Be healthy every day","isPartOf":{"@id":"https:\/\/sanmiraspa.com\/en\/#website"},"datePublished":"2022-11-19T02:53:04+00:00","dateModified":"2023-03-21T11:29:08+00:00","breadcrumb":{"@id":"https:\/\/sanmiraspa.com\/en\/tay-da-chet-dap-duong-da-bang-khoai-tay-cam-gao-yen-mach\/#breadcrumb"},"inLanguage":"en-US","potentialAction":[{"@type":"ReadAction","target":["https:\/\/sanmiraspa.com\/en\/tay-da-chet-dap-duong-da-bang-khoai-tay-cam-gao-yen-mach\/"]}]},{"@type":"BreadcrumbList","@id":"https:\/\/sanmiraspa.com\/en\/tay-da-chet-dap-duong-da-bang-khoai-tay-cam-gao-yen-mach\/#breadcrumb","itemListElement":[{"@type":"ListItem","position":1,"name":"Home","item":"https:\/\/sanmiraspa.com\/en\/"},{"@type":"ListItem","position":2,"name":"Shop","item":"https:\/\/sanmiraspa.com\/en\/shop\/"},{"@type":"ListItem","position":3,"name":"Body scrub + Nourish"}]},{"@type":"WebSite","@id":"https:\/\/sanmiraspa.com\/en\/#website","url":"https:\/\/sanmiraspa.com\/en\/","name":"San Mira - Be healthy every day","description":"Be healthy every day","potentialAction":[{"@type":"SearchAction","target":{"@type":"EntryPoint","urlTemplate":"https:\/\/sanmiraspa.com\/en\/?s={search_term_string}"},"query-input":"required name=search_term_string"}],"inLanguage":"en-US"}]}},"_links":{"self":[{"href":"https:\/\/sanmiraspa.com\/en\/wp-json\/wp\/v2\/product\/345"}],"collection":[{"href":"https:\/\/sanmiraspa.com\/en\/wp-json\/wp\/v2\/product"}],"about":[{"href":"https:\/\/sanmiraspa.com\/en\/wp-json\/wp\/v2\/types\/product"}],"replies":[{"embeddable":true,"href":"https:\/\/sanmiraspa.com\/en\/wp-json\/wp\/v2\/comments?post=345"}],"wp:featuredmedia":[{"embeddable":true,"href":"https:\/\/sanmiraspa.com\/en\/wp-json\/wp\/v2\/media\/346"}],"wp:attachment":[{"href":"https:\/\/sanmiraspa.com\/en\/wp-json\/wp\/v2\/media?parent=345"}],"wp:term":[{"taxonomy":"product_cat","embeddable":true,"href":"https:\/\/sanmiraspa.com\/en\/wp-json\/wp\/v2\/product_cat?post=345"},{"taxonomy":"product_tag","embeddable":true,"href":"https:\/\/sanmiraspa.com\/en\/wp-json\/wp\/v2\/product_tag?post=345"}],"curies":[{"name":"wp","href":"https:\/\/api.w.org\/{rel}","templated":true}]}}