{"id":1832,"date":"2023-11-21T10:16:39","date_gmt":"2023-11-21T03:16:39","guid":{"rendered":"https:\/\/sanmiraspa.com\/en\/?post_type=product&#038;p=1832"},"modified":"2023-11-21T10:24:14","modified_gmt":"2023-11-21T03:24:14","slug":"high-tech-melasma-skin-care","status":"publish","type":"product","link":"https:\/\/sanmiraspa.com\/en\/high-tech-melasma-skin-care\/","title":{"rendered":"High-tech melasma skin care"},"content":{"rendered":"<p>Melasma, uneven skin tone, freckles,&#8230; is a skin condition many women encounter today. As a woman, everyone wants to own a fair, healthy and beautiful skin. When present on the face, melasma makes the skin dark and makes women lose confidence. If not treated at the root and properly, melasma becomes worse and spreads further. Without early treatment, melasma will deepen day by day, making it difficult to treat definitively. Let&#8217;s fight melasma with melasma care combined with Melasma Whitening Cream Kit Gold Collagen of SAN MIRA.<\/p>\n<p><img decoding=\"async\" loading=\"lazy\" class=\"size-large wp-image-1685 aligncenter\" src=\"https:\/\/sanmiraspa.com\/en\/wp-content\/uploads\/2023\/09\/TAI07139-1024x683.jpg\" alt=\"\" width=\"1020\" height=\"680\" \/><\/p>\n<p><span style=\"font-size: 130%; color: #ed1c24;\"><strong>What does the San Mira Melasma Cream kit have?<\/strong><\/span><\/p>\n<p><span style=\"color: #00aae7;\"><strong><span style=\"font-size: 110%;\">1. Gold Collagen Whitening Cream:<\/span><\/strong><\/span><br \/>\nIngredients: Ginseng, conifers, pearl powder, angelica, cedar, trans-fire, bamboo, highly effective whitening agent VC, aloe essential oil, moisturizing seeds, &#8230;. made from a variety of ingredients.<br \/>\nUses: Effective in whitening, moisturizing the skin, fighting wrinkles and improving enlarged pores, this product is also very good for rejuvenating dark skin, transforming skin into white, improving skin moisture retention.<\/p>\n<div><span style=\"font-size: 110%; color: #00aae7;\"><strong>2. Gold Collagen Melasma Cream:<\/strong><\/span><\/div>\n<div><\/div>\n<div>Ingredients: Ginseng Extract, Pearl, Bee Venom, Sheep Placenta Extract, Aloe Vera, Chamomile Extract, Collagen, Vitamin A,E, Glyceryl Sterate, Titanium Dioxide.<\/div>\n<div>Uses: Quickly remove melasma, acne, butterfly melasma, bruises, scars and bruises caused by long-term sun exposure. Continuous use for a long time will help whiten skin smooth naturally.<\/div>\n<div>\n<div><\/div>\n<div><span style=\"color: #00aae7;\"><strong><span style=\"font-size: 110%;\">3. Gold Collagen sunscreen:<\/span><\/strong><\/span><\/div>\n<div><\/div>\n<div><strong><span style=\"color: #ed1c24;\">Ingredients<\/span><\/strong>: Natural herbal extracts, Pearl powder, Collagen, Vitamins A,C,E, Sun protection index.<\/div>\n<div><span style=\"color: #ed1c24;\"><strong>Uses:<\/strong><\/span><\/div>\n<div>Melasma, skin whitening, sun protection to restore dark spots caused by laser light<\/div>\n<div>50SPF\/PA+++ sun protection, provides collagen regeneration, smoothes the skin<\/div>\n<div>Supplementing with large amounts of vitamin C Elanin supports anti-aging, fighting external agents.<\/div>\n<div>Helps transform makeup, while preventing the penetration of dirt and environmental pollution.<\/div>\n<div>Gives anti-aging skin.<\/div>\n<div><\/div>\n<div><img decoding=\"async\" loading=\"lazy\" class=\"size-full wp-image-1833 aligncenter\" src=\"https:\/\/sanmiraspa.com\/en\/wp-content\/uploads\/2023\/11\/Xanh-duong-va-Trang-In-dam-va-Sang-Bai-dang-Facebook-12-1.jpg\" alt=\"\" width=\"940\" height=\"788\" srcset=\"https:\/\/sanmiraspa.com\/en\/wp-content\/uploads\/2023\/11\/Xanh-duong-va-Trang-In-dam-va-Sang-Bai-dang-Facebook-12-1.jpg 940w, https:\/\/sanmiraspa.com\/en\/wp-content\/uploads\/2023\/11\/Xanh-duong-va-Trang-In-dam-va-Sang-Bai-dang-Facebook-12-1-300x251.jpg 300w, https:\/\/sanmiraspa.com\/en\/wp-content\/uploads\/2023\/11\/Xanh-duong-va-Trang-In-dam-va-Sang-Bai-dang-Facebook-12-1-768x644.jpg 768w, https:\/\/sanmiraspa.com\/en\/wp-content\/uploads\/2023\/11\/Xanh-duong-va-Trang-In-dam-va-Sang-Bai-dang-Facebook-12-1-600x503.jpg 600w\" sizes=\"(max-width: 940px) 100vw, 940px\" \/><\/div>\n<div><\/div>\n<div><span style=\"font-size: 130%; color: #ed1c24;\"><strong>High-tech melasma care at the spa combined with the regular use of San Mira home melasma treatment products at home helps iu guests:<\/strong><\/span><\/div>\n<div>&#8211; Clean melasma up to 90%<br \/>\n&#8211; Skin tone, smooth, clear melasma, anti-aging skin<br \/>\n&#8211; Skin tightening, smoothing the skin by stimulating natural collagen and elastin proliferation<br \/>\n&#8211; Out of dry, moisturized, smooth skin<br \/>\n&#8211; Skin tone is pink, radiant<br \/>\n&#8211; Nourish healthy cells from the inside, increase resistance. Prevents melasma from recurring.<\/div>\n<div><span style=\"font-size: 130%; color: #ed1c24;\"><strong>How does the Melasma Care process combine the melasma treatment kit?<\/strong><\/span><\/div>\n<div>\n<p>&#8211; B\u01b0\u1edbc 1: Ki\u1ec3m tra da<\/p>\n<p>&#8211; B\u01b0\u1edbc 2: T\u1ea9y trang<\/p>\n<p>&#8211; B\u01b0\u1edbc 3: R\u1eeda m\u1eb7t<\/p>\n<p>&#8211; B\u01b0\u1edbc 4: T\u1ea9y da ch\u1ebft<\/p>\n<p>&#8211; B\u01b0\u1edbc 5: H\u00fat m\u1ee5n v\u00e0 l\u1ea5y nh\u00e2n m\u1ee5n<\/p>\n<p>&#8211; B\u01b0\u1edbc 6: Massage th\u01b0 gi\u00e3n v\u00f9ng m\u1eb7t<\/p>\n<p>&#8211; B\u01b0\u1edbc 7: D\u00f9ng kh\u0103n \u1ea5m \u1ea5n c\u00e1c huy\u1ec7t \u0111\u1ea1o<\/p>\n<p>&#8211; B\u01b0\u1edbc 8: \u0110i tinh ch\u1ea5t tr\u1ecb n\u00e1m ho\u1eb7c t\u1ebf b\u00e0o g\u1ed1c ph\u1ee5c h\u1ed3i, massage th\u1ea9m th\u1ea5u<\/p>\n<p>&#8211; B\u01b0\u1edbc 9: \u0110i tinh ch\u1ea5t d\u01b0\u1ee1ng<\/p>\n<p>&#8211; B\u01b0\u1edbc 10: \u0110\u1eafp m\u1eb7t n\u1ea1<\/p>\n<p>&#8211; B\u01b0\u1edbc 11: Massage vai, c\u1ed5, g\u00e1y, tay, ch\u00e2n<\/p>\n<p>&#8211; B\u01b0\u1edbc 12: Lo\u1ea1i b\u1ecf m\u1eb7t n\u1ea1<\/p>\n<p>&#8211; B\u01b0\u1edbc 13: S\u1eed d\u1ee5ng m\u00e1y \u0111\u1ea7u tr\u1ebb h\u00f3a<\/p>\n<p>&#8211; B\u01b0\u1edbc 14: Phun c\u1ea5p \u1ea9m , \u0111i \u0111\u00e1 c\u1ea9m th\u1ea1ch gi\u00fap l\u00e0m se kh\u00edt l\u1ed7 ch\u00e2n l\u00f4ng<\/p>\n<p>&#8211; B\u01b0\u1edbc 15: Thoa kem d\u01b0\u1ee1ng ho\u1eb7c kem ch\u1ed1ng n\u1eafng<\/p>\n<p><img decoding=\"async\" loading=\"lazy\" class=\"size-large wp-image-1659 aligncenter\" src=\"https:\/\/sanmiraspa.com\/en\/wp-content\/uploads\/2023\/09\/TAI07236-1024x683.jpg\" alt=\"\" width=\"1020\" height=\"680\" \/><\/p>\n<p>\u26d4Facebook: https:\/\/www.facebook.com\/profile.php?id=100086325980282<br \/>\n\u26d4Instagram: https:\/\/www.instagram.com\/sanmiraspa\/<br \/>\nBranches:<br \/>\n\ud83c\udf3a CN1: B4X3 My Dinh 1 Urban Area, Cau Dien, Nam Tu Liem, Hanoi (Opposite Florencer Building parking garage)<br \/>\n\u260e\ufe0f Hotline\/Zalo : 0375566559<br \/>\n\ud83c\udf3a CN2: 17E Lot A10, Nam Trung Yen Urban Area, Yen Hoa, Cau Giay, Hanoi (Opposite CT2 apartment hall)<br \/>\n\u260e\ufe0f Hotline\/Zalo : 0976301259<\/p>\n<\/div>\n<\/div>\n","protected":false},"excerpt":{"rendered":"<p>As a woman, you don&#8217;t want to be beautiful, without flaws. However, there is a case of many problems that cause aesthetic loss for women, especially &#8221; Melasma &#8221; that deprives women of their natural beauty.<\/p>\n","protected":false},"featured_media":1834,"comment_status":"closed","ping_status":"closed","template":"","meta":[],"product_cat":[15],"product_tag":[],"acf":[],"yoast_head":"<!-- This site is optimized with the Yoast SEO plugin v19.10 - https:\/\/yoast.com\/wordpress\/plugins\/seo\/ -->\n<title>High-tech melasma skin care - San Mira - Be healthy every day<\/title>\n<meta name=\"description\" content=\"Melasma is formed due to a lot of causes. Causing the face to become unaesthetic, affecting the quality of life and the ability of women to communicate.\" \/>\n<meta name=\"robots\" content=\"index, follow, max-snippet:-1, max-image-preview:large, max-video-preview:-1\" \/>\n<link rel=\"canonical\" href=\"https:\/\/sanmiraspa.com\/en\/high-tech-melasma-skin-care\/\" \/>\n<meta property=\"og:locale\" content=\"en_US\" \/>\n<meta property=\"og:type\" content=\"article\" \/>\n<meta property=\"og:title\" content=\"High-tech melasma skin care - San Mira - Be healthy every day\" \/>\n<meta property=\"og:description\" content=\"Melasma is formed due to a lot of causes. Causing the face to become unaesthetic, affecting the quality of life and the ability of women to communicate.\" \/>\n<meta property=\"og:url\" content=\"https:\/\/sanmiraspa.com\/en\/high-tech-melasma-skin-care\/\" \/>\n<meta property=\"og:site_name\" content=\"San Mira - Be healthy every day\" \/>\n<meta property=\"article:modified_time\" content=\"2023-11-21T03:24:14+00:00\" \/>\n<meta property=\"og:image\" content=\"https:\/\/sanmiraspa.com\/en\/wp-content\/uploads\/2023\/11\/cay-mul.jpg\" \/>\n\t<meta property=\"og:image:width\" content=\"650\" \/>\n\t<meta property=\"og:image:height\" content=\"622\" \/>\n\t<meta property=\"og:image:type\" content=\"image\/jpeg\" \/>\n<meta name=\"twitter:card\" content=\"summary_large_image\" \/>\n<meta name=\"twitter:label1\" content=\"Est. reading time\" \/>\n\t<meta name=\"twitter:data1\" content=\"3 minutes\" \/>\n<script type=\"application\/ld+json\" class=\"yoast-schema-graph\">{\"@context\":\"https:\/\/schema.org\",\"@graph\":[{\"@type\":\"WebPage\",\"@id\":\"https:\/\/sanmiraspa.com\/en\/high-tech-melasma-skin-care\/\",\"url\":\"https:\/\/sanmiraspa.com\/en\/high-tech-melasma-skin-care\/\",\"name\":\"High-tech melasma skin care - San Mira - Be healthy every day\",\"isPartOf\":{\"@id\":\"https:\/\/sanmiraspa.com\/en\/#website\"},\"datePublished\":\"2023-11-21T03:16:39+00:00\",\"dateModified\":\"2023-11-21T03:24:14+00:00\",\"description\":\"Melasma is formed due to a lot of causes. Causing the face to become unaesthetic, affecting the quality of life and the ability of women to communicate.\",\"breadcrumb\":{\"@id\":\"https:\/\/sanmiraspa.com\/en\/high-tech-melasma-skin-care\/#breadcrumb\"},\"inLanguage\":\"en-US\",\"potentialAction\":[{\"@type\":\"ReadAction\",\"target\":[\"https:\/\/sanmiraspa.com\/en\/high-tech-melasma-skin-care\/\"]}]},{\"@type\":\"BreadcrumbList\",\"@id\":\"https:\/\/sanmiraspa.com\/en\/high-tech-melasma-skin-care\/#breadcrumb\",\"itemListElement\":[{\"@type\":\"ListItem\",\"position\":1,\"name\":\"Home\",\"item\":\"https:\/\/sanmiraspa.com\/en\/\"},{\"@type\":\"ListItem\",\"position\":2,\"name\":\"Shop\",\"item\":\"https:\/\/sanmiraspa.com\/en\/shop\/\"},{\"@type\":\"ListItem\",\"position\":3,\"name\":\"High-tech melasma skin care\"}]},{\"@type\":\"WebSite\",\"@id\":\"https:\/\/sanmiraspa.com\/en\/#website\",\"url\":\"https:\/\/sanmiraspa.com\/en\/\",\"name\":\"San Mira - Be healthy every day\",\"description\":\"Be healthy every day\",\"potentialAction\":[{\"@type\":\"SearchAction\",\"target\":{\"@type\":\"EntryPoint\",\"urlTemplate\":\"https:\/\/sanmiraspa.com\/en\/?s={search_term_string}\"},\"query-input\":\"required name=search_term_string\"}],\"inLanguage\":\"en-US\"}]}<\/script>\n<!-- \/ Yoast SEO plugin. -->","yoast_head_json":{"title":"High-tech melasma skin care - San Mira - Be healthy every day","description":"Melasma is formed due to a lot of causes. Causing the face to become unaesthetic, affecting the quality of life and the ability of women to communicate.","robots":{"index":"index","follow":"follow","max-snippet":"max-snippet:-1","max-image-preview":"max-image-preview:large","max-video-preview":"max-video-preview:-1"},"canonical":"https:\/\/sanmiraspa.com\/en\/high-tech-melasma-skin-care\/","og_locale":"en_US","og_type":"article","og_title":"High-tech melasma skin care - San Mira - Be healthy every day","og_description":"Melasma is formed due to a lot of causes. Causing the face to become unaesthetic, affecting the quality of life and the ability of women to communicate.","og_url":"https:\/\/sanmiraspa.com\/en\/high-tech-melasma-skin-care\/","og_site_name":"San Mira - Be healthy every day","article_modified_time":"2023-11-21T03:24:14+00:00","og_image":[{"width":650,"height":622,"url":"https:\/\/sanmiraspa.com\/en\/wp-content\/uploads\/2023\/11\/cay-mul.jpg","type":"image\/jpeg"}],"twitter_card":"summary_large_image","twitter_misc":{"Est. reading time":"3 minutes"},"schema":{"@context":"https:\/\/schema.org","@graph":[{"@type":"WebPage","@id":"https:\/\/sanmiraspa.com\/en\/high-tech-melasma-skin-care\/","url":"https:\/\/sanmiraspa.com\/en\/high-tech-melasma-skin-care\/","name":"High-tech melasma skin care - San Mira - Be healthy every day","isPartOf":{"@id":"https:\/\/sanmiraspa.com\/en\/#website"},"datePublished":"2023-11-21T03:16:39+00:00","dateModified":"2023-11-21T03:24:14+00:00","description":"Melasma is formed due to a lot of causes. Causing the face to become unaesthetic, affecting the quality of life and the ability of women to communicate.","breadcrumb":{"@id":"https:\/\/sanmiraspa.com\/en\/high-tech-melasma-skin-care\/#breadcrumb"},"inLanguage":"en-US","potentialAction":[{"@type":"ReadAction","target":["https:\/\/sanmiraspa.com\/en\/high-tech-melasma-skin-care\/"]}]},{"@type":"BreadcrumbList","@id":"https:\/\/sanmiraspa.com\/en\/high-tech-melasma-skin-care\/#breadcrumb","itemListElement":[{"@type":"ListItem","position":1,"name":"Home","item":"https:\/\/sanmiraspa.com\/en\/"},{"@type":"ListItem","position":2,"name":"Shop","item":"https:\/\/sanmiraspa.com\/en\/shop\/"},{"@type":"ListItem","position":3,"name":"High-tech melasma skin care"}]},{"@type":"WebSite","@id":"https:\/\/sanmiraspa.com\/en\/#website","url":"https:\/\/sanmiraspa.com\/en\/","name":"San Mira - Be healthy every day","description":"Be healthy every day","potentialAction":[{"@type":"SearchAction","target":{"@type":"EntryPoint","urlTemplate":"https:\/\/sanmiraspa.com\/en\/?s={search_term_string}"},"query-input":"required name=search_term_string"}],"inLanguage":"en-US"}]}},"_links":{"self":[{"href":"https:\/\/sanmiraspa.com\/en\/wp-json\/wp\/v2\/product\/1832"}],"collection":[{"href":"https:\/\/sanmiraspa.com\/en\/wp-json\/wp\/v2\/product"}],"about":[{"href":"https:\/\/sanmiraspa.com\/en\/wp-json\/wp\/v2\/types\/product"}],"replies":[{"embeddable":true,"href":"https:\/\/sanmiraspa.com\/en\/wp-json\/wp\/v2\/comments?post=1832"}],"wp:featuredmedia":[{"embeddable":true,"href":"https:\/\/sanmiraspa.com\/en\/wp-json\/wp\/v2\/media\/1834"}],"wp:attachment":[{"href":"https:\/\/sanmiraspa.com\/en\/wp-json\/wp\/v2\/media?parent=1832"}],"wp:term":[{"taxonomy":"product_cat","embeddable":true,"href":"https:\/\/sanmiraspa.com\/en\/wp-json\/wp\/v2\/product_cat?post=1832"},{"taxonomy":"product_tag","embeddable":true,"href":"https:\/\/sanmiraspa.com\/en\/wp-json\/wp\/v2\/product_tag?post=1832"}],"curies":[{"name":"wp","href":"https:\/\/api.w.org\/{rel}","templated":true}]}}