{"id":1829,"date":"2023-11-21T09:52:14","date_gmt":"2023-11-21T02:52:14","guid":{"rendered":"https:\/\/sanmiraspa.com\/en\/?post_type=product&#038;p=1829"},"modified":"2023-11-21T09:52:15","modified_gmt":"2023-11-21T02:52:15","slug":"high-tech-skin-detoxification","status":"publish","type":"product","link":"https:\/\/sanmiraspa.com\/en\/high-tech-skin-detoxification\/","title":{"rendered":"High-tech skin detoxification"},"content":{"rendered":"<p>Under the influence of the external environment and toxins in the body, our skin can become dull, dark and weak. As long as any activity in the body becomes abnormal, the skin will also be the place to signal to us. Clearing skin lightening toxins is a way of removing all impurities, toxins, pollutants and dead skin cells. From there, it helps the skin improve, restore function to normal.<\/p>\n<p><img decoding=\"async\" loading=\"lazy\" class=\"aligncenter wp-image-1660 size-large\" src=\"https:\/\/sanmiraspa.com\/en\/wp-content\/uploads\/2023\/09\/TAI07228-1024x683.jpg\" alt=\"\" width=\"1020\" height=\"680\" \/><\/p>\n<p><strong><span style=\"font-size: 130%; color: #ed1c24;\">Let&#8217;s find out &#8220;Detoxify brightening, smooth skin technology&#8221; San Mira house!<\/span><\/strong><\/p>\n<p><span style=\"font-size: 130%; color: #00aae7;\"><strong>Benefits of detoxification to brighten skin:<\/strong><\/span><\/p>\n<p>Removes any toxins that accumulate deep under the skin hair follicles, leaving the skin young and healthy from the inside.<br \/>\nHelps tighten pores, removes excess oil on the skin.<br \/>\nSupport the treatment of all types of acne, preventing acne from returning.<br \/>\nEnhancing collagen production helps skin elasticity, slows down the skin aging process.<br \/>\nHelps skin glow from 1 to 2 tones, making it easy for the skin to absorb nutrients.<br \/>\nStrengthens skin resistance, helps protect the skin from damage (acne, melasma, freckles, wrinkles)<\/p>\n<p><strong><span style=\"color: #ed1c24;\">CONSISTS OF 18 STEPS:<\/span><\/strong><\/p>\n<div>+ Step 1: Check the skin<\/div>\n<div><\/div>\n<div>+ Step 2: Remove makeup<\/div>\n<div><\/div>\n<div>+ Step 3: Wash your face<\/div>\n<div><\/div>\n<div>+ Step 4: Exfoliation<\/div>\n<div><\/div>\n<div>+ Step 5: Steam, suck acne<\/div>\n<div><\/div>\n<div>+ Step 6: Treat acne kernels if any<\/div>\n<div><\/div>\n<div>+ Step 7: Facial massage, neck massage<\/div>\n<div><\/div>\n<div>+ Step 8: Use a warm towel and press the acupuncture point around the face<\/div>\n<div><\/div>\n<div>+ Step 9: Take detox essence to clean the skin by machine<\/div>\n<div><\/div>\n<div>+ Step 10: Machine electrophoresis with Serum essence<\/div>\n<div><\/div>\n<div>+ Step 11: Go to balm essence with cold electrophoresis<\/div>\n<div><\/div>\n<div>+ Step 12: Apply the mask<\/div>\n<div><\/div>\n<div>+ Step 13: Light light to help absorb essence<\/div>\n<div><\/div>\n<div>+ Step 14: Massage hands, head and shoulders<\/div>\n<div>\n<div><\/div>\n<div>+ Step 15: Remove the mask<\/div>\n<div><\/div>\n<div>+ Step 16: Apply gel and shoot with a high-tech rejuvenation head<\/div>\n<div><\/div>\n<div>+ Step 17: Apply cold towel, spray moisturizer, go cold marble<\/div>\n<div><\/div>\n<div>+ Step 18: Apply lotion or sunscreen<\/div>\n<div><\/div>\n<div><img decoding=\"async\" loading=\"lazy\" class=\"aligncenter wp-image-1831 size-full\" src=\"https:\/\/sanmiraspa.com\/en\/wp-content\/uploads\/2023\/11\/Luxury-Spa-Treatments-Massages-Service-Facebook-Cover-2.jpg\" alt=\"High-tech skin detoxification\" width=\"1025\" height=\"577\" srcset=\"https:\/\/sanmiraspa.com\/en\/wp-content\/uploads\/2023\/11\/Luxury-Spa-Treatments-Massages-Service-Facebook-Cover-2.jpg 1025w, https:\/\/sanmiraspa.com\/en\/wp-content\/uploads\/2023\/11\/Luxury-Spa-Treatments-Massages-Service-Facebook-Cover-2-300x169.jpg 300w, https:\/\/sanmiraspa.com\/en\/wp-content\/uploads\/2023\/11\/Luxury-Spa-Treatments-Massages-Service-Facebook-Cover-2-768x432.jpg 768w, https:\/\/sanmiraspa.com\/en\/wp-content\/uploads\/2023\/11\/Luxury-Spa-Treatments-Massages-Service-Facebook-Cover-2-600x338.jpg 600w\" sizes=\"(max-width: 1025px) 100vw, 1025px\" \/><\/div>\n<div>\n<p><span class=\"x3nfvp2 x1j61x8r x1fcty0u xdj266r xhhsvwb xat24cr xgzva0m xxymvpz xlup9mm x1kky2od\"><img decoding=\"async\" loading=\"lazy\" class=\"alignnone\" src=\"https:\/\/static.xx.fbcdn.net\/images\/emoji.php\/v9\/tf3\/1.5\/16\/2764.png\" alt=\"\" width=\"16\" height=\"16\" \/><\/span> IN BOX NGAY \u0111\u1eb7t l\u1ecbch \u0111\u1ec3 c\u00f3 c\u01a1 h\u1ed9i tr\u1ea3i nghi\u1ec7m d\u1ecbch v\u1ee5 c\u1ee7a nh\u00e0 SAN MIRA ch\u1eafc ch\u1eafn kh\u00e1ch h\u00e0ng s\u1ebd \u0111\u01b0\u1ee3c ch\u0103m s\u00f3c t\u1eadn t\u00ecnh, chu \u0111\u00e1o v\u00e0 nhi\u1ec7t t\u00ecnh nh\u00e9!!!<br \/>\nFACE BOOK: https:\/\/www.facebook.com\/profile.php?id=100080173464709<\/p>\n<p>Web site: <a href=\"https:\/\/sanmiraspa.com\/en\/happy-birthday-san-mira-2\/\">Happy birthday SAN MIRA &#8211; San Mira &#8211; Be healthy every day (sanmiraspa.com)<\/a><\/p>\n<div dir=\"auto\"><span class=\"x3nfvp2 x1j61x8r x1fcty0u xdj266r xhhsvwb xat24cr xgzva0m xxymvpz xlup9mm x1kky2od\"><img decoding=\"async\" loading=\"lazy\" class=\"alignnone\" src=\"https:\/\/static.xx.fbcdn.net\/images\/emoji.php\/v9\/tf2\/1.5\/16\/1f33a.png\" alt=\"High-tech skin detoxification\" width=\"16\" height=\"16\" \/><\/span> CN1: B4X3 K\u0110T M\u1ef9 \u0110\u00ecnh 1, C\u1ea7u Di\u1ec5n, Nam T\u1eeb Li\u00eam, H\u00e0 N\u1ed9i ( \u0110\u1ed1i di\u1ec7n h\u1ea7m g\u1eedi xe to\u00e0 nh\u00e0 Florencer)<\/div>\n<div dir=\"auto\"><span class=\"x3nfvp2 x1j61x8r x1fcty0u xdj266r xhhsvwb xat24cr xgzva0m xxymvpz xlup9mm x1kky2od\"><img decoding=\"async\" loading=\"lazy\" class=\"alignnone\" src=\"https:\/\/static.xx.fbcdn.net\/images\/emoji.php\/v9\/ta9\/1.5\/16\/260e.png\" alt=\"High-tech skin detoxification\" width=\"16\" height=\"16\" \/><\/span> Hotline\/Zalo : 0375566559<\/div>\n<div dir=\"auto\"><span class=\"x3nfvp2 x1j61x8r x1fcty0u xdj266r xhhsvwb xat24cr xgzva0m xxymvpz xlup9mm x1kky2od\"><img decoding=\"async\" loading=\"lazy\" class=\"alignnone\" src=\"https:\/\/static.xx.fbcdn.net\/images\/emoji.php\/v9\/tf2\/1.5\/16\/1f33a.png\" alt=\"High-tech skin detoxification\" width=\"16\" height=\"16\" \/><\/span> CN2: 17E L\u00f4 A10 K\u0110T Nam Trung Y\u00ean, Y\u00ean H\u00f2a, C\u1ea7u Gi\u1ea5y, H\u00e0 N\u1ed9i ( \u0110\u1ed1i di\u1ec7n s\u1ea3nh chung c\u01b0 CT2)<\/div>\n<div dir=\"auto\"><span class=\"x3nfvp2 x1j61x8r x1fcty0u xdj266r xhhsvwb xat24cr xgzva0m xxymvpz xlup9mm x1kky2od\"><img decoding=\"async\" loading=\"lazy\" class=\"alignnone\" src=\"https:\/\/static.xx.fbcdn.net\/images\/emoji.php\/v9\/ta9\/1.5\/16\/260e.png\" alt=\"High-tech skin detoxification\" width=\"16\" height=\"16\" \/><\/span> Hotline\/Zalo : 0976301259<\/div>\n<\/div>\n<\/div>\n","protected":false},"excerpt":{"rendered":"<p>Detoxification brightening is the removal of toxins accumulated for a long time inside the skin, while deep cleansing and helping the skin to be restored and regenerated effectively. Skin quality is often affected by the harmful effects of smog outside the environment, the excretion of sebaceous fibers and sweat accumulated on the skin of the face.<\/p>\n","protected":false},"featured_media":1830,"comment_status":"closed","ping_status":"closed","template":"","meta":[],"product_cat":[15],"product_tag":[],"acf":[],"yoast_head":"<!-- This site is optimized with the Yoast SEO plugin v19.10 - https:\/\/yoast.com\/wordpress\/plugins\/seo\/ -->\n<title>High-tech skin detoxification - San Mira - Be healthy every day<\/title>\n<meta name=\"description\" content=\"Removes toxins accumulated for a long time inside the skin, while deep cleansing and helping the skin to be restored and regenerated effectively.\" \/>\n<meta name=\"robots\" content=\"index, follow, max-snippet:-1, max-image-preview:large, max-video-preview:-1\" \/>\n<link rel=\"canonical\" href=\"https:\/\/sanmiraspa.com\/en\/high-tech-skin-detoxification\/\" \/>\n<meta property=\"og:locale\" content=\"en_US\" \/>\n<meta property=\"og:type\" content=\"article\" \/>\n<meta property=\"og:title\" content=\"High-tech skin detoxification - San Mira - Be healthy every day\" \/>\n<meta property=\"og:description\" content=\"Removes toxins accumulated for a long time inside the skin, while deep cleansing and helping the skin to be restored and regenerated effectively.\" \/>\n<meta property=\"og:url\" content=\"https:\/\/sanmiraspa.com\/en\/high-tech-skin-detoxification\/\" \/>\n<meta property=\"og:site_name\" content=\"San Mira - Be healthy every day\" \/>\n<meta property=\"article:modified_time\" content=\"2023-11-21T02:52:15+00:00\" \/>\n<meta property=\"og:image\" content=\"https:\/\/sanmiraspa.com\/en\/wp-content\/uploads\/2023\/11\/NXS_2790-scaled-e1700534092526.jpg\" \/>\n\t<meta property=\"og:image:width\" content=\"1000\" \/>\n\t<meta property=\"og:image:height\" content=\"665\" \/>\n\t<meta property=\"og:image:type\" content=\"image\/jpeg\" \/>\n<meta name=\"twitter:card\" content=\"summary_large_image\" \/>\n<meta name=\"twitter:label1\" content=\"Est. reading time\" \/>\n\t<meta name=\"twitter:data1\" content=\"4 minutes\" \/>\n<script type=\"application\/ld+json\" class=\"yoast-schema-graph\">{\"@context\":\"https:\/\/schema.org\",\"@graph\":[{\"@type\":\"WebPage\",\"@id\":\"https:\/\/sanmiraspa.com\/en\/high-tech-skin-detoxification\/\",\"url\":\"https:\/\/sanmiraspa.com\/en\/high-tech-skin-detoxification\/\",\"name\":\"High-tech skin detoxification - San Mira - Be healthy every day\",\"isPartOf\":{\"@id\":\"https:\/\/sanmiraspa.com\/en\/#website\"},\"datePublished\":\"2023-11-21T02:52:14+00:00\",\"dateModified\":\"2023-11-21T02:52:15+00:00\",\"description\":\"Removes toxins accumulated for a long time inside the skin, while deep cleansing and helping the skin to be restored and regenerated effectively.\",\"breadcrumb\":{\"@id\":\"https:\/\/sanmiraspa.com\/en\/high-tech-skin-detoxification\/#breadcrumb\"},\"inLanguage\":\"en-US\",\"potentialAction\":[{\"@type\":\"ReadAction\",\"target\":[\"https:\/\/sanmiraspa.com\/en\/high-tech-skin-detoxification\/\"]}]},{\"@type\":\"BreadcrumbList\",\"@id\":\"https:\/\/sanmiraspa.com\/en\/high-tech-skin-detoxification\/#breadcrumb\",\"itemListElement\":[{\"@type\":\"ListItem\",\"position\":1,\"name\":\"Home\",\"item\":\"https:\/\/sanmiraspa.com\/en\/\"},{\"@type\":\"ListItem\",\"position\":2,\"name\":\"Shop\",\"item\":\"https:\/\/sanmiraspa.com\/en\/shop\/\"},{\"@type\":\"ListItem\",\"position\":3,\"name\":\"High-tech skin detoxification\"}]},{\"@type\":\"WebSite\",\"@id\":\"https:\/\/sanmiraspa.com\/en\/#website\",\"url\":\"https:\/\/sanmiraspa.com\/en\/\",\"name\":\"San Mira - Be healthy every day\",\"description\":\"Be healthy every day\",\"potentialAction\":[{\"@type\":\"SearchAction\",\"target\":{\"@type\":\"EntryPoint\",\"urlTemplate\":\"https:\/\/sanmiraspa.com\/en\/?s={search_term_string}\"},\"query-input\":\"required name=search_term_string\"}],\"inLanguage\":\"en-US\"}]}<\/script>\n<!-- \/ Yoast SEO plugin. -->","yoast_head_json":{"title":"High-tech skin detoxification - San Mira - Be healthy every day","description":"Removes toxins accumulated for a long time inside the skin, while deep cleansing and helping the skin to be restored and regenerated effectively.","robots":{"index":"index","follow":"follow","max-snippet":"max-snippet:-1","max-image-preview":"max-image-preview:large","max-video-preview":"max-video-preview:-1"},"canonical":"https:\/\/sanmiraspa.com\/en\/high-tech-skin-detoxification\/","og_locale":"en_US","og_type":"article","og_title":"High-tech skin detoxification - San Mira - Be healthy every day","og_description":"Removes toxins accumulated for a long time inside the skin, while deep cleansing and helping the skin to be restored and regenerated effectively.","og_url":"https:\/\/sanmiraspa.com\/en\/high-tech-skin-detoxification\/","og_site_name":"San Mira - Be healthy every day","article_modified_time":"2023-11-21T02:52:15+00:00","og_image":[{"width":1000,"height":665,"url":"https:\/\/sanmiraspa.com\/en\/wp-content\/uploads\/2023\/11\/NXS_2790-scaled-e1700534092526.jpg","type":"image\/jpeg"}],"twitter_card":"summary_large_image","twitter_misc":{"Est. reading time":"4 minutes"},"schema":{"@context":"https:\/\/schema.org","@graph":[{"@type":"WebPage","@id":"https:\/\/sanmiraspa.com\/en\/high-tech-skin-detoxification\/","url":"https:\/\/sanmiraspa.com\/en\/high-tech-skin-detoxification\/","name":"High-tech skin detoxification - San Mira - Be healthy every day","isPartOf":{"@id":"https:\/\/sanmiraspa.com\/en\/#website"},"datePublished":"2023-11-21T02:52:14+00:00","dateModified":"2023-11-21T02:52:15+00:00","description":"Removes toxins accumulated for a long time inside the skin, while deep cleansing and helping the skin to be restored and regenerated effectively.","breadcrumb":{"@id":"https:\/\/sanmiraspa.com\/en\/high-tech-skin-detoxification\/#breadcrumb"},"inLanguage":"en-US","potentialAction":[{"@type":"ReadAction","target":["https:\/\/sanmiraspa.com\/en\/high-tech-skin-detoxification\/"]}]},{"@type":"BreadcrumbList","@id":"https:\/\/sanmiraspa.com\/en\/high-tech-skin-detoxification\/#breadcrumb","itemListElement":[{"@type":"ListItem","position":1,"name":"Home","item":"https:\/\/sanmiraspa.com\/en\/"},{"@type":"ListItem","position":2,"name":"Shop","item":"https:\/\/sanmiraspa.com\/en\/shop\/"},{"@type":"ListItem","position":3,"name":"High-tech skin detoxification"}]},{"@type":"WebSite","@id":"https:\/\/sanmiraspa.com\/en\/#website","url":"https:\/\/sanmiraspa.com\/en\/","name":"San Mira - Be healthy every day","description":"Be healthy every day","potentialAction":[{"@type":"SearchAction","target":{"@type":"EntryPoint","urlTemplate":"https:\/\/sanmiraspa.com\/en\/?s={search_term_string}"},"query-input":"required name=search_term_string"}],"inLanguage":"en-US"}]}},"_links":{"self":[{"href":"https:\/\/sanmiraspa.com\/en\/wp-json\/wp\/v2\/product\/1829"}],"collection":[{"href":"https:\/\/sanmiraspa.com\/en\/wp-json\/wp\/v2\/product"}],"about":[{"href":"https:\/\/sanmiraspa.com\/en\/wp-json\/wp\/v2\/types\/product"}],"replies":[{"embeddable":true,"href":"https:\/\/sanmiraspa.com\/en\/wp-json\/wp\/v2\/comments?post=1829"}],"wp:featuredmedia":[{"embeddable":true,"href":"https:\/\/sanmiraspa.com\/en\/wp-json\/wp\/v2\/media\/1830"}],"wp:attachment":[{"href":"https:\/\/sanmiraspa.com\/en\/wp-json\/wp\/v2\/media?parent=1829"}],"wp:term":[{"taxonomy":"product_cat","embeddable":true,"href":"https:\/\/sanmiraspa.com\/en\/wp-json\/wp\/v2\/product_cat?post=1829"},{"taxonomy":"product_tag","embeddable":true,"href":"https:\/\/sanmiraspa.com\/en\/wp-json\/wp\/v2\/product_tag?post=1829"}],"curies":[{"name":"wp","href":"https:\/\/api.w.org\/{rel}","templated":true}]}}