{"id":1273,"date":"2023-03-19T19:29:21","date_gmt":"2023-03-19T12:29:21","guid":{"rendered":"https:\/\/sanmiraspa.com\/en\/?post_type=product&#038;p=1273"},"modified":"2023-09-12T20:37:01","modified_gmt":"2023-09-12T13:37:01","slug":"full-body-treatment","status":"publish","type":"product","link":"https:\/\/sanmiraspa.com\/en\/full-body-treatment\/","title":{"rendered":"Full body treatment"},"content":{"rendered":"<p id=\"tw-target-text\" class=\"tw-data-text tw-text-large tw-ta\" dir=\"ltr\" data-placeholder=\"B\u1ea3n d\u1ecbch\"><span class=\"Y2IQFc\" lang=\"en\" style=\"font-family: 'times new roman', times, serif;\"><img decoding=\"async\" loading=\"lazy\" class=\"alignnone size-large wp-image-1621\" src=\"https:\/\/sanmiraspa.com\/en\/wp-content\/uploads\/2023\/03\/TAI07443-1024x683.jpg\" alt=\"\" width=\"1020\" height=\"680\" \/><br \/>\nBody massage therapy is one of the methods to help treat a number of diseases of bones, joints, nerves and muscles. At the same time, through proper massage at important acupuncture points also helps to stimulate blood circulation, exchange oxygen in the body, relieve stress and pressure, bring a feeling of relaxation and comfort. in times of fatigue.<\/span><\/p>\n<p class=\"tw-data-text tw-text-large tw-ta\" dir=\"ltr\" data-placeholder=\"B\u1ea3n d\u1ecbch\"><span class=\"Y2IQFc\" lang=\"en\" style=\"font-family: 'times new roman', times, serif;\">With only an extremely affordable cost along with a <span style=\"color: #ff0000;\">20% discount<\/span> when going to an individual session, <span style=\"color: #ff0000;\">35% off<\/span> when buying a course card at <strong>San Mira<\/strong>, it is also served enthusiastically and professionally by a team of rich technicians. Experience and in-depth knowledge of massage techniques. Therefore, this is absolutely a worthy choice if you have a need for therapeutic massage to regenerate energy, regain labor, overcome symptoms of aches and pains, shoulder pain, back pain, eat well. tasty&#8230;.<\/span><\/p>\n<p dir=\"ltr\" data-placeholder=\"B\u1ea3n d\u1ecbch\">\n<p dir=\"ltr\" data-placeholder=\"B\u1ea3n d\u1ecbch\"><span style=\"color: #00aae7;\"><strong><em><span style=\"font-family: 'times new roman', times, serif; font-size: 150%;\">What are the effects of Body Therapy?<\/span><\/em><\/strong><\/span><\/p>\n<ul>\n<li id=\"tw-target-text\" class=\"tw-data-text tw-text-large tw-ta\" dir=\"ltr\" data-placeholder=\"B\u1ea3n d\u1ecbch\"><span class=\"Y2IQFc\" lang=\"en\" style=\"font-family: 'times new roman', times, serif;\">Blood circulation, helps blood to circulate more, blood in the joints is also better circulated.<\/span><\/li>\n<li class=\"tw-data-text tw-text-large tw-ta\" dir=\"ltr\" data-placeholder=\"B\u1ea3n d\u1ecbch\"><span class=\"Y2IQFc\" lang=\"en\" style=\"font-family: 'times new roman', times, serif;\">Massage therapy to relieve pain and fatigue<\/span><\/li>\n<li dir=\"ltr\" data-placeholder=\"B\u1ea3n d\u1ecbch\"><span style=\"font-family: 'times new roman', times, serif;\">Massage therapy prevents symptoms of cardiovascular disease and is very good at preventing disease. At the same time, massage also helps lower blood pressure for people who often have high blood pressure. Helps reduce sudden and abnormal increases in blood pressure.<\/span><\/li>\n<li class=\"tw-data-text tw-text-large tw-ta\" dir=\"ltr\" data-placeholder=\"B\u1ea3n d\u1ecbch\"><span class=\"Y2IQFc\" lang=\"en\" style=\"font-family: 'times new roman', times, serif;\">Promote the treatment of respiratory diseases such as fibrosis, stiffness, lung, bronchial asthma &#8230; <\/span><\/li>\n<li class=\"tw-data-text tw-text-large tw-ta\" dir=\"ltr\" data-placeholder=\"B\u1ea3n d\u1ecbch\"><span class=\"Y2IQFc\" lang=\"en\" style=\"font-family: 'times new roman', times, serif;\">Helps to eat better and detox more<\/span><\/li>\n<\/ul>\n<p id=\"tw-target-text\" class=\"tw-data-text tw-text-large tw-ta\" dir=\"ltr\" data-placeholder=\"B\u1ea3n d\u1ecbch\"><span class=\"Y2IQFc\" lang=\"en\" style=\"font-family: 'times new roman', times, serif;\">At the same time, complying with the therapeutic body massage process here is combined with the body&#8217;s detox steam to help purify, detoxify and promote comprehensive health, quickly fly away aches and pains to help bring about a state of balance. Perfect for both your body and mind.<\/span><\/p>\n<p dir=\"ltr\" data-placeholder=\"B\u1ea3n d\u1ecbch\"><img decoding=\"async\" loading=\"lazy\" class=\"alignnone size-large wp-image-1622\" src=\"https:\/\/sanmiraspa.com\/en\/wp-content\/uploads\/2023\/03\/TAI07378-1024x683.jpg\" alt=\"\" width=\"1020\" height=\"680\" \/><\/p>\n<p id=\"tw-target-text\" class=\"tw-data-text tw-text-large tw-ta\" dir=\"ltr\" data-placeholder=\"B\u1ea3n d\u1ecbch\"><span style=\"color: #00aae7;\"><em><strong><span class=\"Y2IQFc\" lang=\"en\" style=\"font-family: 'times new roman', times, serif; font-size: 150%;\">Body Treatment at San Mira:<\/span><\/strong><\/em><\/span><\/p>\n<p id=\"tw-target-text\" class=\"tw-data-text tw-text-large tw-ta\" dir=\"ltr\" data-placeholder=\"B\u1ea3n d\u1ecbch\"><span class=\"Y2IQFc\" lang=\"en\" style=\"font-family: 'times new roman', times, serif;\">+ Step 1: Herbal foot soak <\/span><\/p>\n<p class=\"tw-data-text tw-text-large tw-ta\" dir=\"ltr\" data-placeholder=\"B\u1ea3n d\u1ecbch\"><span class=\"Y2IQFc\" lang=\"en\" style=\"font-family: 'times new roman', times, serif; color: #ff0000;\">When lying face down <\/span><\/p>\n<p class=\"tw-data-text tw-text-large tw-ta\" dir=\"ltr\" data-placeholder=\"B\u1ea3n d\u1ecbch\"><span class=\"Y2IQFc\" lang=\"en\" style=\"font-family: 'times new roman', times, serif;\">+ Step 2: Relax the whole body by acupressure from the soles of the feet, the waist up to the back, shoulders and head area. <\/span><\/p>\n<p class=\"tw-data-text tw-text-large tw-ta\" dir=\"ltr\" data-placeholder=\"B\u1ea3n d\u1ecbch\"><span class=\"Y2IQFc\" lang=\"en\" style=\"font-family: 'times new roman', times, serif;\">+ Step 3: Massage with essential oils to soothe the painful area and reduce blood vessel congestion. <\/span><\/p>\n<p class=\"tw-data-text tw-text-large tw-ta\" dir=\"ltr\" data-placeholder=\"B\u1ea3n d\u1ecbch\"><span class=\"Y2IQFc\" lang=\"en\" style=\"font-family: 'times new roman', times, serif;\">+ Step 4: Focus on acupressure on shoulders, neck and waist to help blood circulation to reduce inflammation and pain <\/span><\/p>\n<p class=\"tw-data-text tw-text-large tw-ta\" dir=\"ltr\" data-placeholder=\"B\u1ea3n d\u1ecbch\"><span class=\"Y2IQFc\" lang=\"en\" style=\"font-family: 'times new roman', times, serif;\">+ Step 5: Massage combined with acupressure points in the legs and soles of the feet to help reduce the symptoms of numbness in the legs.<\/span><\/p>\n<p class=\"tw-data-text tw-text-large tw-ta\" dir=\"ltr\" data-placeholder=\"B\u1ea3n d\u1ecbch\"><span class=\"Y2IQFc\" lang=\"en\" style=\"font-family: 'times new roman', times, serif; color: #ff0000;\">When lying on your back <\/span><\/p>\n<p class=\"tw-data-text tw-text-large tw-ta\" dir=\"ltr\" data-placeholder=\"B\u1ea3n d\u1ecbch\"><span class=\"Y2IQFc\" lang=\"en\" style=\"font-family: 'times new roman', times, serif;\">+ Step 6: Massage the feet and focus on pressing the foot acupuncture points to better eliminate toxins in the body. <\/span><\/p>\n<p class=\"tw-data-text tw-text-large tw-ta\" dir=\"ltr\" data-placeholder=\"B\u1ea3n d\u1ecbch\"><span class=\"Y2IQFc\" lang=\"en\" style=\"font-family: 'times new roman', times, serif;\">+ Step 7: Hand massage combined with acupressure in the palm of the hand helps to strengthen the heart and eyes <\/span><\/p>\n<p class=\"tw-data-text tw-text-large tw-ta\" dir=\"ltr\" data-placeholder=\"B\u1ea3n d\u1ecbch\"><span class=\"Y2IQFc\" lang=\"en\" style=\"font-family: 'times new roman', times, serif;\">+ Step 8: Press the acupuncture points around the chest area, combining shoulders, neck, and nape to help relax more deeply. <\/span><\/p>\n<p class=\"tw-data-text tw-text-large tw-ta\" dir=\"ltr\" data-placeholder=\"B\u1ea3n d\u1ecbch\"><span class=\"Y2IQFc\" lang=\"en\" style=\"font-family: 'times new roman', times, serif;\">+ Step 9: Day presses acupuncture points in the face and head to relieve stress and stress after a long working day. <\/span><\/p>\n<p class=\"tw-data-text tw-text-large tw-ta\" dir=\"ltr\" data-placeholder=\"B\u1ea3n d\u1ecbch\"><span class=\"Y2IQFc\" lang=\"en\" style=\"font-family: 'times new roman', times, serif;\">+ Step 10: Wipe the body with a warm towel, help the guest up, massage the shoulder, neck, waist and finish.<\/span><\/p>\n<p dir=\"ltr\" data-placeholder=\"B\u1ea3n d\u1ecbch\"><img decoding=\"async\" loading=\"lazy\" class=\"wp-image-1230 aligncenter\" src=\"https:\/\/sanmiraspa.com\/en\/wp-content\/uploads\/2023\/03\/z4183992172033_2a6666a503237e5c4be34b61c199a992-1024x577.jpg\" alt=\"\" width=\"719\" height=\"405\" srcset=\"https:\/\/sanmiraspa.com\/en\/wp-content\/uploads\/2023\/03\/z4183992172033_2a6666a503237e5c4be34b61c199a992-1024x577.jpg 1024w, https:\/\/sanmiraspa.com\/en\/wp-content\/uploads\/2023\/03\/z4183992172033_2a6666a503237e5c4be34b61c199a992-300x169.jpg 300w, https:\/\/sanmiraspa.com\/en\/wp-content\/uploads\/2023\/03\/z4183992172033_2a6666a503237e5c4be34b61c199a992-768x433.jpg 768w, https:\/\/sanmiraspa.com\/en\/wp-content\/uploads\/2023\/03\/z4183992172033_2a6666a503237e5c4be34b61c199a992-600x338.jpg 600w, https:\/\/sanmiraspa.com\/en\/wp-content\/uploads\/2023\/03\/z4183992172033_2a6666a503237e5c4be34b61c199a992.jpg 1241w\" sizes=\"(max-width: 719px) 100vw, 719px\" \/><\/p>\n<p dir=\"ltr\" data-placeholder=\"B\u1ea3n d\u1ecbch\"><span style=\"color: #ff0000;\"><strong><em><span style=\"font-family: 'times new roman', times, serif; font-size: 140%;\">Don&#8217;t hesitate, contact San Mira right away!!!<\/span><\/em><\/strong><\/span><\/p>\n<p dir=\"ltr\" data-placeholder=\"B\u1ea3n d\u1ecbch\"><span style=\"font-family: 'times new roman', times, serif;\">\u2014\u2014\u2014\u2014\u2014-<\/span><br \/>\n<span style=\"font-family: 'times new roman', times, serif;\">San Mira Spa<\/span><br \/>\n<span style=\"font-family: 'times new roman', times, serif;\">No TIP<\/span><br \/>\n<span style=\"font-family: 'times new roman', times, serif;\">\u26d4Facebook:\u00a0<a href=\"https:\/\/www.facebook.com\/profile.php?id=100086325980282\">https:\/\/www.facebook.com\/profile.php?id=100086325980282<\/a><\/span><br \/>\n<span style=\"font-family: 'times new roman', times, serif;\">\u26d4Instagram:\u00a0<a href=\"https:\/\/www.instagram.com\/sanmiraspa\/\">https:\/\/www.instagram.com\/sanmiraspa\/<\/a><\/span><br \/>\n<span style=\"font-family: 'times new roman', times, serif;\">Branches:<\/span><br \/>\n<span style=\"font-family: 'times new roman', times, serif;\">\ud83c\udf3a CN1: B4X3 K\u0110T M\u1ef9 \u0110\u00ecnh 1, C\u1ea7u Di\u1ec5n, Nam T\u1eeb Li\u00eam, H\u00e0 N\u1ed9i ( \u0110\u1ed1i di\u1ec7n h\u1ea7m g\u1eedi xe to\u00e0 nh\u00e0 Florencer)<\/span><br \/>\n<span style=\"font-family: 'times new roman', times, serif;\">\u260e\ufe0f Hotline\/Zalo : 0375566559<\/span><br \/>\n<span style=\"font-family: 'times new roman', times, serif;\">\ud83c\udf3a CN2: 17E L\u00f4 A10 K\u0110T Nam Trung Y\u00ean, Y\u00ean H\u00f2a, C\u1ea7u Gi\u1ea5y, H\u00e0 N\u1ed9i ( \u0110\u1ed1i di\u1ec7n s\u1ea3nh chung c\u01b0 CT2)<\/span><br \/>\n<span style=\"font-family: 'times new roman', times, serif;\">\u260e\ufe0f Hotline\/Zalo : 0976301259<\/span><\/p>\n","protected":false},"excerpt":{"rendered":"<p id=\"tw-target-text\" class=\"tw-data-text tw-text-large tw-ta\" dir=\"ltr\" data-placeholder=\"B\u1ea3n d\u1ecbch\"><span class=\"Y2IQFc\" lang=\"en\" style=\"font-family: 'times new roman', times, serif;\">Do you sit at the office for 8 hours, busy with work, wrong posture leading to neck and shoulder fatigue, knee pain? Do you do manual work leading to back pain? Do you work as a receptionist, a salesperson has foot pain due to standing a lot? Are you old, so you are no longer as flexible as before, or have body aches and pains? If you are in any of the above cases or whatever, come to <strong>San Mira<\/strong> for a full body treatment to relieve all aches and pains! <\/span><\/p>\n<p class=\"tw-data-text tw-text-large tw-ta\" dir=\"ltr\" data-placeholder=\"B\u1ea3n d\u1ecbch\"><span class=\"Y2IQFc\" lang=\"en\" style=\"font-family: 'times new roman', times, serif;\">Time: 60-100 minutes (Depending on your choice)<\/span><\/p>\n","protected":false},"featured_media":1573,"comment_status":"closed","ping_status":"closed","template":"","meta":[],"product_cat":[16,23],"product_tag":[],"acf":[],"yoast_head":"<!-- This site is optimized with the Yoast SEO plugin v19.10 - https:\/\/yoast.com\/wordpress\/plugins\/seo\/ -->\n<title>Full body treatment - San Mira - Be healthy every day<\/title>\n<meta name=\"robots\" content=\"index, follow, max-snippet:-1, max-image-preview:large, max-video-preview:-1\" \/>\n<link rel=\"canonical\" href=\"https:\/\/sanmiraspa.com\/en\/full-body-treatment\/\" \/>\n<meta property=\"og:locale\" content=\"en_US\" \/>\n<meta property=\"og:type\" content=\"article\" \/>\n<meta property=\"og:title\" content=\"Full body treatment - San Mira - Be healthy every day\" \/>\n<meta property=\"og:description\" content=\"Do you sit at the office for 8 hours, busy with work, wrong posture leading to neck and shoulder fatigue, knee pain? Do you do manual work leading to back pain? Do you work as a receptionist, a salesperson has foot pain due to standing a lot? Are you old, so you are no longer as flexible as before, or have body aches and pains? If you are in any of the above cases or whatever, come to San Mira for a full body treatment to relieve all aches and pains!  Time: 60-100 minutes (Depending on your choice)\" \/>\n<meta property=\"og:url\" content=\"https:\/\/sanmiraspa.com\/en\/full-body-treatment\/\" \/>\n<meta property=\"og:site_name\" content=\"San Mira - Be healthy every day\" \/>\n<meta property=\"article:modified_time\" content=\"2023-09-12T13:37:01+00:00\" \/>\n<meta property=\"og:image\" content=\"https:\/\/sanmiraspa.com\/en\/wp-content\/uploads\/2023\/08\/TAI07392-scaled-e1693465076200.jpg\" \/>\n\t<meta property=\"og:image:width\" content=\"1000\" \/>\n\t<meta property=\"og:image:height\" content=\"667\" \/>\n\t<meta property=\"og:image:type\" content=\"image\/jpeg\" \/>\n<meta name=\"twitter:card\" content=\"summary_large_image\" \/>\n<meta name=\"twitter:label1\" content=\"Est. reading time\" \/>\n\t<meta name=\"twitter:data1\" content=\"3 minutes\" \/>\n<script type=\"application\/ld+json\" class=\"yoast-schema-graph\">{\"@context\":\"https:\/\/schema.org\",\"@graph\":[{\"@type\":\"WebPage\",\"@id\":\"https:\/\/sanmiraspa.com\/en\/full-body-treatment\/\",\"url\":\"https:\/\/sanmiraspa.com\/en\/full-body-treatment\/\",\"name\":\"Full body treatment - San Mira - Be healthy every day\",\"isPartOf\":{\"@id\":\"https:\/\/sanmiraspa.com\/en\/#website\"},\"datePublished\":\"2023-03-19T12:29:21+00:00\",\"dateModified\":\"2023-09-12T13:37:01+00:00\",\"breadcrumb\":{\"@id\":\"https:\/\/sanmiraspa.com\/en\/full-body-treatment\/#breadcrumb\"},\"inLanguage\":\"en-US\",\"potentialAction\":[{\"@type\":\"ReadAction\",\"target\":[\"https:\/\/sanmiraspa.com\/en\/full-body-treatment\/\"]}]},{\"@type\":\"BreadcrumbList\",\"@id\":\"https:\/\/sanmiraspa.com\/en\/full-body-treatment\/#breadcrumb\",\"itemListElement\":[{\"@type\":\"ListItem\",\"position\":1,\"name\":\"Home\",\"item\":\"https:\/\/sanmiraspa.com\/en\/\"},{\"@type\":\"ListItem\",\"position\":2,\"name\":\"Shop\",\"item\":\"https:\/\/sanmiraspa.com\/en\/shop\/\"},{\"@type\":\"ListItem\",\"position\":3,\"name\":\"Full body treatment\"}]},{\"@type\":\"WebSite\",\"@id\":\"https:\/\/sanmiraspa.com\/en\/#website\",\"url\":\"https:\/\/sanmiraspa.com\/en\/\",\"name\":\"San Mira - Be healthy every day\",\"description\":\"Be healthy every day\",\"potentialAction\":[{\"@type\":\"SearchAction\",\"target\":{\"@type\":\"EntryPoint\",\"urlTemplate\":\"https:\/\/sanmiraspa.com\/en\/?s={search_term_string}\"},\"query-input\":\"required name=search_term_string\"}],\"inLanguage\":\"en-US\"}]}<\/script>\n<!-- \/ Yoast SEO plugin. -->","yoast_head_json":{"title":"Full body treatment - San Mira - Be healthy every day","robots":{"index":"index","follow":"follow","max-snippet":"max-snippet:-1","max-image-preview":"max-image-preview:large","max-video-preview":"max-video-preview:-1"},"canonical":"https:\/\/sanmiraspa.com\/en\/full-body-treatment\/","og_locale":"en_US","og_type":"article","og_title":"Full body treatment - San Mira - Be healthy every day","og_description":"Do you sit at the office for 8 hours, busy with work, wrong posture leading to neck and shoulder fatigue, knee pain? Do you do manual work leading to back pain? Do you work as a receptionist, a salesperson has foot pain due to standing a lot? Are you old, so you are no longer as flexible as before, or have body aches and pains? If you are in any of the above cases or whatever, come to San Mira for a full body treatment to relieve all aches and pains!  Time: 60-100 minutes (Depending on your choice)","og_url":"https:\/\/sanmiraspa.com\/en\/full-body-treatment\/","og_site_name":"San Mira - Be healthy every day","article_modified_time":"2023-09-12T13:37:01+00:00","og_image":[{"width":1000,"height":667,"url":"https:\/\/sanmiraspa.com\/en\/wp-content\/uploads\/2023\/08\/TAI07392-scaled-e1693465076200.jpg","type":"image\/jpeg"}],"twitter_card":"summary_large_image","twitter_misc":{"Est. reading time":"3 minutes"},"schema":{"@context":"https:\/\/schema.org","@graph":[{"@type":"WebPage","@id":"https:\/\/sanmiraspa.com\/en\/full-body-treatment\/","url":"https:\/\/sanmiraspa.com\/en\/full-body-treatment\/","name":"Full body treatment - San Mira - Be healthy every day","isPartOf":{"@id":"https:\/\/sanmiraspa.com\/en\/#website"},"datePublished":"2023-03-19T12:29:21+00:00","dateModified":"2023-09-12T13:37:01+00:00","breadcrumb":{"@id":"https:\/\/sanmiraspa.com\/en\/full-body-treatment\/#breadcrumb"},"inLanguage":"en-US","potentialAction":[{"@type":"ReadAction","target":["https:\/\/sanmiraspa.com\/en\/full-body-treatment\/"]}]},{"@type":"BreadcrumbList","@id":"https:\/\/sanmiraspa.com\/en\/full-body-treatment\/#breadcrumb","itemListElement":[{"@type":"ListItem","position":1,"name":"Home","item":"https:\/\/sanmiraspa.com\/en\/"},{"@type":"ListItem","position":2,"name":"Shop","item":"https:\/\/sanmiraspa.com\/en\/shop\/"},{"@type":"ListItem","position":3,"name":"Full body treatment"}]},{"@type":"WebSite","@id":"https:\/\/sanmiraspa.com\/en\/#website","url":"https:\/\/sanmiraspa.com\/en\/","name":"San Mira - Be healthy every day","description":"Be healthy every day","potentialAction":[{"@type":"SearchAction","target":{"@type":"EntryPoint","urlTemplate":"https:\/\/sanmiraspa.com\/en\/?s={search_term_string}"},"query-input":"required name=search_term_string"}],"inLanguage":"en-US"}]}},"_links":{"self":[{"href":"https:\/\/sanmiraspa.com\/en\/wp-json\/wp\/v2\/product\/1273"}],"collection":[{"href":"https:\/\/sanmiraspa.com\/en\/wp-json\/wp\/v2\/product"}],"about":[{"href":"https:\/\/sanmiraspa.com\/en\/wp-json\/wp\/v2\/types\/product"}],"replies":[{"embeddable":true,"href":"https:\/\/sanmiraspa.com\/en\/wp-json\/wp\/v2\/comments?post=1273"}],"wp:featuredmedia":[{"embeddable":true,"href":"https:\/\/sanmiraspa.com\/en\/wp-json\/wp\/v2\/media\/1573"}],"wp:attachment":[{"href":"https:\/\/sanmiraspa.com\/en\/wp-json\/wp\/v2\/media?parent=1273"}],"wp:term":[{"taxonomy":"product_cat","embeddable":true,"href":"https:\/\/sanmiraspa.com\/en\/wp-json\/wp\/v2\/product_cat?post=1273"},{"taxonomy":"product_tag","embeddable":true,"href":"https:\/\/sanmiraspa.com\/en\/wp-json\/wp\/v2\/product_tag?post=1273"}],"curies":[{"name":"wp","href":"https:\/\/api.w.org\/{rel}","templated":true}]}}