{"id":31,"date":"2022-11-12T02:11:05","date_gmt":"2022-11-12T02:11:05","guid":{"rendered":"https:\/\/sanmiraspa.com\/?page_id=31"},"modified":"2023-08-09T17:10:15","modified_gmt":"2023-08-09T10:10:15","slug":"dat-lich-online","status":"publish","type":"page","link":"https:\/\/sanmiraspa.com\/en\/dat-lich-online\/","title":{"rendered":"Online Booking"},"content":{"rendered":"<div class=\"row row-large row-solid\"  id=\"row-170691557\">\n\n\t<div id=\"col-1521754897\" class=\"col medium-6 small-12 large-6\"  >\n\t\t\t\t<div class=\"col-inner\"  >\n\t\t\t\n\t\t\t\n<div class=\"container section-title-container\" style=\"margin-bottom:0px;\"><h3 class=\"section-title section-title-bold\"><b><\/b><span class=\"section-title-main\" >Information<\/span><b><\/b><\/h3><\/div>\n\t<div id=\"text-1656654854\" class=\"text\">\n\t\t\n<p><i class=\"fa fa-phone\"><\/i><strong> 0375566559<\/strong><br \/>\n\t\t\n<style>\n#text-1656654854 {\n  font-size: 1.7rem;\n  color: rgb(169, 0, 0);\n}\n#text-1656654854 > * {\n  color: rgb(169, 0, 0);\n}\n<\/style>\n\t<\/div>\n\t\n\t<div id=\"text-2214539735\" class=\"text\">\n\t\t\n<p>Please contact us through 0375566559.<br \/>\n\t\t\n<style>\n#text-2214539735 {\n  font-size: 1.1rem;\n}\n<\/style>\n\t<\/div>\n\t\n<div class=\"is-divider divider clearfix\" style=\"max-width:90%;background-color:rgb(215, 215, 215);\"><\/div>\n\t<div id=\"text-4004866983\" class=\"text\">\n\t\t\n<p><strong>Address:<\/strong><\/p>\n<p>Brand 1: B4X3\u00a0 My Dinh 1, Cau Dien ward, Nam Tu Liem district, Ha Noi<\/p>\n<p>Brand 2: 17E (next to A10 Apartment) Nam Trung Yen, Yen Hoa ward, Cau Giay district, Ha Noi<br \/>\n\t\t\n<style>\n#text-4004866983 {\n  font-size: 1.1rem;\n}\n<\/style>\n\t<\/div>\n\t\n\t<div id=\"text-892399362\" class=\"text\">\n\t\t\n<p><strong>Thank you!<\/strong><br \/>\n\t\t\n<style>\n#text-892399362 {\n  font-size: 1.1rem;\n  color: rgb(113, 191, 75);\n}\n#text-892399362 > * {\n  color: rgb(113, 191, 75);\n}\n<\/style>\n\t<\/div>\n\t\n\t\t<\/div>\n\t\t\t\t\t<\/div>\n\n\t\n\n\t<div id=\"col-997015804\" class=\"col medium-6 small-12 large-6\"  >\n\t\t\t\t<div class=\"col-inner\"  >\n\t\t\t\n\t\t\t\n<div class=\"container section-title-container\" style=\"margin-bottom:0px;\"><h3 class=\"section-title section-title-bold\"><b><\/b><span class=\"section-title-main\" >ONLINE BOOKING<\/span><b><\/b><\/h3><\/div>\n<div role=\"form\" class=\"wpcf7\" id=\"wpcf7-f122-o1\" lang=\"vi\" dir=\"ltr\">\n<div class=\"screen-reader-response\"><p role=\"status\" aria-live=\"polite\" aria-atomic=\"true\"><\/p> <ul><\/ul><\/div>\n<form action=\"\/en\/wp-json\/wp\/v2\/pages\/31#wpcf7-f122-o1\" method=\"post\" class=\"wpcf7-form init\" novalidate=\"novalidate\" data-status=\"init\">\n<div style=\"display: none;\">\n<input type=\"hidden\" name=\"_wpcf7\" value=\"122\" \/>\n<input type=\"hidden\" name=\"_wpcf7_version\" value=\"5.6.4\" \/>\n<input type=\"hidden\" name=\"_wpcf7_locale\" value=\"vi\" \/>\n<input type=\"hidden\" name=\"_wpcf7_unit_tag\" value=\"wpcf7-f122-o1\" \/>\n<input type=\"hidden\" name=\"_wpcf7_container_post\" value=\"0\" \/>\n<input type=\"hidden\" name=\"_wpcf7_posted_data_hash\" value=\"\" \/>\n<\/div>\n<p><span class=\"wpcf7-form-control-wrap\" data-name=\"your-name\"><input type=\"text\" name=\"your-name\" value=\"\" size=\"40\" class=\"wpcf7-form-control wpcf7-text wpcf7-validates-as-required\" aria-required=\"true\" aria-invalid=\"false\" placeholder=\"Fullname\" \/><\/span> <\/p>\n<p>    <span class=\"wpcf7-form-control-wrap\" data-name=\"your-tel\"><input type=\"tel\" name=\"your-tel\" value=\"\" size=\"40\" class=\"wpcf7-form-control wpcf7-text wpcf7-tel wpcf7-validates-as-required wpcf7-validates-as-tel\" aria-required=\"true\" aria-invalid=\"false\" placeholder=\"Phone number\" \/><\/span> <\/p>\n<p><label>Choose day<\/label><br \/>\n    <span class=\"wpcf7-form-control-wrap\" data-name=\"date-845\"><input type=\"date\" name=\"date-845\" value=\"\" class=\"wpcf7-form-control wpcf7-date wpcf7-validates-as-date\" aria-invalid=\"false\" \/><\/span> <\/p>\n<p><label>Time<\/label><br \/>\n    <span class=\"wpcf7-form-control-wrap\" data-name=\"your-time\"><input type=\"text\" name=\"your-time\" value=\"\" size=\"40\" class=\"wpcf7-form-control wpcf7-text wpcf7-validates-as-required\" aria-required=\"true\" aria-invalid=\"false\" placeholder=\"9:00\" \/><\/span> <\/p>\n<p><label>Service<\/label><br \/>\n    <span class=\"wpcf7-form-control-wrap\" data-name=\"menu-374\"><select name=\"menu-374\" class=\"wpcf7-form-control wpcf7-select\" aria-invalid=\"false\"><option value=\"G\u1ed9i \u0111\u1ea7u th\u1ea3o d\u01b0\u1ee3c c\u1eb7p\">G\u1ed9i \u0111\u1ea7u th\u1ea3o d\u01b0\u1ee3c c\u1eb7p<\/option><option value=\"G\u1ed9i \u0111\u1ea7u d\u01b0\u1ee1ng sinh\">G\u1ed9i \u0111\u1ea7u d\u01b0\u1ee1ng sinh<\/option><option value=\"\u0110\u1eafp d\u01b0\u1ee1ng s\u00e1ng da tinh ch\u1ea5t g\u1ea1o S\u00e9ng C\u00f9\">\u0110\u1eafp d\u01b0\u1ee1ng s\u00e1ng da tinh ch\u1ea5t g\u1ea1o S\u00e9ng C\u00f9<\/option><option value=\"\u0110\u1eafp d\u01b0\u1ee1ng y\u1ebfn m\u1ea1ch\">\u0110\u1eafp d\u01b0\u1ee1ng y\u1ebfn m\u1ea1ch<\/option><option value=\"Ch\u0103m s\u00f3c da n\u00e1m, m\u1ee5n, v\u00f9ng m\u1eaft l\u00e3o h\u00f3a\">Ch\u0103m s\u00f3c da n\u00e1m, m\u1ee5n, v\u00f9ng m\u1eaft l\u00e3o h\u00f3a<\/option><option value=\"Ch\u0103m s\u00f3c da, \u0111\u00e1 l\u1ea1nh\/\u0111\u00e1 \u1ea5m\">Ch\u0103m s\u00f3c da, \u0111\u00e1 l\u1ea1nh\/\u0111\u00e1 \u1ea5m<\/option><option value=\"Th\u01b0 gi\u00e3n to\u00e0n th\u00e2n v\u1edbi tinh d\u1ea7u (d\u1eeba, oliu)\">Th\u01b0 gi\u00e3n to\u00e0n th\u00e2n v\u1edbi tinh d\u1ea7u (d\u1eeba, oliu)<\/option><option value=\"Th\u01b0 gi\u00e3n to\u00e0n th\u00e2n v\u1edbi hoa o\u1ea3i h\u01b0\u01a1ng (kh\u00f4ng d\u1ea7u)\">Th\u01b0 gi\u00e3n to\u00e0n th\u00e2n v\u1edbi hoa o\u1ea3i h\u01b0\u01a1ng (kh\u00f4ng d\u1ea7u)<\/option><option value=\"Th\u01b0 gi\u00e3n to\u00e0n th\u00e2n v\u1edbi \u0111\u00e1 n\u00f3ng: 90&#039;\">Th\u01b0 gi\u00e3n to\u00e0n th\u00e2n v\u1edbi \u0111\u00e1 n\u00f3ng: 90&#039;<\/option><option value=\"T\u1ea9y da ch\u1ebft ( c\u00e1t cam, tinh ch\u1ea5t g\u1ea1o, cafe)\">T\u1ea9y da ch\u1ebft ( c\u00e1t cam, tinh ch\u1ea5t g\u1ea1o, cafe)<\/option><option value=\"T\u1ea9y da ch\u1ebft v\u00e0 \u0111\u1eafp d\u01b0\u1ee1ng b\u1eb1ng y\u1ebfn m\u1ea1ch, khoai t\u00e2y, b\u00ed \u0111\u1ecf)\">T\u1ea9y da ch\u1ebft v\u00e0 \u0111\u1eafp d\u01b0\u1ee1ng b\u1eb1ng y\u1ebfn m\u1ea1ch, khoai t\u00e2y, b\u00ed \u0111\u1ecf)<\/option><option value=\"Wax tay, ch\u00e2n\">Wax tay, ch\u00e2n<\/option><option value=\"Wax v\u00f9ng da d\u01b0\u1edbi c\u00e1nh tay\">Wax v\u00f9ng da d\u01b0\u1edbi c\u00e1nh tay<\/option><option value=\"Wax Bikini\">Wax Bikini<\/option><option value=\"Massage c\u1ed5 vai g\u00e1y\">Massage c\u1ed5 vai g\u00e1y<\/option><option value=\"Ng\u00e2n ch\u00e2n thu\u1ed1c b\u1eafc-massage ch\u00e2n b\u1eb1ng \u0111\u00e1 n\u00f3ng\">Ng\u00e2n ch\u00e2n thu\u1ed1c b\u1eafc-massage ch\u00e2n b\u1eb1ng \u0111\u00e1 n\u00f3ng<\/option><option value=\"Gi\u1ea3m m\u1ee1 v\u00f9ng b\u1ee5ng b\u1eb1ng th\u1ea3o m\u1ed9c\">Gi\u1ea3m m\u1ee1 v\u00f9ng b\u1ee5ng b\u1eb1ng th\u1ea3o m\u1ed9c<\/option><option value=\"L\u00e0m s\u1ea1ch da\">L\u00e0m s\u1ea1ch da<\/option><option value=\"S\u01a1n gel\">S\u01a1n gel<\/option><\/select><\/span> <\/p>\n<p><input type=\"submit\" value=\"Booking\" class=\"wpcf7-form-control has-spinner wpcf7-submit\" \/><\/p>\n<div class=\"wpcf7-response-output\" aria-hidden=\"true\"><\/div><\/form><\/div>\n\t\t<\/div>\n\t\t\t\t\t<\/div>\n\n\t\n<\/div>\n","protected":false},"excerpt":{"rendered":"","protected":false},"author":1,"featured_media":510,"parent":0,"menu_order":0,"comment_status":"closed","ping_status":"closed","template":"","meta":[],"acf":[],"yoast_head":"<!-- This site is optimized with the Yoast SEO plugin v19.10 - https:\/\/yoast.com\/wordpress\/plugins\/seo\/ -->\n<title>Online Booking - San Mira - Be healthy every day<\/title>\n<meta name=\"robots\" content=\"index, follow, max-snippet:-1, max-image-preview:large, max-video-preview:-1\" \/>\n<link rel=\"canonical\" href=\"https:\/\/sanmiraspa.com\/en\/dat-lich-online\/\" \/>\n<meta property=\"og:locale\" content=\"en_US\" \/>\n<meta property=\"og:type\" content=\"article\" \/>\n<meta property=\"og:title\" content=\"Online Booking - San Mira - Be healthy every day\" \/>\n<meta property=\"og:url\" content=\"https:\/\/sanmiraspa.com\/en\/dat-lich-online\/\" \/>\n<meta property=\"og:site_name\" content=\"San Mira - Be healthy every day\" \/>\n<meta property=\"article:modified_time\" content=\"2023-08-09T10:10:15+00:00\" \/>\n<meta property=\"og:image\" content=\"https:\/\/sanmiraspa.com\/en\/wp-content\/uploads\/2022\/11\/z3904968482749_0d75db5501814e6338c0f37835c60594-1.jpg\" \/>\n\t<meta property=\"og:image:width\" content=\"1536\" \/>\n\t<meta property=\"og:image:height\" content=\"2048\" \/>\n\t<meta property=\"og:image:type\" content=\"image\/jpeg\" \/>\n<meta name=\"twitter:card\" content=\"summary_large_image\" \/>\n<meta name=\"twitter:label1\" content=\"Est. reading time\" \/>\n\t<meta name=\"twitter:data1\" content=\"1 minute\" \/>\n<script type=\"application\/ld+json\" class=\"yoast-schema-graph\">{\"@context\":\"https:\/\/schema.org\",\"@graph\":[{\"@type\":\"WebPage\",\"@id\":\"https:\/\/sanmiraspa.com\/en\/dat-lich-online\/\",\"url\":\"https:\/\/sanmiraspa.com\/en\/dat-lich-online\/\",\"name\":\"Online Booking - San Mira - Be healthy every day\",\"isPartOf\":{\"@id\":\"https:\/\/sanmiraspa.com\/en\/#website\"},\"datePublished\":\"2022-11-12T02:11:05+00:00\",\"dateModified\":\"2023-08-09T10:10:15+00:00\",\"breadcrumb\":{\"@id\":\"https:\/\/sanmiraspa.com\/en\/dat-lich-online\/#breadcrumb\"},\"inLanguage\":\"en-US\",\"potentialAction\":[{\"@type\":\"ReadAction\",\"target\":[\"https:\/\/sanmiraspa.com\/en\/dat-lich-online\/\"]}]},{\"@type\":\"BreadcrumbList\",\"@id\":\"https:\/\/sanmiraspa.com\/en\/dat-lich-online\/#breadcrumb\",\"itemListElement\":[{\"@type\":\"ListItem\",\"position\":1,\"name\":\"Home\",\"item\":\"https:\/\/sanmiraspa.com\/en\/\"},{\"@type\":\"ListItem\",\"position\":2,\"name\":\"Online Booking\"}]},{\"@type\":\"WebSite\",\"@id\":\"https:\/\/sanmiraspa.com\/en\/#website\",\"url\":\"https:\/\/sanmiraspa.com\/en\/\",\"name\":\"San Mira - Be healthy every day\",\"description\":\"Be healthy every day\",\"potentialAction\":[{\"@type\":\"SearchAction\",\"target\":{\"@type\":\"EntryPoint\",\"urlTemplate\":\"https:\/\/sanmiraspa.com\/en\/?s={search_term_string}\"},\"query-input\":\"required name=search_term_string\"}],\"inLanguage\":\"en-US\"}]}<\/script>\n<!-- \/ Yoast SEO plugin. -->","yoast_head_json":{"title":"Online Booking - San Mira - Be healthy every day","robots":{"index":"index","follow":"follow","max-snippet":"max-snippet:-1","max-image-preview":"max-image-preview:large","max-video-preview":"max-video-preview:-1"},"canonical":"https:\/\/sanmiraspa.com\/en\/dat-lich-online\/","og_locale":"en_US","og_type":"article","og_title":"Online Booking - San Mira - Be healthy every day","og_url":"https:\/\/sanmiraspa.com\/en\/dat-lich-online\/","og_site_name":"San Mira - Be healthy every day","article_modified_time":"2023-08-09T10:10:15+00:00","og_image":[{"width":1536,"height":2048,"url":"https:\/\/sanmiraspa.com\/en\/wp-content\/uploads\/2022\/11\/z3904968482749_0d75db5501814e6338c0f37835c60594-1.jpg","type":"image\/jpeg"}],"twitter_card":"summary_large_image","twitter_misc":{"Est. reading time":"1 minute"},"schema":{"@context":"https:\/\/schema.org","@graph":[{"@type":"WebPage","@id":"https:\/\/sanmiraspa.com\/en\/dat-lich-online\/","url":"https:\/\/sanmiraspa.com\/en\/dat-lich-online\/","name":"Online Booking - San Mira - Be healthy every day","isPartOf":{"@id":"https:\/\/sanmiraspa.com\/en\/#website"},"datePublished":"2022-11-12T02:11:05+00:00","dateModified":"2023-08-09T10:10:15+00:00","breadcrumb":{"@id":"https:\/\/sanmiraspa.com\/en\/dat-lich-online\/#breadcrumb"},"inLanguage":"en-US","potentialAction":[{"@type":"ReadAction","target":["https:\/\/sanmiraspa.com\/en\/dat-lich-online\/"]}]},{"@type":"BreadcrumbList","@id":"https:\/\/sanmiraspa.com\/en\/dat-lich-online\/#breadcrumb","itemListElement":[{"@type":"ListItem","position":1,"name":"Home","item":"https:\/\/sanmiraspa.com\/en\/"},{"@type":"ListItem","position":2,"name":"Online Booking"}]},{"@type":"WebSite","@id":"https:\/\/sanmiraspa.com\/en\/#website","url":"https:\/\/sanmiraspa.com\/en\/","name":"San Mira - Be healthy every day","description":"Be healthy every day","potentialAction":[{"@type":"SearchAction","target":{"@type":"EntryPoint","urlTemplate":"https:\/\/sanmiraspa.com\/en\/?s={search_term_string}"},"query-input":"required name=search_term_string"}],"inLanguage":"en-US"}]}},"_links":{"self":[{"href":"https:\/\/sanmiraspa.com\/en\/wp-json\/wp\/v2\/pages\/31"}],"collection":[{"href":"https:\/\/sanmiraspa.com\/en\/wp-json\/wp\/v2\/pages"}],"about":[{"href":"https:\/\/sanmiraspa.com\/en\/wp-json\/wp\/v2\/types\/page"}],"author":[{"embeddable":true,"href":"https:\/\/sanmiraspa.com\/en\/wp-json\/wp\/v2\/users\/1"}],"replies":[{"embeddable":true,"href":"https:\/\/sanmiraspa.com\/en\/wp-json\/wp\/v2\/comments?post=31"}],"version-history":[{"count":0,"href":"https:\/\/sanmiraspa.com\/en\/wp-json\/wp\/v2\/pages\/31\/revisions"}],"wp:featuredmedia":[{"embeddable":true,"href":"https:\/\/sanmiraspa.com\/en\/wp-json\/wp\/v2\/media\/510"}],"wp:attachment":[{"href":"https:\/\/sanmiraspa.com\/en\/wp-json\/wp\/v2\/media?parent=31"}],"curies":[{"name":"wp","href":"https:\/\/api.w.org\/{rel}","templated":true}]}}